{"id":579,"date":"2021-04-09T07:12:22","date_gmt":"2021-04-09T07:12:22","guid":{"rendered":"https:\/\/wildnews.co\/?page_id=579"},"modified":"2021-04-24T19:47:09","modified_gmt":"2021-04-24T19:47:09","slug":"platform","status":"publish","type":"page","link":"https:\/\/wildnews.co\/de\/platform\/","title":{"rendered":"Die Plattform"},"content":{"rendered":"<div data-elementor-type=\"wp-page\" data-elementor-id=\"579\" class=\"elementor elementor-579\" data-elementor-post-type=\"page\">\n\t\t\t\t\t\t\t\t\t<section class=\"elementor-section elementor-top-section elementor-element elementor-element-1292f856 elementor-section-content-middle elementor-section-full_width elementor-section-height-default elementor-section-height-default\" data-id=\"1292f856\" data-element_type=\"section\" data-settings=\"{&quot;background_background&quot;:&quot;classic&quot;}\">\n\t\t\t\t\t\t<div class=\"elementor-container elementor-column-gap-default\">\n\t\t\t\t\t<div class=\"elementor-column elementor-col-100 elementor-top-column elementor-element elementor-element-668a3c1\" data-id=\"668a3c1\" data-element_type=\"column\" data-settings=\"{&quot;background_background&quot;:&quot;classic&quot;}\">\n\t\t\t<div class=\"elementor-widget-wrap elementor-element-populated\">\n\t\t\t\t\t\t\t\t<div class=\"elementor-element elementor-element-16c26226 elementor-widget elementor-widget-text-editor\" data-id=\"16c26226\" data-element_type=\"widget\" data-widget_type=\"text-editor.default\">\n\t\t\t\t<div class=\"elementor-widget-container\">\n\t\t\t\t\t\t\t<p>Wilde Nachrichten<\/p>\t\t\t\t\t\t<\/div>\n\t\t\t\t<\/div>\n\t\t\t\t\t<\/div>\n\t\t<\/div>\n\t\t\t\t\t\t\t<\/div>\n\t\t<\/section>\n\t\t\t\t<section class=\"elementor-section elementor-top-section elementor-element elementor-element-145fada6 elementor-section-content-top elementor-section-boxed elementor-section-height-default elementor-section-height-default\" data-id=\"145fada6\" data-element_type=\"section\" data-settings=\"{&quot;background_background&quot;:&quot;classic&quot;}\">\n\t\t\t\t\t\t<div class=\"elementor-container elementor-column-gap-no\">\n\t\t\t\t\t<div class=\"elementor-column elementor-col-100 elementor-top-column elementor-element elementor-element-6cd1408c\" data-id=\"6cd1408c\" data-element_type=\"column\">\n\t\t\t<div class=\"elementor-widget-wrap elementor-element-populated\">\n\t\t\t\t\t\t\t\t<section class=\"elementor-section elementor-inner-section elementor-element elementor-element-570a3a7b elementor-section-content-middle elementor-section-boxed elementor-section-height-default elementor-section-height-default\" data-id=\"570a3a7b\" data-element_type=\"section\">\n\t\t\t\t\t\t<div class=\"elementor-container elementor-column-gap-default\">\n\t\t\t\t\t<div class=\"elementor-column elementor-col-100 elementor-inner-column elementor-element elementor-element-5e32051d\" data-id=\"5e32051d\" data-element_type=\"column\">\n\t\t\t<div class=\"elementor-widget-wrap\">\n\t\t\t\t\t\t\t\t\t<\/div>\n\t\t<\/div>\n\t\t\t\t\t\t\t<\/div>\n\t\t<\/section>\n\t\t\t\t\t<\/div>\n\t\t<\/div>\n\t\t\t\t\t\t\t<\/div>\n\t\t<\/section>\n\t\t\t\t<section class=\"elementor-section elementor-top-section elementor-element elementor-element-5c0da0d1 elementor-section-boxed elementor-section-height-default elementor-section-height-default\" data-id=\"5c0da0d1\" data-element_type=\"section\" data-settings=\"{&quot;background_background&quot;:&quot;classic&quot;}\">\n\t\t\t\t\t\t<div class=\"elementor-container elementor-column-gap-default\">\n\t\t\t\t\t<div class=\"elementor-column elementor-col-100 elementor-top-column elementor-element elementor-element-3509af61\" data-id=\"3509af61\" data-element_type=\"column\" data-settings=\"{&quot;background_background&quot;:&quot;classic&quot;}\">\n\t\t\t<div class=\"elementor-widget-wrap elementor-element-populated\">\n\t\t\t\t\t\t\t\t<div class=\"elementor-element elementor-element-ceb53ca animated-slow elementor-invisible elementor-widget elementor-widget-image\" data-id=\"ceb53ca\" data-element_type=\"widget\" data-settings=\"{&quot;_animation&quot;:&quot;zoomIn&quot;}\" data-widget_type=\"image.default\">\n\t\t\t\t<div class=\"elementor-widget-container\">\n\t\t\t\t\t\t\t\t\t\t\t\t\t\t\t<img loading=\"lazy\" decoding=\"async\" width=\"1024\" height=\"576\" src=\"https:\/\/wildnews.co\/wp-content\/uploads\/GQzS29Y2YrtMbsjCKF5JqB-1-1024x576.png\" class=\"attachment-large size-large wp-image-10130\" alt=\"\" srcset=\"https:\/\/wildnews.co\/wp-content\/uploads\/GQzS29Y2YrtMbsjCKF5JqB-1-1024x576.png 1024w, https:\/\/wildnews.co\/wp-content\/uploads\/GQzS29Y2YrtMbsjCKF5JqB-1-300x169.png 300w, https:\/\/wildnews.co\/wp-content\/uploads\/GQzS29Y2YrtMbsjCKF5JqB-1-768x432.png 768w, https:\/\/wildnews.co\/wp-content\/uploads\/GQzS29Y2YrtMbsjCKF5JqB-1-16x9.png 16w, https:\/\/wildnews.co\/wp-content\/uploads\/GQzS29Y2YrtMbsjCKF5JqB-1.png 1290w\" sizes=\"auto, (max-width: 1024px) 100vw, 1024px\" \/>\t\t\t\t\t\t\t\t\t\t\t\t\t\t\t<\/div>\n\t\t\t\t<\/div>\n\t\t\t\t<div class=\"elementor-element elementor-element-4e4d70cc elementor-invisible elementor-widget elementor-widget-heading\" data-id=\"4e4d70cc\" data-element_type=\"widget\" data-settings=\"{&quot;_animation&quot;:&quot;fadeIn&quot;}\" data-widget_type=\"heading.default\">\n\t\t\t\t<div class=\"elementor-widget-container\">\n\t\t\t<h2 class=\"elementor-heading-title elementor-size-default\">Die Wild News Plattform<\/h2>\t\t<\/div>\n\t\t\t\t<\/div>\n\t\t\t\t<div class=\"elementor-element elementor-element-7bc2afa4 elementor-invisible elementor-widget elementor-widget-heading\" data-id=\"7bc2afa4\" data-element_type=\"widget\" data-settings=\"{&quot;_animation&quot;:&quot;fadeIn&quot;,&quot;_animation_delay&quot;:0}\" data-widget_type=\"heading.default\">\n\t\t\t\t<div class=\"elementor-widget-container\">\n\t\t\t<h2 class=\"elementor-heading-title elementor-size-default\"><p>Wild News durchbricht die Grenzen der Kommunikation durch seine vereinheitlichende Plattform, die alle Stufen der Inhaltsverbreitung verbessert und kombiniert. Agenturen k\u00f6nnen nun ihr Design direkt auf Hologramme in verschiedenen St\u00e4dten \u00fcbertragen.<\/p>\n\n\n<p>Die Plattform erm\u00f6glicht das Erstellen und Verbreiten von Werbung in Rekordzeit. Durch das Ausschalten des Mittelsmannes gibt Wild News den Agenturen die vollst\u00e4ndige Kontrolle \u00fcber ihre holografische Kampagne.<\/p>\n\n\n<p>Durch einen unerm\u00fcdlichen Blick f\u00fcrs Detail haben wir den langen Prozess, eine Botschaft auf die Stra\u00dfe zu bringen, optimiert. Wir haben die f\u00fcr die Verbreitung von Inhalten auf der Stra\u00dfe erforderliche Ver\u00e4nderung von Monaten in Minuten erreicht. Wir haben dies m\u00f6glich gemacht, indem wir alle Hindernisse, die mit dem Stra\u00dfenmarketing zusammenh\u00e4ngen, in Betracht gezogen haben. Ein komplettes und angepasstes Auswahltool erm\u00f6glicht die Auswahl der relevantesten Ger\u00e4te im Hinblick auf Ihre Kampagne.<\/p><\/h2>\t\t<\/div>\n\t\t\t\t<\/div>\n\t\t\t\t<div class=\"elementor-element elementor-element-13110d7 elementor-align-center elementor-widget elementor-widget-button\" data-id=\"13110d7\" data-element_type=\"widget\" data-widget_type=\"button.default\">\n\t\t\t\t<div class=\"elementor-widget-container\">\n\t\t\t\t\t<div class=\"elementor-button-wrapper\">\n\t\t\t<a class=\"elementor-button elementor-button-link elementor-size-xl\" href=\"https:\/\/wildnews.co\/de\/holograms-technology\/\">\n\t\t\t\t\t\t<span class=\"elementor-button-content-wrapper\">\n\t\t\t\t\t\t<span class=\"elementor-button-icon elementor-align-icon-left\">\n\t\t\t\t<i aria-hidden=\"true\" class=\"fas fa-arrow-alt-circle-right\"><\/i>\t\t\t<\/span>\n\t\t\t\t\t\t<span class=\"elementor-button-text\">sich uns anschlie\u00dfen<\/span>\n\t\t<\/span>\n\t\t\t\t\t<\/a>\n\t\t<\/div>\n\t\t\t\t<\/div>\n\t\t\t\t<\/div>\n\t\t\t\t\t<\/div>\n\t\t<\/div>\n\t\t\t\t\t\t\t<\/div>\n\t\t<\/section>\n\t\t\t\t<section class=\"elementor-section elementor-top-section elementor-element elementor-element-22c0712c elementor-section-content-middle elementor-section-boxed elementor-section-height-default elementor-section-height-default\" data-id=\"22c0712c\" data-element_type=\"section\" data-settings=\"{&quot;background_background&quot;:&quot;classic&quot;}\">\n\t\t\t\t\t\t\t<div class=\"elementor-background-overlay\"><\/div>\n\t\t\t\t\t\t\t<div class=\"elementor-container elementor-column-gap-no\">\n\t\t\t\t\t<div class=\"elementor-column elementor-col-50 elementor-top-column elementor-element elementor-element-6af11acb\" data-id=\"6af11acb\" data-element_type=\"column\">\n\t\t\t<div class=\"elementor-widget-wrap elementor-element-populated\">\n\t\t\t\t\t\t\t\t<div class=\"elementor-element elementor-element-0e1ac8f elementor-widget elementor-widget-heading\" data-id=\"0e1ac8f\" data-element_type=\"widget\" data-widget_type=\"heading.default\">\n\t\t\t\t<div class=\"elementor-widget-container\">\n\t\t\t<h1 class=\"elementor-heading-title elementor-size-default\">Von revolution\u00e4rer Einfachheit <\/h1>\t\t<\/div>\n\t\t\t\t<\/div>\n\t\t\t\t<div class=\"elementor-element elementor-element-279ed92 elementor-widget elementor-widget-text-editor\" data-id=\"279ed92\" data-element_type=\"widget\" data-widget_type=\"text-editor.default\">\n\t\t\t\t<div class=\"elementor-widget-container\">\n\t\t\t\t\t\t\t<p>Sobald das Formular ausgef\u00fcllt ist, werden wir Ihren Antrag pr\u00fcfen und Ihnen Ihren Zugangsschl\u00fcssel mitteilen. Sie k\u00f6nnen dann Ihre erste Kampagne mit Wild News starten.<\/p><p>Sobald Sie die Best\u00e4tigungs-E-Mail und die Anmeldung erhalten haben, k\u00f6nnen Sie Ihr Passwort erstellen und sich auf der Plattform anmelden. Anschlie\u00dfend m\u00fcssen Sie nur noch die Microsoft-Konten Ihres Teams verbinden, um ihnen den Zugang zu gew\u00e4hren.<\/p><p>Sie k\u00f6nnen dann Ihre Kunden hinzuf\u00fcgen, indem Sie den Namen des Unternehmens, seine Adresse und sein Logo eingeben. Danach k\u00f6nnen Sie das Video, das Sie senden m\u00f6chten, hochladen. Wenn Sie kein Bildmaterial haben, k\u00f6nnen Sie das mit der Plattform verbundene Online-3D-Studio nutzen und sofort holografische Bilder aus Ihrem Logo generieren.<\/p><p>Schlie\u00dflich k\u00f6nnen Sie \u00fcber den Abschnitt \"Angebote\" die Platzierung Ihrer Hologramme \u00fcber das Lokalisierungstool ausw\u00e4hlen und so die Platzierung Ihrer Inhalte optimieren. Anschlie\u00dfend erhalten Sie ein Angebot und k\u00f6nnen per Bank\u00fcberweisung oder online in der W\u00e4hrung Ihrer Wahl bezahlen.<\/p>\t\t\t\t\t\t<\/div>\n\t\t\t\t<\/div>\n\t\t\t\t\t<\/div>\n\t\t<\/div>\n\t\t\t\t<div class=\"elementor-column elementor-col-50 elementor-top-column elementor-element elementor-element-262fc37b\" data-id=\"262fc37b\" data-element_type=\"column\">\n\t\t\t<div class=\"elementor-widget-wrap elementor-element-populated\">\n\t\t\t\t\t\t\t\t<div class=\"elementor-element elementor-element-5c7c92b0 elementor-invisible elementor-widget elementor-widget-image\" data-id=\"5c7c92b0\" data-element_type=\"widget\" data-settings=\"{&quot;_animation&quot;:&quot;fadeInRight&quot;}\" data-widget_type=\"image.default\">\n\t\t\t\t<div class=\"elementor-widget-container\">\n\t\t\t\t\t\t\t\t\t\t\t\t\t\t\t<img loading=\"lazy\" decoding=\"async\" width=\"1067\" height=\"800\" src=\"https:\/\/wildnews.co\/wp-content\/uploads\/Sans-titre-322.png\" class=\"attachment-full size-full wp-image-584\" alt=\"\" srcset=\"https:\/\/wildnews.co\/wp-content\/uploads\/Sans-titre-322.png 1067w, https:\/\/wildnews.co\/wp-content\/uploads\/Sans-titre-322-300x225.png 300w, https:\/\/wildnews.co\/wp-content\/uploads\/Sans-titre-322-1024x768.png 1024w, https:\/\/wildnews.co\/wp-content\/uploads\/Sans-titre-322-768x576.png 768w, https:\/\/wildnews.co\/wp-content\/uploads\/Sans-titre-322-16x12.png 16w\" sizes=\"auto, (max-width: 1067px) 100vw, 1067px\" \/>\t\t\t\t\t\t\t\t\t\t\t\t\t\t\t<\/div>\n\t\t\t\t<\/div>\n\t\t\t\t\t<\/div>\n\t\t<\/div>\n\t\t\t\t\t\t\t<\/div>\n\t\t<\/section>\n\t\t\t\t\t\t\t<\/div>","protected":false},"excerpt":{"rendered":"<p>Wild news The Wild News Platform Wild News cuts communication boundaries through its unifying platform, enhancing and combining all the content diffusion stages. Agencies can now transfer their design directly on to holograms across cities. The platform allows the creation and diffusion of publicity in record time. In deleting the middle-man, Wild News gives the &#8230; <a title=\"Die Plattform\" class=\"read-more\" href=\"https:\/\/wildnews.co\/de\/platform\/\" aria-label=\"Mehr dazu unter The Platform\">Weiterlesen<\/a><\/p>","protected":false},"author":1,"featured_media":0,"parent":0,"menu_order":10,"comment_status":"closed","ping_status":"closed","template":"elementor_header_footer","meta":{"footnotes":""},"class_list":["post-579","page","type-page","status-publish"],"_links":{"self":[{"href":"https:\/\/wildnews.co\/de\/wp-json\/wp\/v2\/pages\/579","targetHints":{"allow":["GET"]}}],"collection":[{"href":"https:\/\/wildnews.co\/de\/wp-json\/wp\/v2\/pages"}],"about":[{"href":"https:\/\/wildnews.co\/de\/wp-json\/wp\/v2\/types\/page"}],"author":[{"embeddable":true,"href":"https:\/\/wildnews.co\/de\/wp-json\/wp\/v2\/users\/1"}],"replies":[{"embeddable":true,"href":"https:\/\/wildnews.co\/de\/wp-json\/wp\/v2\/comments?post=579"}],"version-history":[{"count":0,"href":"https:\/\/wildnews.co\/de\/wp-json\/wp\/v2\/pages\/579\/revisions"}],"wp:attachment":[{"href":"https:\/\/wildnews.co\/de\/wp-json\/wp\/v2\/media?parent=579"}],"curies":[{"name":"wp","href":"https:\/\/api.w.org\/{rel}","templated":true}]}}