{"id":9598,"date":"2021-04-09T10:20:10","date_gmt":"2021-04-09T10:20:10","guid":{"rendered":"https:\/\/wildnews.co\/?page_id=9598"},"modified":"2021-04-09T16:58:55","modified_gmt":"2021-04-09T16:58:55","slug":"disclaimer","status":"publish","type":"page","link":"https:\/\/wildnews.co\/de\/disclaimer\/","title":{"rendered":"Haftungsausschluss"},"content":{"rendered":"<div data-elementor-type=\"wp-page\" data-elementor-id=\"9598\" class=\"elementor elementor-9598\" data-elementor-post-type=\"page\">\n\t\t\t\t\t\t\t\t\t<section class=\"elementor-section elementor-top-section elementor-element elementor-element-76eae8c6 elementor-section-boxed elementor-section-height-default elementor-section-height-default\" data-id=\"76eae8c6\" data-element_type=\"section\">\n\t\t\t\t\t\t<div class=\"elementor-container elementor-column-gap-default\">\n\t\t\t\t\t<div class=\"elementor-column elementor-col-100 elementor-top-column elementor-element elementor-element-6137f57\" data-id=\"6137f57\" data-element_type=\"column\">\n\t\t\t<div class=\"elementor-widget-wrap elementor-element-populated\">\n\t\t\t\t\t\t\t\t<div class=\"elementor-element elementor-element-1367068a elementor-widget elementor-widget-heading\" data-id=\"1367068a\" data-element_type=\"widget\" data-widget_type=\"heading.default\">\n\t\t\t\t<div class=\"elementor-widget-container\">\n\t\t\t<h2 class=\"elementor-heading-title elementor-size-default\">Haftungsausschluss<\/h2>\t\t<\/div>\n\t\t\t\t<\/div>\n\t\t\t\t\t<\/div>\n\t\t<\/div>\n\t\t\t\t\t\t\t<\/div>\n\t\t<\/section>\n\t\t\t\t<section class=\"elementor-section elementor-top-section elementor-element elementor-element-3f0a942f elementor-section-boxed elementor-section-height-default elementor-section-height-default\" data-id=\"3f0a942f\" data-element_type=\"section\">\n\t\t\t\t\t\t<div class=\"elementor-container elementor-column-gap-default\">\n\t\t\t\t\t<div class=\"elementor-column elementor-col-100 elementor-top-column elementor-element elementor-element-343b88eb\" data-id=\"343b88eb\" data-element_type=\"column\">\n\t\t\t<div class=\"elementor-widget-wrap elementor-element-populated\">\n\t\t\t\t\t\t\t\t<div class=\"elementor-element elementor-element-13b33d36 elementor-widget elementor-widget-text-editor\" data-id=\"13b33d36\" data-element_type=\"widget\" data-widget_type=\"text-editor.default\">\n\t\t\t\t<div class=\"elementor-widget-container\">\n\t\t\t\t\t\t\t<p>Wir tun unser Bestes, um den Inhalt dieser Seite vorzubereiten. WILD NEWS CORPORATION kann jedoch keine Garantie f\u00fcr die Ausdr\u00fccke und Vorschl\u00e4ge der Inhalte sowie f\u00fcr deren Richtigkeit \u00fcbernehmen. Dar\u00fcber hinaus haftet WILD NEWS CORPORATION, soweit gesetzlich zul\u00e4ssig, nicht f\u00fcr Verluste und\/oder Sch\u00e4den, die durch die Nutzung der Informationen auf unserer Website entstehen.<\/p><p>Mit der Nutzung unserer Website erkl\u00e4ren Sie sich mit unserem Haftungsausschluss einverstanden und stimmen dessen Bedingungen zu.<\/p><p>Die auf unserer Website enthaltenen Links k\u00f6nnen zu externen Seiten f\u00fchren, die nur als Annehmlichkeit zur Verf\u00fcgung gestellt werden. Alle Informationen oder Aussagen, die auf diesen Seiten erscheinen, werden von WILD NEWS CORPORATION nicht gesponsert, gebilligt oder anderweitig genehmigt, und WILD NEWS CORPORATION kann nicht f\u00fcr die Verf\u00fcgbarkeit oder den Inhalt dieser externen Seiten verantwortlich gemacht werden. Au\u00dferdem kann WILD NEWS CORPORATION nicht f\u00fcr Verluste oder Sch\u00e4den verantwortlich gemacht werden, die durch die Nutzung dieser Inhalte oder des Internets im Allgemeinen entstehen.<\/p><p>Die Website und jeder Teil ihres Inhalts ist nicht als Quelle f\u00fcr Beratung oder rechtliche Analysen gedacht, und die auf dieser Website enthaltenen Informationen und\/oder Dokumente stellen keine Anlage- oder Rechtsberatung dar.<\/p>\t\t\t\t\t\t<\/div>\n\t\t\t\t<\/div>\n\t\t\t\t\t<\/div>\n\t\t<\/div>\n\t\t\t\t\t\t\t<\/div>\n\t\t<\/section>\n\t\t\t\t\t\t\t<\/div>","protected":false},"excerpt":{"rendered":"<p>We are doing our best to prepare the content of this site. However, WILD NEWS CORPORATION cannot warranty the expressions and suggestions of the contents, as well as its accuracy. In addition, to the extent permitted by the law, WILD NEWS CORPORATION shall not be responsible for any losses and\/or damages due to the usage &#8230; <a title=\"Haftungsausschluss\" class=\"read-more\" href=\"https:\/\/wildnews.co\/de\/disclaimer\/\" aria-label=\"Mehr dazu unter Disclaimer\">Weiterlesen<\/a><\/p>","protected":false},"author":1,"featured_media":0,"parent":0,"menu_order":90,"comment_status":"closed","ping_status":"closed","template":"elementor_header_footer","meta":{"footnotes":""},"class_list":["post-9598","page","type-page","status-publish"],"_links":{"self":[{"href":"https:\/\/wildnews.co\/de\/wp-json\/wp\/v2\/pages\/9598","targetHints":{"allow":["GET"]}}],"collection":[{"href":"https:\/\/wildnews.co\/de\/wp-json\/wp\/v2\/pages"}],"about":[{"href":"https:\/\/wildnews.co\/de\/wp-json\/wp\/v2\/types\/page"}],"author":[{"embeddable":true,"href":"https:\/\/wildnews.co\/de\/wp-json\/wp\/v2\/users\/1"}],"replies":[{"embeddable":true,"href":"https:\/\/wildnews.co\/de\/wp-json\/wp\/v2\/comments?post=9598"}],"version-history":[{"count":0,"href":"https:\/\/wildnews.co\/de\/wp-json\/wp\/v2\/pages\/9598\/revisions"}],"wp:attachment":[{"href":"https:\/\/wildnews.co\/de\/wp-json\/wp\/v2\/media?parent=9598"}],"curies":[{"name":"wp","href":"https:\/\/api.w.org\/{rel}","templated":true}]}}