{"id":9608,"date":"2021-04-09T10:27:27","date_gmt":"2021-04-09T10:27:27","guid":{"rendered":"https:\/\/wildnews.co\/?page_id=9608"},"modified":"2021-04-09T16:59:00","modified_gmt":"2021-04-09T16:59:00","slug":"privacy-policy","status":"publish","type":"page","link":"https:\/\/wildnews.co\/de\/privacy-policy\/","title":{"rendered":"Datenschutzrichtlinie"},"content":{"rendered":"<div data-elementor-type=\"wp-page\" data-elementor-id=\"9608\" class=\"elementor elementor-9608\" data-elementor-post-type=\"page\">\n\t\t\t\t\t\t\t\t\t<section class=\"elementor-section elementor-top-section elementor-element elementor-element-76eae8c6 elementor-section-boxed elementor-section-height-default elementor-section-height-default\" data-id=\"76eae8c6\" data-element_type=\"section\">\n\t\t\t\t\t\t<div class=\"elementor-container elementor-column-gap-default\">\n\t\t\t\t\t<div class=\"elementor-column elementor-col-100 elementor-top-column elementor-element elementor-element-6137f57\" data-id=\"6137f57\" data-element_type=\"column\">\n\t\t\t<div class=\"elementor-widget-wrap elementor-element-populated\">\n\t\t\t\t\t\t\t\t<div class=\"elementor-element elementor-element-1367068a elementor-widget elementor-widget-heading\" data-id=\"1367068a\" data-element_type=\"widget\" data-widget_type=\"heading.default\">\n\t\t\t\t<div class=\"elementor-widget-container\">\n\t\t\t<h2 class=\"elementor-heading-title elementor-size-default\">Datenschutzrichtlinie<\/h2>\t\t<\/div>\n\t\t\t\t<\/div>\n\t\t\t\t\t<\/div>\n\t\t<\/div>\n\t\t\t\t\t\t\t<\/div>\n\t\t<\/section>\n\t\t\t\t<section class=\"elementor-section elementor-top-section elementor-element elementor-element-30b05a0f elementor-section-boxed elementor-section-height-default elementor-section-height-default\" data-id=\"30b05a0f\" data-element_type=\"section\">\n\t\t\t\t\t\t<div class=\"elementor-container elementor-column-gap-default\">\n\t\t\t\t\t<div class=\"elementor-column elementor-col-100 elementor-top-column elementor-element elementor-element-64be7f6e\" data-id=\"64be7f6e\" data-element_type=\"column\">\n\t\t\t<div class=\"elementor-widget-wrap elementor-element-populated\">\n\t\t\t\t\t\t\t\t<div class=\"elementor-element elementor-element-6e73ec40 elementor-widget elementor-widget-text-editor\" data-id=\"6e73ec40\" data-element_type=\"widget\" data-widget_type=\"text-editor.default\">\n\t\t\t\t<div class=\"elementor-widget-container\">\n\t\t\t\t\t\t\t<p>WILD NEWS CORPORATION (\"uns\", \"wir\" oder \"unser\") betreibt den besagten \"Dienst\", bei dem es sich um die folgende Website handelt: https:\/\/wildnews.co<\/p><p>Diese Seite informiert Sie \u00fcber unsere Richtlinien bez\u00fcglich der Erfassung, Verwendung und Weitergabe personenbezogener Daten, wenn Sie unseren Service nutzen, sowie \u00fcber die Wahlm\u00f6glichkeiten, die Sie im Zusammenhang mit diesen Daten haben.<\/p><p>Wir verwenden Ihre Daten zur Bereitstellung und Verbesserung des Dienstes. Durch die Nutzung des Dienstes erkl\u00e4ren Sie sich mit der Erfassung und Verwendung von Informationen in \u00dcbereinstimmung mit dieser Richtlinie einverstanden. Sofern in dieser Datenschutzrichtlinie nicht anders definiert, haben die in dieser Datenschutzrichtlinie verwendeten Begriffe die gleiche Bedeutung wie in unseren Allgemeinen Gesch\u00e4ftsbedingungen, die unter https:\/\/wildnews.co abrufbar sind.<\/p><p><strong>DEFINITIONEN<\/strong><\/p><p><strong>Service<\/strong><\/p><p>Service ist die von der WILD NEWS CORPORATION betriebene Website https:\/\/wildnews.co.<\/p><p><strong>Pers\u00f6nliche Daten<\/strong><\/p><p>Personenbezogene Daten sind Daten \u00fcber eine lebende Person, die aus diesen Daten (oder aus diesen und anderen Informationen, die entweder in unserem Besitz sind oder in unseren Besitz gelangen k\u00f6nnen) identifiziert werden kann.<\/p><p><strong>Verwendungsdaten<\/strong><\/p><p>Nutzungsdaten sind automatisch erfasste Daten, die entweder durch die Nutzung des Dienstes oder von der Infrastruktur des Dienstes selbst erzeugt werden (z. B. die Dauer eines Seitenbesuchs).<\/p><p><strong>Cookies<\/strong><\/p><p>Cookies sind kleine Dateien, die auf Ihrem Ger\u00e4t (Computer oder Mobilger\u00e4t) gespeichert werden.<\/p><p><strong>Daten-Controller<\/strong><\/p><p>Datenverantwortlicher ist die nat\u00fcrliche oder juristische Person, die (entweder allein oder gemeinsam mit anderen Personen) \u00fcber die Zwecke und die Art und Weise der Verarbeitung personenbezogener Daten entscheidet.<\/p><p>F\u00fcr die Zwecke dieser Datenschutzrichtlinie sind wir ein Datenverantwortlicher f\u00fcr Ihre personenbezogenen Daten.<\/p><p><strong>Datenverarbeiter (oder Service-Provider)<\/strong><\/p><p>Datenverarbeiter (oder Dienstleister) ist jede nat\u00fcrliche oder juristische Person, die die Daten im Auftrag des Datenverantwortlichen verarbeitet.<\/p><p>Um Ihre Daten effektiver verarbeiten zu k\u00f6nnen, bedienen wir uns ggf. der Dienste verschiedener Service-Provider.<\/p><p><strong>Benutzer<\/strong><\/p><p>Datensubjekt ist jede lebende Person, die unseren Service nutzt und Gegenstand von personenbezogenen Daten ist.<\/p><p>\u00a0<\/p><p><strong>SAMMLUNG UND VERWENDUNG VON INFORMATIONEN<\/strong><\/p><p>Wir sammeln verschiedene Arten von Informationen zu unterschiedlichen Zwecken, um unseren Service f\u00fcr Sie bereitzustellen und zu verbessern.<\/p><p><strong>Arten von gesammelten Daten<\/strong><\/p><p><strong>Pers\u00f6nliche Daten<\/strong><\/p><p>W\u00e4hrend der Nutzung unseres Dienstes bitten wir Sie m\u00f6glicherweise, uns bestimmte personenbezogene Daten mitzuteilen, die dazu verwendet werden k\u00f6nnen, Sie zu kontaktieren oder zu identifizieren (\"personenbezogene Daten\"). Pers\u00f6nlich identifizierbare Daten k\u00f6nnen unter anderem sein:<\/p><p>E-Mail Adresse<\/p><p>Vorname und Nachname<\/p><p>Rufnummer<\/p><p>Adresse, Bundesland, Provinz, Postleitzahl, Ort<\/p><p>\u00a0<\/p><p><strong>Cookies und Nutzungsdaten<\/strong><\/p><p>Wir k\u00f6nnen Ihre pers\u00f6nlichen Daten verwenden, um Sie mit Newslettern, Marketing- oder Werbematerialien und anderen Informationen zu kontaktieren, die f\u00fcr Sie von Interesse sein k\u00f6nnten.<\/p><p>Sie k\u00f6nnen den Erhalt einzelner oder aller dieser Mitteilungen von uns abbestellen, indem Sie dem Abmeldelink oder den Anweisungen folgen, die in jeder von uns gesendeten E-Mail enthalten sind.<\/p><p>\u00a0<\/p><p><strong>Verwendungsdaten<\/strong><\/p><p>Wir k\u00f6nnen auch Informationen dar\u00fcber sammeln, wie auf den Dienst zugegriffen wird und wie er genutzt wird (\"Nutzungsdaten\"). Diese Nutzungsdaten k\u00f6nnen Informationen wie die Internetprotokolladresse Ihres Computers (z. B. IP-Adresse), den Browsertyp, die Browserversion, die von Ihnen besuchten Seiten unseres Dienstes, die Uhrzeit und das Datum Ihres Besuchs, die auf diesen Seiten verbrachte Zeit, eindeutige Ger\u00e4tekennungen und andere Diagnosedaten umfassen.<\/p><p>\u00a0<\/p><p><strong>Tracking &amp; Cookies Daten<\/strong><\/p><p>Wir verwenden Cookies und \u00e4hnliche Tracking-Technologien, um die Aktivit\u00e4ten auf unserem Service zu verfolgen, und wir speichern bestimmte Informationen.<\/p><p>Cookies sind Dateien mit einer kleinen Menge von Daten, die eine anonyme eindeutige Kennung enthalten k\u00f6nnen. Cookies werden von einer Website an Ihren Browser gesendet und auf Ihrem Ger\u00e4t gespeichert. Es werden auch andere Tracking-Technologien wie Beacons, Tags und Skripte verwendet, um Informationen zu sammeln und zu verfolgen und um unseren Service zu verbessern und zu analysieren.<\/p><p>Sie k\u00f6nnen Ihren Browser anweisen, alle Cookies abzulehnen oder anzuzeigen, wenn ein Cookie gesendet wird. Wenn Sie jedoch keine Cookies akzeptieren, k\u00f6nnen Sie m\u00f6glicherweise einige Teile unseres Dienstes nicht nutzen.<\/p><p>Beispiele f\u00fcr Cookies, die wir verwenden:<\/p><p>Sitzungs-Cookies. Wir verwenden Session-Cookies, um unseren Service zu betreiben.<\/p><p>Pr\u00e4ferenz-Cookies. Wir verwenden Pr\u00e4ferenz-Cookies, um Ihre Pr\u00e4ferenzen und verschiedene Einstellungen zu speichern.<\/p><p>Sicherheits-Cookies. Wir verwenden Security Cookies f\u00fcr Sicherheitszwecke.<\/p><p>\u00a0<\/p><p><strong>Verwendung von Daten<\/strong><\/p><p>Die WILD NEWS CORPORATION verwendet die gesammelten Daten f\u00fcr verschiedene Zwecke:<\/p><ul><li>Zur Bereitstellung und Aufrechterhaltung unseres Dienstes<\/li><li>Um Sie \u00fcber \u00c4nderungen an unserem Service zu informieren<\/li><li>Um Ihnen die Teilnahme an interaktiven Funktionen unseres Dienstes zu erm\u00f6glichen, wenn Sie dies w\u00fcnschen<\/li><li>Zur Unterst\u00fctzung der Kunden<\/li><li>Um Analysen oder wertvolle Informationen zu sammeln, damit wir unseren Service verbessern k\u00f6nnen<\/li><li>Um die Nutzung unseres Dienstes zu \u00fcberwachen<\/li><li>Um technische Probleme zu erkennen, zu verhindern und zu beheben<\/li><li>Um Sie mit Neuigkeiten, Sonderangeboten und allgemeinen Informationen \u00fcber andere Waren, Dienstleistungen und Veranstaltungen zu versorgen, die wir anbieten und die denen \u00e4hnlich sind, die Sie bereits gekauft oder angefragt haben, es sei denn, Sie haben sich gegen den Erhalt solcher Informationen entschieden<\/li><\/ul><p>\u00a0<\/p><p><strong>Rechtsgrundlage f\u00fcr die Verarbeitung personenbezogener Daten gem\u00e4\u00df der Allgemeinen Datenschutzverordnung (GDPR)<\/strong><\/p><p>Wenn Sie aus dem Europ\u00e4ischen Wirtschaftsraum (EWR) kommen, h\u00e4ngt die Rechtsgrundlage der WILD NEWS CORPORATION f\u00fcr die Erhebung und Nutzung der in dieser Datenschutzerkl\u00e4rung beschriebenen personenbezogenen Daten von den personenbezogenen Daten ab, die wir erheben, und von dem spezifischen Kontext, in dem wir sie erheben.<\/p><p>WILD NEWS CORPORATION kann Ihre pers\u00f6nlichen Daten verarbeiten, weil:<\/p><ul><li>Wir m\u00fcssen einen Vertrag mit Ihnen erf\u00fcllen<\/li><li>Sie haben uns die Erlaubnis dazu gegeben<\/li><li>Die Verarbeitung erfolgt in unserem berechtigten Interesse und wird nicht durch Ihre Rechte \u00fcberlagert<\/li><li>F\u00fcr Zwecke der Zahlungsabwicklung<\/li><li>Um dem Gesetz zu entsprechen<\/li><\/ul><p>\u00a0<\/p><p><strong>Aufbewahrung von Daten<\/strong><\/p><p>Die WILD NEWS CORPORATION speichert Ihre personenbezogenen Daten nur so lange, wie es f\u00fcr die in dieser Datenschutzrichtlinie genannten Zwecke erforderlich ist. Wir werden Ihre personenbezogenen Daten in dem Umfang aufbewahren und verwenden, der erforderlich ist, um unseren rechtlichen Verpflichtungen nachzukommen (z. B. wenn wir Ihre Daten aufbewahren m\u00fcssen, um geltende Gesetze einzuhalten), Streitigkeiten beizulegen und unsere rechtlichen Vereinbarungen und Richtlinien durchzusetzen.<\/p><p>WILD NEWS CORPORATION WITHOUT BORDERS FEDERATION wird Nutzungsdaten auch f\u00fcr interne Analysezwecke aufbewahren. Nutzungsdaten werden in der Regel f\u00fcr einen k\u00fcrzeren Zeitraum aufbewahrt, es sei denn, diese Daten werden verwendet, um die Sicherheit oder die Funktionalit\u00e4t unseres Dienstes zu verbessern, oder wir sind gesetzlich verpflichtet, diese Daten f\u00fcr l\u00e4ngere Zeitr\u00e4ume aufzubewahren.<\/p><p>\u00a0<\/p><p><strong>\u00dcbertragung von Daten<\/strong><\/p><p>Ihre Informationen, einschlie\u00dflich personenbezogener Daten, k\u00f6nnen an Computer au\u00dferhalb Ihres Staates, Ihrer Provinz, Ihres Landes oder einer anderen staatlichen Gerichtsbarkeit, in der sich die Datenschutzgesetze von denen Ihrer Gerichtsbarkeit unterscheiden k\u00f6nnen, \u00fcbertragen und dort verwaltet werden.<\/p><p>Wenn Sie sich au\u00dferhalb der Schweiz befinden und uns Informationen zur Verf\u00fcgung stellen, beachten Sie bitte, dass wir die Daten, einschlie\u00dflich personenbezogener Daten, in die Schweiz \u00fcbertragen und dort verarbeiten.<\/p><p>Ihre Zustimmung zu dieser Datenschutzrichtlinie, gefolgt von Ihrer \u00dcbermittlung solcher Informationen, stellt Ihre Zustimmung zu dieser \u00dcbertragung dar.<\/p><p>WILD NEWS CORPORATION wird alle angemessenen Schritte unternehmen, um sicherzustellen, dass Ihre Daten sicher und in \u00dcbereinstimmung mit dieser Datenschutzrichtlinie behandelt werden, und es wird keine \u00dcbertragung Ihrer pers\u00f6nlichen Daten an eine Organisation oder ein Land stattfinden, es sei denn, es sind angemessene Kontrollen vorhanden, die die Sicherheit Ihrer Daten und anderer pers\u00f6nlicher Informationen einschlie\u00dfen.<\/p><p><strong>Offenlegung von Daten<\/strong><\/p><p><strong>Gesch\u00e4ftsvorfall<\/strong><\/p><p>Wenn die WILD NEWS CORPORATION an einer Fusion, einer \u00dcbernahme oder einem Verkauf von Verm\u00f6genswerten beteiligt ist, k\u00f6nnen Ihre personenbezogenen Daten \u00fcbertragen werden. Wir werden Sie dar\u00fcber informieren, bevor Ihre pers\u00f6nlichen Daten \u00fcbertragen werden und einer anderen Datenschutzrichtlinie unterliegen.<\/p><p><strong>Offenlegung f\u00fcr Strafverfolgungsbeh\u00f6rden<\/strong><\/p><p>Unter bestimmten Umst\u00e4nden kann WILD NEWS CORPORATION verpflichtet sein, Ihre pers\u00f6nlichen Daten offenzulegen, wenn dies gesetzlich vorgeschrieben ist oder als Reaktion auf<\/p><p>auf berechtigte Anfragen von Beh\u00f6rden (z. B. eines Gerichts oder einer Regierungsbeh\u00f6rde).<\/p><p><strong>Gesetzliche Anforderungen<\/strong><\/p><p>WILD NEWS CORPORATION kann Ihre pers\u00f6nlichen Daten in dem guten Glauben offenlegen, dass eine solche Handlung notwendig ist, um:<\/p><ul><li>Um einer gesetzlichen Verpflichtung nachzukommen<\/li><li>Zum Schutz und zur Verteidigung der Rechte oder des Eigentums von WILD NEWS CORPORATION<\/li><li>Um m\u00f6gliches Fehlverhalten in Verbindung mit dem Dienst zu verhindern oder zu untersuchen<\/li><li>Zum Schutz der pers\u00f6nlichen Sicherheit von Benutzern des Dienstes oder der \u00d6ffentlichkeit<\/li><li>Zum Schutz vor gesetzlicher Haftung<\/li><\/ul><p><strong>Sicherheit der Daten<\/strong><\/p><p>Die Sicherheit Ihrer Daten ist uns wichtig, aber denken Sie daran, dass keine Methode der \u00dcbertragung \u00fcber das Internet oder Methode der elektronischen Speicherung 100% sicher ist. Obwohl wir uns bem\u00fchen, kommerziell akzeptable Mittel zum Schutz Ihrer pers\u00f6nlichen Daten einzusetzen, k\u00f6nnen wir deren absolute Sicherheit nicht garantieren.<\/p><p>Unsere Richtlinie zu \"Do Not Track\"-Signalen gem\u00e4\u00df dem California Online Protection Act (CalOPPA)<\/p><p>Wir unterst\u00fctzen Do Not Track (\"DNT\") nicht. Do Not Track ist eine Einstellung, die Sie in Ihrem Webbrowser vornehmen k\u00f6nnen, um Websites mitzuteilen, dass Sie nicht verfolgt werden m\u00f6chten. Sie k\u00f6nnen \"Do Not Track\" aktivieren oder deaktivieren, indem Sie die Seite \"Pr\u00e4ferenzen\" oder \"Einstellungen\" Ihres Webbrowsers besuchen.<\/p><p><strong>Ihre Datenschutzrechte unter der General Data Protection Regulation (GDPR)<\/strong><\/p><p>Wenn Sie im Europ\u00e4ischen Wirtschaftsraum (EWR) ans\u00e4ssig sind, haben Sie bestimmte Datenschutzrechte. WILD NEWS CORPORATION ist bestrebt, angemessene Schritte zu unternehmen, um Ihnen die Berichtigung, Erg\u00e4nzung, L\u00f6schung oder Einschr\u00e4nkung der Nutzung Ihrer personenbezogenen Daten zu erm\u00f6glichen.<\/p><p>Wenn Sie dar\u00fcber informiert werden m\u00f6chten, welche pers\u00f6nlichen Daten wir \u00fcber Sie gespeichert haben und wenn Sie m\u00f6chten, dass diese aus unseren Systemen entfernt werden, kontaktieren Sie uns bitte.<\/p><p>Unter bestimmten Umst\u00e4nden haben Sie die folgenden Datenschutzrechte:<\/p><p>Das Recht auf Zugang, Aktualisierung oder L\u00f6schung der Informationen, die wir \u00fcber Sie haben. Wann immer es m\u00f6glich ist, k\u00f6nnen Sie direkt im Bereich Ihrer Kontoeinstellungen auf Ihre pers\u00f6nlichen Daten zugreifen, sie aktualisieren oder deren L\u00f6schung beantragen. Wenn Sie nicht in der Lage sind, diese Aktionen selbst durchzuf\u00fchren, kontaktieren Sie uns bitte, um Ihnen zu helfen.<\/p><p>Das Recht auf Berichtigung. Sie haben das Recht, Ihre Daten berichtigen zu lassen, wenn diese Daten ungenau oder unvollst\u00e4ndig sind.<\/p><p>Das Recht auf Widerspruch. Sie haben das Recht, der Verarbeitung Ihrer personenbezogenen Daten durch uns zu widersprechen.<\/p><p>Das Recht auf Einschr\u00e4nkung. Sie haben das Recht zu verlangen, dass wir die Verarbeitung Ihrer personenbezogenen Daten einschr\u00e4nken.<\/p><p>Das Recht auf Daten\u00fcbertragbarkeit. Sie haben das Recht, eine Kopie der Informationen, die wir \u00fcber Sie haben, in einem strukturierten, maschinenlesbaren und allgemein gebr\u00e4uchlichen Format zu erhalten.<\/p><p>Das Recht auf Widerruf der Einwilligung. Sie haben auch das Recht, Ihre Zustimmung jederzeit zu widerrufen, wenn WILD NEWS CORPORATION sich auf Ihre Zustimmung zur Verarbeitung Ihrer pers\u00f6nlichen Daten verlassen hat.<\/p><p>Bitte beachten Sie, dass wir Sie m\u00f6glicherweise auffordern, Ihre Identit\u00e4t zu verifizieren, bevor wir auf solche Anfragen reagieren.<\/p><p>Sie haben das Recht, sich bei einer Datenschutzbeh\u00f6rde \u00fcber die Erhebung und Verwendung Ihrer personenbezogenen Daten durch uns zu beschweren. F\u00fcr weitere Informationen wenden Sie sich bitte an Ihre lokale Datenschutzbeh\u00f6rde im Europ\u00e4ischen Wirtschaftsraum (EWR).<\/p><p><strong>Gesch\u00e4ftsvorfall<\/strong><\/p><p>Wenn die WILD NEWS CORPORATION an einer Fusion, einer \u00dcbernahme oder einem Verkauf von Verm\u00f6genswerten beteiligt ist, k\u00f6nnen Ihre personenbezogenen Daten \u00fcbertragen werden. Wir werden Sie dar\u00fcber informieren, bevor Ihre pers\u00f6nlichen Daten \u00fcbertragen werden und einer anderen Datenschutzrichtlinie unterliegen.<\/p><p><strong>Offenlegung f\u00fcr Strafverfolgungsbeh\u00f6rden<\/strong><\/p><p>Unter bestimmten Umst\u00e4nden kann WILD NEWS CORPORATION verpflichtet sein, Ihre pers\u00f6nlichen Daten offenzulegen, wenn dies gesetzlich vorgeschrieben ist oder als Reaktion auf<\/p><p>auf berechtigte Anfragen von Beh\u00f6rden (z. B. eines Gerichts oder einer Regierungsbeh\u00f6rde).<\/p><p><strong>DIENSTANBIETER<\/strong><\/p><p>Wir k\u00f6nnen Drittunternehmen und Einzelpersonen damit beauftragen, unseren Dienst zu erm\u00f6glichen (\"Dienstanbieter\"), den Dienst in unserem Namen bereitzustellen, dienstbezogene Dienstleistungen zu erbringen oder uns bei der Analyse der Nutzung unseres Dienstes zu unterst\u00fctzen.<\/p><p>Diese Dritten haben nur Zugang zu Ihren pers\u00f6nlichen Daten, um diese Aufgaben in unserem Auftrag zu erf\u00fcllen, und sind verpflichtet, sie nicht weiterzugeben oder f\u00fcr andere Zwecke zu verwenden.<\/p><p><strong>ANALYTIK<\/strong><\/p><p>Wir k\u00f6nnen Drittanbieter einsetzen, um die Nutzung unseres Dienstes zu \u00fcberwachen und zu analysieren.<\/p><p><strong>Google Analytics<\/strong><\/p><p>Google Analytics ist ein von Google angebotener Webanalysedienst, der den Website-Verkehr verfolgt und berichtet. Google verwendet die gesammelten Daten, um die Nutzung unseres Dienstes zu verfolgen und zu \u00fcberwachen. Diese Daten werden mit anderen Google-Diensten geteilt. Google kann die gesammelten Daten verwenden, um die Anzeigen des eigenen Werbenetzwerks zu kontextualisieren und zu personalisieren. Sie k\u00f6nnen sich dagegen wehren, dass Ihre Aktivit\u00e4ten auf dem Service Google Analytics zur Verf\u00fcgung gestellt werden, indem Sie das Google Analytics Opt-Out Browser-Add-on installieren. Das Add-on verhindert, dass das Google Analytics-JavaScript (ga.js, analytics.js und dc.js) Informationen \u00fcber die Besuchsaktivit\u00e4ten mit Google Analytics austauscht.<\/p><p>Weitere Informationen zu den Datenschutzpraktiken von Google finden Sie auf der Webseite zu Datenschutz und Nutzungsbedingungen von Google: <a href=\"https:\/\/policies.google.com\/privacy?hl=en\">https:\/\/policies.google.com\/privacy?hl=en<\/a><\/p><p><strong>Zahlungen<\/strong><\/p><p>Wir k\u00f6nnen bezahlte Produkte und\/oder Dienstleistungen innerhalb des Dienstes anbieten. In diesem Fall nutzen wir Dienste Dritter f\u00fcr die Zahlungsabwicklung (z. B. Zahlungsprozessoren).<\/p><p>Wir werden Ihre Zahlungskartendaten nicht speichern oder sammeln. Diese Informationen werden direkt an unsere Drittanbieter-Zahlungsabwickler weitergegeben, deren Verwendung Ihrer pers\u00f6nlichen Daten durch deren Datenschutzrichtlinien geregelt ist. Diese Zahlungsabwickler halten sich an die vom PCI-DSS festgelegten Standards, die vom PCI Security Standards Council verwaltet werden, einem Gemeinschaftsprojekt von Marken wie Visa, MasterCard, American Express und Discover. Die PCI-DSS-Anforderungen tragen dazu bei, die sichere Handhabung von Zahlungsinformationen zu gew\u00e4hrleisten. Wir verwenden m\u00f6glicherweise eine Reihe verschiedener Anbieter von Zahlungsl\u00f6sungen wie Paypal, Postfinance, Stripe und andere. Wir laden die Benutzer ein, die jeweiligen Datenschutzrichtlinien zu lesen.<\/p><p><strong>Links zu anderen Seiten<\/strong><\/p><p>Unser Service kann Links zu anderen Websites enthalten, die nicht von uns betrieben werden. Wenn Sie auf einen Link eines Drittanbieters klicken, werden Sie auf die Seite dieses Drittanbieters weitergeleitet. Wir empfehlen Ihnen dringend, die Datenschutzrichtlinien jeder Seite, die Sie besuchen, zu \u00fcberpr\u00fcfen. Wir haben keine Kontrolle \u00fcber und \u00fcbernehmen keine Verantwortung f\u00fcr den Inhalt, die Datenschutzrichtlinien oder Praktiken von Websites oder Diensten Dritter.<\/p><p><strong>PRIVATSPH\u00c4RE VON KINDERN<\/strong><\/p><p>Unser Service richtet sich nicht an Personen unter 18 Jahren (\"Kinder\").<\/p><p>Wir sammeln nicht wissentlich personenbezogene Daten von Personen unter 18 Jahren. Wenn Sie ein Elternteil oder Erziehungsberechtigter sind und Sie wissen, dass Ihr Kind uns personenbezogene Daten zur Verf\u00fcgung gestellt hat, kontaktieren Sie uns bitte. Wenn uns bekannt wird, dass wir personenbezogene Daten von Kindern ohne \u00dcberpr\u00fcfung der elterlichen Zustimmung gesammelt haben, ergreifen wir Ma\u00dfnahmen, um diese Informationen von unseren Servern zu entfernen.<\/p><p><strong>\u00c4NDERUNGEN AN DIESER DATENSCHUTZRICHTLINIE<\/strong><\/p><p>Wir k\u00f6nnen unsere Datenschutzrichtlinie von Zeit zu Zeit aktualisieren. Wir werden Sie \u00fcber alle \u00c4nderungen informieren, indem wir die neue Datenschutzrichtlinie auf dieser Seite ver\u00f6ffentlichen.<\/p><p>Wir werden Sie per E-Mail und\/oder durch einen auff\u00e4lligen Hinweis in unserem Service informieren, bevor die \u00c4nderung in Kraft tritt, und das \"Datum des Inkrafttretens\" oben in dieser Datenschutzrichtlinie aktualisieren.<\/p><p>Wir empfehlen Ihnen, diese Datenschutzrichtlinie regelm\u00e4\u00dfig auf \u00c4nderungen zu \u00fcberpr\u00fcfen. \u00c4nderungen an dieser Datenschutzrichtlinie werden wirksam, wenn sie auf dieser Seite ver\u00f6ffentlicht werden.<\/p><p><strong>KONTAKT US<\/strong><\/p><p>Wenn Sie Fragen zu dieser Datenschutzrichtlinie haben, wenden Sie sich bitte an <a href=\"https:\/\/wildnews.co\/de\/contact\/\">Kontakt<\/a><\/p>\t\t\t\t\t\t<\/div>\n\t\t\t\t<\/div>\n\t\t\t\t\t<\/div>\n\t\t<\/div>\n\t\t\t\t\t\t\t<\/div>\n\t\t<\/section>\n\t\t\t\t\t\t\t<\/div>","protected":false},"excerpt":{"rendered":"<p>WILD NEWS CORPORATION (\u201cus\u201d, \u201cwe\u201d, or \u201cour\u201d) is operating the said &#8220;Service&#8221; which is the following website: https:\/\/wildnews.co This page informs you of our policies regarding the collection, use and disclosure of personal data when you use our Service and the choices you have associated with that data. We use your data to provide and &#8230; <a title=\"Datenschutzrichtlinie\" class=\"read-more\" href=\"https:\/\/wildnews.co\/de\/privacy-policy\/\" aria-label=\"Mehr dazu unter Privacy Policy\">Weiterlesen<\/a><\/p>","protected":false},"author":1,"featured_media":0,"parent":0,"menu_order":91,"comment_status":"closed","ping_status":"closed","template":"elementor_header_footer","meta":{"footnotes":""},"class_list":["post-9608","page","type-page","status-publish"],"_links":{"self":[{"href":"https:\/\/wildnews.co\/de\/wp-json\/wp\/v2\/pages\/9608","targetHints":{"allow":["GET"]}}],"collection":[{"href":"https:\/\/wildnews.co\/de\/wp-json\/wp\/v2\/pages"}],"about":[{"href":"https:\/\/wildnews.co\/de\/wp-json\/wp\/v2\/types\/page"}],"author":[{"embeddable":true,"href":"https:\/\/wildnews.co\/de\/wp-json\/wp\/v2\/users\/1"}],"replies":[{"embeddable":true,"href":"https:\/\/wildnews.co\/de\/wp-json\/wp\/v2\/comments?post=9608"}],"version-history":[{"count":0,"href":"https:\/\/wildnews.co\/de\/wp-json\/wp\/v2\/pages\/9608\/revisions"}],"wp:attachment":[{"href":"https:\/\/wildnews.co\/de\/wp-json\/wp\/v2\/media?parent=9608"}],"curies":[{"name":"wp","href":"https:\/\/api.w.org\/{rel}","templated":true}]}}