{"id":9894,"date":"2021-04-11T16:28:38","date_gmt":"2021-04-11T16:28:38","guid":{"rendered":"https:\/\/wildnews.co\/?page_id=9894"},"modified":"2021-04-11T21:09:38","modified_gmt":"2021-04-11T21:09:38","slug":"contact-for-tv-collaboration","status":"publish","type":"page","link":"https:\/\/wildnews.co\/de\/contact-for-tv-collaboration\/","title":{"rendered":"Werden Sie TV-Diffusor"},"content":{"rendered":"<div data-elementor-type=\"wp-page\" data-elementor-id=\"9894\" class=\"elementor elementor-9894\" data-elementor-post-type=\"page\">\n\t\t\t\t\t\t\t\t\t<section class=\"elementor-section elementor-top-section elementor-element elementor-element-7eb717f3 elementor-section-content-middle elementor-section-full_width elementor-section-height-default elementor-section-height-default elementor-invisible\" data-id=\"7eb717f3\" data-element_type=\"section\" data-settings=\"{&quot;background_background&quot;:&quot;classic&quot;,&quot;motion_fx_motion_fx_scrolling&quot;:&quot;yes&quot;,&quot;animation&quot;:&quot;fadeIn&quot;,&quot;motion_fx_devices&quot;:[&quot;desktop&quot;,&quot;tablet&quot;,&quot;mobile&quot;]}\">\n\t\t\t\t\t\t<div class=\"elementor-container elementor-column-gap-default\">\n\t\t\t\t\t<div class=\"elementor-column elementor-col-100 elementor-top-column elementor-element elementor-element-4b1e85d5\" data-id=\"4b1e85d5\" data-element_type=\"column\" data-settings=\"{&quot;background_background&quot;:&quot;classic&quot;}\">\n\t\t\t<div class=\"elementor-widget-wrap elementor-element-populated\">\n\t\t\t\t\t\t\t\t<div class=\"elementor-element elementor-element-227f456b elementor-invisible elementor-widget elementor-widget-heading\" data-id=\"227f456b\" data-element_type=\"widget\" data-settings=\"{&quot;_animation&quot;:&quot;bounceInLeft&quot;}\" data-widget_type=\"heading.default\">\n\t\t\t\t<div class=\"elementor-widget-container\">\n\t\t\t<h2 class=\"elementor-heading-title elementor-size-default\">Werden Sie TV-Diffusor<\/h2>\t\t<\/div>\n\t\t\t\t<\/div>\n\t\t\t\t\t<\/div>\n\t\t<\/div>\n\t\t\t\t\t\t\t<\/div>\n\t\t<\/section>\n\t\t\t\t<section class=\"elementor-section elementor-top-section elementor-element elementor-element-1a5db5d5 elementor-section-boxed elementor-section-height-default elementor-section-height-default\" data-id=\"1a5db5d5\" data-element_type=\"section\">\n\t\t\t\t\t\t<div class=\"elementor-container elementor-column-gap-no\">\n\t\t\t\t\t<div class=\"elementor-column elementor-col-50 elementor-top-column elementor-element elementor-element-5890fd30\" data-id=\"5890fd30\" data-element_type=\"column\">\n\t\t\t<div class=\"elementor-widget-wrap elementor-element-populated\">\n\t\t\t\t\t\t\t\t<div class=\"elementor-element elementor-element-20281fde elementor-widget elementor-widget-heading\" data-id=\"20281fde\" data-element_type=\"widget\" data-widget_type=\"heading.default\">\n\t\t\t\t<div class=\"elementor-widget-container\">\n\t\t\t<h2 class=\"elementor-heading-title elementor-size-default\">Entwickeln Sie Ihr TV Chanel mit Wild News<\/h2>\t\t<\/div>\n\t\t\t\t<\/div>\n\t\t\t\t<div class=\"elementor-element elementor-element-ee60985 elementor-widget elementor-widget-text-editor\" data-id=\"ee60985\" data-element_type=\"widget\" data-widget_type=\"text-editor.default\">\n\t\t\t\t<div class=\"elementor-widget-container\">\n\t\t\t\t\t\t\t<p>Erweitern Sie Ihren Einfluss und vergr\u00f6\u00dfern Sie Ihr Publikum mit einem revolution\u00e4ren Lieferkanal, der f\u00fcr jedes Budget zug\u00e4nglich ist, ganz einfach. All dies mit der besten heute verf\u00fcgbaren Display-Technologie. Nutzen Sie die Vorteile eines globalen Publikums mit \u00fcber 1000 Ger\u00e4ten, die in den gr\u00f6\u00dften St\u00e4dten der Welt aufgestellt sind.<\/p><p>Die holografische Technologie ist keine Spielerei, sie ist viel mehr. Laut mehrerer Studien ziehen Hologramme bis zu 10 Mal mehr Aufmerksamkeit auf sich. Wild News bietet einen echten Vorteil, denn Ihre Inhalte werden messbar mehr beachtet. Das Publikum, das Sie erreichen, wird gr\u00f6\u00dfer sein als das, das durch traditionelle Kommunikationsmittel erreicht wird.<\/p><p>\u00a0<\/p>\t\t\t\t\t\t<\/div>\n\t\t\t\t<\/div>\n\t\t\t\t<div class=\"elementor-element elementor-element-d0df53e elementor-tablet-align-right elementor-hidden-phone elementor-align-left elementor-widget elementor-widget-button\" data-id=\"d0df53e\" data-element_type=\"widget\" data-widget_type=\"button.default\">\n\t\t\t\t<div class=\"elementor-widget-container\">\n\t\t\t\t\t<div class=\"elementor-button-wrapper\">\n\t\t\t<a class=\"elementor-button elementor-button-link elementor-size-sm elementor-animation-grow\" href=\"https:\/\/wildnews.co\/de\/3d-tv-diffusion\/\">\n\t\t\t\t\t\t<span class=\"elementor-button-content-wrapper\">\n\t\t\t\t\t\t<span class=\"elementor-button-icon elementor-align-icon-left\">\n\t\t\t\t<i aria-hidden=\"true\" class=\"fas fa-arrow-circle-right\"><\/i>\t\t\t<\/span>\n\t\t\t\t\t\t<span class=\"elementor-button-text\">Mehr erfahren<\/span>\n\t\t<\/span>\n\t\t\t\t\t<\/a>\n\t\t<\/div>\n\t\t\t\t<\/div>\n\t\t\t\t<\/div>\n\t\t\t\t\t<\/div>\n\t\t<\/div>\n\t\t\t\t<div class=\"elementor-column elementor-col-50 elementor-top-column elementor-element elementor-element-1aa50d59\" data-id=\"1aa50d59\" data-element_type=\"column\">\n\t\t\t<div class=\"elementor-widget-wrap elementor-element-populated\">\n\t\t\t\t\t\t\t\t<div class=\"elementor-element elementor-element-a625eb7 elementor-widget elementor-widget-video\" data-id=\"a625eb7\" data-element_type=\"widget\" data-settings=\"{&quot;video_type&quot;:&quot;hosted&quot;,&quot;autoplay&quot;:&quot;yes&quot;,&quot;play_on_mobile&quot;:&quot;yes&quot;,&quot;loop&quot;:&quot;yes&quot;}\" data-widget_type=\"video.default\">\n\t\t\t\t<div class=\"elementor-widget-container\">\n\t\t\t\t\t<div class=\"e-hosted-video elementor-wrapper elementor-open-inline\">\n\t\t\t\t\t<video class=\"elementor-video\" src=\"https:\/\/wildnews.live\/wp-content\/uploads\/breaking-news.mp4\" autoplay=\"\" loop=\"\" playsinline=\"\" controlslist=\"nodownload\"><\/video>\n\t\t\t\t<\/div>\n\t\t\t\t<\/div>\n\t\t\t\t<\/div>\n\t\t\t\t\t<\/div>\n\t\t<\/div>\n\t\t\t\t\t\t\t<\/div>\n\t\t<\/section>\n\t\t\t\t<section class=\"elementor-section elementor-top-section elementor-element elementor-element-79eb5a43 elementor-reverse-mobile elementor-section-boxed elementor-section-height-default elementor-section-height-default\" data-id=\"79eb5a43\" data-element_type=\"section\">\n\t\t\t\t\t\t<div class=\"elementor-container elementor-column-gap-default\">\n\t\t\t\t\t<div class=\"elementor-column elementor-col-100 elementor-top-column elementor-element elementor-element-1e43354a\" data-id=\"1e43354a\" data-element_type=\"column\">\n\t\t\t<div class=\"elementor-widget-wrap elementor-element-populated\">\n\t\t\t\t\t\t\t\t<div class=\"elementor-element elementor-element-59aa1b09 elementor-hidden-phone elementor-widget elementor-widget-image\" data-id=\"59aa1b09\" data-element_type=\"widget\" data-widget_type=\"image.default\">\n\t\t\t\t<div class=\"elementor-widget-container\">\n\t\t\t\t\t\t\t\t\t\t\t\t\t\t\t<img loading=\"lazy\" decoding=\"async\" width=\"1080\" height=\"607\" src=\"https:\/\/wildnews.co\/wp-content\/uploads\/3d-tv-ad.jpg\" class=\"attachment-full size-full wp-image-141\" alt=\"\" srcset=\"https:\/\/wildnews.co\/wp-content\/uploads\/3d-tv-ad.jpg 1080w, https:\/\/wildnews.co\/wp-content\/uploads\/3d-tv-ad-300x169.jpg 300w, https:\/\/wildnews.co\/wp-content\/uploads\/3d-tv-ad-1024x576.jpg 1024w, https:\/\/wildnews.co\/wp-content\/uploads\/3d-tv-ad-768x432.jpg 768w, https:\/\/wildnews.co\/wp-content\/uploads\/3d-tv-ad-16x9.jpg 16w\" sizes=\"auto, (max-width: 1080px) 100vw, 1080px\" \/>\t\t\t\t\t\t\t\t\t\t\t\t\t\t\t<\/div>\n\t\t\t\t<\/div>\n\t\t\t\t\t<\/div>\n\t\t<\/div>\n\t\t\t\t\t\t\t<\/div>\n\t\t<\/section>\n\t\t\t\t<section class=\"elementor-section elementor-top-section elementor-element elementor-element-4c53fe34 elementor-section-content-middle elementor-section-boxed elementor-section-height-default elementor-section-height-default\" data-id=\"4c53fe34\" data-element_type=\"section\">\n\t\t\t\t\t\t<div class=\"elementor-container elementor-column-gap-no\">\n\t\t\t\t\t<div class=\"elementor-column elementor-col-100 elementor-top-column elementor-element elementor-element-6f10b104 elementor-invisible\" data-id=\"6f10b104\" data-element_type=\"column\" data-settings=\"{&quot;animation&quot;:&quot;fadeIn&quot;}\">\n\t\t\t<div class=\"elementor-widget-wrap elementor-element-populated\">\n\t\t\t\t\t\t\t\t<div class=\"elementor-element elementor-element-60cd6d41 elementor-widget__width-initial elementor-absolute elementor-hidden-phone elementor-widget elementor-widget-heading\" data-id=\"60cd6d41\" data-element_type=\"widget\" data-settings=\"{&quot;_position&quot;:&quot;absolute&quot;}\" data-widget_type=\"heading.default\">\n\t\t\t\t<div class=\"elementor-widget-container\">\n\t\t\t<h4 class=\"elementor-heading-title elementor-size-default\">Werden Sie TV-Diffusor\n<\/h4>\t\t<\/div>\n\t\t\t\t<\/div>\n\t\t\t\t<div class=\"elementor-element elementor-element-af81e6 elementor-widget elementor-widget-text-editor\" data-id=\"af81e6\" data-element_type=\"widget\" data-widget_type=\"text-editor.default\">\n\t\t\t\t<div class=\"elementor-widget-container\">\n\t\t\t\t\t\t\t<p>F\u00fcllen Sie das Formular aus, um zu sehen, ob eine Partnerschaft mit Wild News Corp. Partner das Richtige f\u00fcr Ihren Fernsehsender und unsere Erwartungen ist.<\/p><p>Bei Wild News Corp. bieten wir eine breite Palette von Partnern, die Ihnen helfen, Ihre Ziele zu erreichen. Unser globales Partnerprogramm erm\u00f6glicht es Content-, L\u00f6sungs- und Reseller-Partnern, ihre Reichweite in einem sich st\u00e4ndig ver\u00e4ndernden Markt zu erweitern. Wir freuen uns darauf, Ihnen zu zeigen, wie Wild News Corp. Ihre Rundfunkmedien unterst\u00fctzen kann.<\/p>\t\t\t\t\t\t<\/div>\n\t\t\t\t<\/div>\n\t\t\t\t\t<\/div>\n\t\t<\/div>\n\t\t\t\t\t\t\t<\/div>\n\t\t<\/section>\n\t\t\t\t<section class=\"elementor-section elementor-top-section elementor-element elementor-element-7ce9eb5d elementor-reverse-tablet elementor-reverse-mobile elementor-section-boxed elementor-section-height-default elementor-section-height-default\" data-id=\"7ce9eb5d\" data-element_type=\"section\" data-settings=\"{&quot;background_background&quot;:&quot;classic&quot;}\">\n\t\t\t\t\t\t<div class=\"elementor-container elementor-column-gap-default\">\n\t\t\t\t\t<div class=\"elementor-column elementor-col-100 elementor-top-column elementor-element elementor-element-20db756a\" data-id=\"20db756a\" data-element_type=\"column\" data-settings=\"{&quot;background_background&quot;:&quot;classic&quot;,&quot;motion_fx_motion_fx_scrolling&quot;:&quot;yes&quot;,&quot;motion_fx_translateY_effect&quot;:&quot;yes&quot;,&quot;motion_fx_translateY_direction&quot;:&quot;negative&quot;,&quot;motion_fx_translateY_speed&quot;:{&quot;unit&quot;:&quot;px&quot;,&quot;size&quot;:&quot;1&quot;,&quot;sizes&quot;:[]},&quot;motion_fx_devices&quot;:[&quot;desktop&quot;,&quot;tablet&quot;],&quot;motion_fx_translateY_affectedRange&quot;:{&quot;unit&quot;:&quot;%&quot;,&quot;size&quot;:&quot;&quot;,&quot;sizes&quot;:{&quot;start&quot;:0,&quot;end&quot;:100}}}\">\n\t\t\t<div class=\"elementor-widget-wrap elementor-element-populated\">\n\t\t\t\t\t\t\t\t<div class=\"elementor-element elementor-element-2bcee077 elementor-widget elementor-widget-menu-anchor\" data-id=\"2bcee077\" data-element_type=\"widget\" data-widget_type=\"menu-anchor.default\">\n\t\t\t\t<div class=\"elementor-widget-container\">\n\t\t\t\t\t<div id=\"enrol\" class=\"elementor-menu-anchor\"><\/div>\n\t\t\t\t<\/div>\n\t\t\t\t<\/div>\n\t\t\t\t<div class=\"elementor-element elementor-element-3901d302 elementor-widget elementor-widget-heading\" data-id=\"3901d302\" data-element_type=\"widget\" data-widget_type=\"heading.default\">\n\t\t\t\t<div class=\"elementor-widget-container\">\n\t\t\t<h2 class=\"elementor-heading-title elementor-size-default\">das Formular ausf\u00fcllen <\/h2>\t\t<\/div>\n\t\t\t\t<\/div>\n\t\t\t\t<div class=\"elementor-element elementor-element-339efe56 elementor-widget__width-initial elementor-absolute elementor-widget elementor-widget-image\" data-id=\"339efe56\" data-element_type=\"widget\" data-settings=\"{&quot;_position&quot;:&quot;absolute&quot;}\" data-widget_type=\"image.default\">\n\t\t\t\t<div class=\"elementor-widget-container\">\n\t\t\t\t\t\t\t\t\t\t\t\t\t\t\t<img loading=\"lazy\" decoding=\"async\" width=\"86\" height=\"54\" src=\"https:\/\/wildnews.co\/wp-content\/uploads\/Capture-de\u0301cran-12020-10-10-a\u0300-00.09.06-2.png\" class=\"attachment-large size-large wp-image-566\" alt=\"\" srcset=\"https:\/\/wildnews.co\/wp-content\/uploads\/Capture-de\u0301cran-12020-10-10-a\u0300-00.09.06-2.png 86w, https:\/\/wildnews.co\/wp-content\/uploads\/Capture-de\u0301cran-12020-10-10-a\u0300-00.09.06-2-16x10.png 16w\" sizes=\"auto, (max-width: 86px) 100vw, 86px\" \/>\t\t\t\t\t\t\t\t\t\t\t\t\t\t\t<\/div>\n\t\t\t\t<\/div>\n\t\t\t\t<div class=\"elementor-element elementor-element-7125d738 elementor-widget elementor-widget-shortcode\" data-id=\"7125d738\" data-element_type=\"widget\" data-widget_type=\"shortcode.default\">\n\t\t\t\t<div class=\"elementor-widget-container\">\n\t\t\t\t\t<div class=\"elementor-shortcode\"><form id=\"forminator-module-575\" class=\"forminator-custom-form forminator-custom-form-575\" method=\"post\" data-forminator-render=\"0\" data-uid=\"69d46f9e73013\" action=\"\"><div role=\"alert\" aria-live=\"polite\" class=\"forminator-response-message forminator-error\" aria-hidden=\"true\"><\/div><input type=\"hidden\" name=\"trp-form-language\" value=\"de\"\/><\/form><\/div>\n\t\t\t\t<\/div>\n\t\t\t\t<\/div>\n\t\t\t\t\t<\/div>\n\t\t<\/div>\n\t\t\t\t\t\t\t<\/div>\n\t\t<\/section>\n\t\t\t\t\t\t\t<\/div>","protected":false},"excerpt":{"rendered":"<p>Become TV diffuser Develop your TV Chanel with Wild News Expand your influence and increase your audience with a revolutionary delivery channel that is accessible to any budgets, very simply. All this with the best display technology available today. Take advantage of a global audience with over 1000 devices placed in the world&#8217;s largest cities. &#8230; <a title=\"Werden Sie TV-Diffusor\" class=\"read-more\" href=\"https:\/\/wildnews.co\/de\/contact-for-tv-collaboration\/\" aria-label=\"Mehr dazu unter Become TV Diffuser\">Weiterlesen<\/a><\/p>","protected":false},"author":1,"featured_media":0,"parent":0,"menu_order":16,"comment_status":"closed","ping_status":"closed","template":"elementor_header_footer","meta":{"footnotes":""},"class_list":["post-9894","page","type-page","status-publish"],"_links":{"self":[{"href":"https:\/\/wildnews.co\/de\/wp-json\/wp\/v2\/pages\/9894","targetHints":{"allow":["GET"]}}],"collection":[{"href":"https:\/\/wildnews.co\/de\/wp-json\/wp\/v2\/pages"}],"about":[{"href":"https:\/\/wildnews.co\/de\/wp-json\/wp\/v2\/types\/page"}],"author":[{"embeddable":true,"href":"https:\/\/wildnews.co\/de\/wp-json\/wp\/v2\/users\/1"}],"replies":[{"embeddable":true,"href":"https:\/\/wildnews.co\/de\/wp-json\/wp\/v2\/comments?post=9894"}],"version-history":[{"count":0,"href":"https:\/\/wildnews.co\/de\/wp-json\/wp\/v2\/pages\/9894\/revisions"}],"wp:attachment":[{"href":"https:\/\/wildnews.co\/de\/wp-json\/wp\/v2\/media?parent=9894"}],"curies":[{"name":"wp","href":"https:\/\/api.w.org\/{rel}","templated":true}]}}