{"id":579,"date":"2021-04-09T07:12:22","date_gmt":"2021-04-09T07:12:22","guid":{"rendered":"https:\/\/wildnews.co\/?page_id=579"},"modified":"2021-04-24T19:47:09","modified_gmt":"2021-04-24T19:47:09","slug":"platform","status":"publish","type":"page","link":"https:\/\/wildnews.co\/es\/platform\/","title":{"rendered":"La Plataforma"},"content":{"rendered":"<div data-elementor-type=\"wp-page\" data-elementor-id=\"579\" class=\"elementor elementor-579\" data-elementor-post-type=\"page\">\n\t\t\t\t\t\t\t\t\t<section class=\"elementor-section elementor-top-section elementor-element elementor-element-1292f856 elementor-section-content-middle elementor-section-full_width elementor-section-height-default elementor-section-height-default\" data-id=\"1292f856\" data-element_type=\"section\" data-settings=\"{&quot;background_background&quot;:&quot;classic&quot;}\">\n\t\t\t\t\t\t<div class=\"elementor-container elementor-column-gap-default\">\n\t\t\t\t\t<div class=\"elementor-column elementor-col-100 elementor-top-column elementor-element elementor-element-668a3c1\" data-id=\"668a3c1\" data-element_type=\"column\" data-settings=\"{&quot;background_background&quot;:&quot;classic&quot;}\">\n\t\t\t<div class=\"elementor-widget-wrap elementor-element-populated\">\n\t\t\t\t\t\t\t\t<div class=\"elementor-element elementor-element-16c26226 elementor-widget elementor-widget-text-editor\" data-id=\"16c26226\" data-element_type=\"widget\" data-widget_type=\"text-editor.default\">\n\t\t\t\t<div class=\"elementor-widget-container\">\n\t\t\t\t\t\t\t<p>Noticias salvajes<\/p>\t\t\t\t\t\t<\/div>\n\t\t\t\t<\/div>\n\t\t\t\t\t<\/div>\n\t\t<\/div>\n\t\t\t\t\t\t\t<\/div>\n\t\t<\/section>\n\t\t\t\t<section class=\"elementor-section elementor-top-section elementor-element elementor-element-145fada6 elementor-section-content-top elementor-section-boxed elementor-section-height-default elementor-section-height-default\" data-id=\"145fada6\" data-element_type=\"section\" data-settings=\"{&quot;background_background&quot;:&quot;classic&quot;}\">\n\t\t\t\t\t\t<div class=\"elementor-container elementor-column-gap-no\">\n\t\t\t\t\t<div class=\"elementor-column elementor-col-100 elementor-top-column elementor-element elementor-element-6cd1408c\" data-id=\"6cd1408c\" data-element_type=\"column\">\n\t\t\t<div class=\"elementor-widget-wrap elementor-element-populated\">\n\t\t\t\t\t\t\t\t<section class=\"elementor-section elementor-inner-section elementor-element elementor-element-570a3a7b elementor-section-content-middle elementor-section-boxed elementor-section-height-default elementor-section-height-default\" data-id=\"570a3a7b\" data-element_type=\"section\">\n\t\t\t\t\t\t<div class=\"elementor-container elementor-column-gap-default\">\n\t\t\t\t\t<div class=\"elementor-column elementor-col-100 elementor-inner-column elementor-element elementor-element-5e32051d\" data-id=\"5e32051d\" data-element_type=\"column\">\n\t\t\t<div class=\"elementor-widget-wrap\">\n\t\t\t\t\t\t\t\t\t<\/div>\n\t\t<\/div>\n\t\t\t\t\t\t\t<\/div>\n\t\t<\/section>\n\t\t\t\t\t<\/div>\n\t\t<\/div>\n\t\t\t\t\t\t\t<\/div>\n\t\t<\/section>\n\t\t\t\t<section class=\"elementor-section elementor-top-section elementor-element elementor-element-5c0da0d1 elementor-section-boxed elementor-section-height-default elementor-section-height-default\" data-id=\"5c0da0d1\" data-element_type=\"section\" data-settings=\"{&quot;background_background&quot;:&quot;classic&quot;}\">\n\t\t\t\t\t\t<div class=\"elementor-container elementor-column-gap-default\">\n\t\t\t\t\t<div class=\"elementor-column elementor-col-100 elementor-top-column elementor-element elementor-element-3509af61\" data-id=\"3509af61\" data-element_type=\"column\" data-settings=\"{&quot;background_background&quot;:&quot;classic&quot;}\">\n\t\t\t<div class=\"elementor-widget-wrap elementor-element-populated\">\n\t\t\t\t\t\t\t\t<div class=\"elementor-element elementor-element-ceb53ca animated-slow elementor-invisible elementor-widget elementor-widget-image\" data-id=\"ceb53ca\" data-element_type=\"widget\" data-settings=\"{&quot;_animation&quot;:&quot;zoomIn&quot;}\" data-widget_type=\"image.default\">\n\t\t\t\t<div class=\"elementor-widget-container\">\n\t\t\t\t\t\t\t\t\t\t\t\t\t\t\t<img loading=\"lazy\" decoding=\"async\" width=\"1024\" height=\"576\" src=\"https:\/\/wildnews.co\/wp-content\/uploads\/GQzS29Y2YrtMbsjCKF5JqB-1-1024x576.png\" class=\"attachment-large size-large wp-image-10130\" alt=\"\" srcset=\"https:\/\/wildnews.co\/wp-content\/uploads\/GQzS29Y2YrtMbsjCKF5JqB-1-1024x576.png 1024w, https:\/\/wildnews.co\/wp-content\/uploads\/GQzS29Y2YrtMbsjCKF5JqB-1-300x169.png 300w, https:\/\/wildnews.co\/wp-content\/uploads\/GQzS29Y2YrtMbsjCKF5JqB-1-768x432.png 768w, https:\/\/wildnews.co\/wp-content\/uploads\/GQzS29Y2YrtMbsjCKF5JqB-1-16x9.png 16w, https:\/\/wildnews.co\/wp-content\/uploads\/GQzS29Y2YrtMbsjCKF5JqB-1.png 1290w\" sizes=\"auto, (max-width: 1024px) 100vw, 1024px\" \/>\t\t\t\t\t\t\t\t\t\t\t\t\t\t\t<\/div>\n\t\t\t\t<\/div>\n\t\t\t\t<div class=\"elementor-element elementor-element-4e4d70cc elementor-invisible elementor-widget elementor-widget-heading\" data-id=\"4e4d70cc\" data-element_type=\"widget\" data-settings=\"{&quot;_animation&quot;:&quot;fadeIn&quot;}\" data-widget_type=\"heading.default\">\n\t\t\t\t<div class=\"elementor-widget-container\">\n\t\t\t<h2 class=\"elementor-heading-title elementor-size-default\">La Plataforma de Noticias Salvajes<\/h2>\t\t<\/div>\n\t\t\t\t<\/div>\n\t\t\t\t<div class=\"elementor-element elementor-element-7bc2afa4 elementor-invisible elementor-widget elementor-widget-heading\" data-id=\"7bc2afa4\" data-element_type=\"widget\" data-settings=\"{&quot;_animation&quot;:&quot;fadeIn&quot;,&quot;_animation_delay&quot;:0}\" data-widget_type=\"heading.default\">\n\t\t\t\t<div class=\"elementor-widget-container\">\n\t\t\t<h2 class=\"elementor-heading-title elementor-size-default\"><p>Wild News reduce las fronteras de la comunicaci\u00f3n gracias a su plataforma unificadora, que mejora y combina todas las etapas de difusi\u00f3n de contenidos. Las agencias pueden ahora transferir su dise\u00f1o directamente a los hologramas en todas las ciudades.<\/p>\n\n\n<p>La plataforma permite la creaci\u00f3n y difusi\u00f3n de publicidad en un tiempo r\u00e9cord. Al eliminar al intermediario, Wild News da a las agencias el control total de su campa\u00f1a hologr\u00e1fica.<\/p>\n\n\n<p>Gracias a un ojo sedentario para los detalles, hemos optimizado el largo proceso de difusi\u00f3n de un mensaje en la calle. Hemos conseguido que la difusi\u00f3n de contenidos en la calle pase de meses a minutos. Lo hemos hecho posible teniendo en cuenta todos los impedimentos relacionados con el marketing de calle. Una herramienta de selecci\u00f3n completa y adaptada permite seleccionar los dispositivos m\u00e1s relevantes respecto a su campa\u00f1a.<\/p><\/h2>\t\t<\/div>\n\t\t\t\t<\/div>\n\t\t\t\t<div class=\"elementor-element elementor-element-13110d7 elementor-align-center elementor-widget elementor-widget-button\" data-id=\"13110d7\" data-element_type=\"widget\" data-widget_type=\"button.default\">\n\t\t\t\t<div class=\"elementor-widget-container\">\n\t\t\t\t\t<div class=\"elementor-button-wrapper\">\n\t\t\t<a class=\"elementor-button elementor-button-link elementor-size-xl\" href=\"https:\/\/wildnews.co\/es\/holograms-technology\/\">\n\t\t\t\t\t\t<span class=\"elementor-button-content-wrapper\">\n\t\t\t\t\t\t<span class=\"elementor-button-icon elementor-align-icon-left\">\n\t\t\t\t<i aria-hidden=\"true\" class=\"fas fa-arrow-alt-circle-right\"><\/i>\t\t\t<\/span>\n\t\t\t\t\t\t<span class=\"elementor-button-text\">\u00danete a nosotros<\/span>\n\t\t<\/span>\n\t\t\t\t\t<\/a>\n\t\t<\/div>\n\t\t\t\t<\/div>\n\t\t\t\t<\/div>\n\t\t\t\t\t<\/div>\n\t\t<\/div>\n\t\t\t\t\t\t\t<\/div>\n\t\t<\/section>\n\t\t\t\t<section class=\"elementor-section elementor-top-section elementor-element elementor-element-22c0712c elementor-section-content-middle elementor-section-boxed elementor-section-height-default elementor-section-height-default\" data-id=\"22c0712c\" data-element_type=\"section\" data-settings=\"{&quot;background_background&quot;:&quot;classic&quot;}\">\n\t\t\t\t\t\t\t<div class=\"elementor-background-overlay\"><\/div>\n\t\t\t\t\t\t\t<div class=\"elementor-container elementor-column-gap-no\">\n\t\t\t\t\t<div class=\"elementor-column elementor-col-50 elementor-top-column elementor-element elementor-element-6af11acb\" data-id=\"6af11acb\" data-element_type=\"column\">\n\t\t\t<div class=\"elementor-widget-wrap elementor-element-populated\">\n\t\t\t\t\t\t\t\t<div class=\"elementor-element elementor-element-0e1ac8f elementor-widget elementor-widget-heading\" data-id=\"0e1ac8f\" data-element_type=\"widget\" data-widget_type=\"heading.default\">\n\t\t\t\t<div class=\"elementor-widget-container\">\n\t\t\t<h1 class=\"elementor-heading-title elementor-size-default\">De una sencillez revolucionaria <\/h1>\t\t<\/div>\n\t\t\t\t<\/div>\n\t\t\t\t<div class=\"elementor-element elementor-element-279ed92 elementor-widget elementor-widget-text-editor\" data-id=\"279ed92\" data-element_type=\"widget\" data-widget_type=\"text-editor.default\">\n\t\t\t\t<div class=\"elementor-widget-container\">\n\t\t\t\t\t\t\t<p>Una vez rellenado el formulario, estudiaremos tu solicitud y te comunicaremos tu clave de acceso. A continuaci\u00f3n, podr\u00e1s iniciar tu primera campa\u00f1a con Wild News.<\/p><p>Una vez que haya recibido el correo electr\u00f3nico de confirmaci\u00f3n y el inicio de sesi\u00f3n, podr\u00e1 crear su contrase\u00f1a e iniciar sesi\u00f3n en la plataforma. A continuaci\u00f3n, solo tendr\u00e1s que conectar las cuentas de Microsoft de tu equipo para darles acceso.<\/p><p>A continuaci\u00f3n, podr\u00e1s a\u00f1adir a tus clientes introduciendo el nombre de la empresa, su direcci\u00f3n y su logotipo. Despu\u00e9s, podr\u00e1s subir el v\u00eddeo que quieras difundir. Si no tienes ning\u00fan elemento visual, puedes utilizar el estudio 3D online vinculado a la plataforma y generar im\u00e1genes hologr\u00e1ficas a partir de tu logotipo al instante.<\/p><p>Finalmente, a trav\u00e9s de la secci\u00f3n \"presupuestos\" podr\u00e1 elegir la colocaci\u00f3n de sus hologramas a trav\u00e9s de la herramienta de localizaci\u00f3n, optimizando la colocaci\u00f3n de su contenido. A continuaci\u00f3n, obtendr\u00e1 un presupuesto y podr\u00e1 pagar por transferencia bancaria o en l\u00ednea en la moneda de su elecci\u00f3n.<\/p>\t\t\t\t\t\t<\/div>\n\t\t\t\t<\/div>\n\t\t\t\t\t<\/div>\n\t\t<\/div>\n\t\t\t\t<div class=\"elementor-column elementor-col-50 elementor-top-column elementor-element elementor-element-262fc37b\" data-id=\"262fc37b\" data-element_type=\"column\">\n\t\t\t<div class=\"elementor-widget-wrap elementor-element-populated\">\n\t\t\t\t\t\t\t\t<div class=\"elementor-element elementor-element-5c7c92b0 elementor-invisible elementor-widget elementor-widget-image\" data-id=\"5c7c92b0\" data-element_type=\"widget\" data-settings=\"{&quot;_animation&quot;:&quot;fadeInRight&quot;}\" data-widget_type=\"image.default\">\n\t\t\t\t<div class=\"elementor-widget-container\">\n\t\t\t\t\t\t\t\t\t\t\t\t\t\t\t<img loading=\"lazy\" decoding=\"async\" width=\"1067\" height=\"800\" src=\"https:\/\/wildnews.co\/wp-content\/uploads\/Sans-titre-322.png\" class=\"attachment-full size-full wp-image-584\" alt=\"\" srcset=\"https:\/\/wildnews.co\/wp-content\/uploads\/Sans-titre-322.png 1067w, https:\/\/wildnews.co\/wp-content\/uploads\/Sans-titre-322-300x225.png 300w, https:\/\/wildnews.co\/wp-content\/uploads\/Sans-titre-322-1024x768.png 1024w, https:\/\/wildnews.co\/wp-content\/uploads\/Sans-titre-322-768x576.png 768w, https:\/\/wildnews.co\/wp-content\/uploads\/Sans-titre-322-16x12.png 16w\" sizes=\"auto, (max-width: 1067px) 100vw, 1067px\" \/>\t\t\t\t\t\t\t\t\t\t\t\t\t\t\t<\/div>\n\t\t\t\t<\/div>\n\t\t\t\t\t<\/div>\n\t\t<\/div>\n\t\t\t\t\t\t\t<\/div>\n\t\t<\/section>\n\t\t\t\t\t\t\t<\/div>","protected":false},"excerpt":{"rendered":"<p>Wild news The Wild News Platform Wild News cuts communication boundaries through its unifying platform, enhancing and combining all the content diffusion stages. Agencies can now transfer their design directly on to holograms across cities. The platform allows the creation and diffusion of publicity in record time. In deleting the middle-man, Wild News gives the &#8230; <a title=\"La Plataforma\" class=\"read-more\" href=\"https:\/\/wildnews.co\/es\/platform\/\" aria-label=\"M\u00e1s en The Platform\">Leer m\u00e1s<\/a><\/p>","protected":false},"author":1,"featured_media":0,"parent":0,"menu_order":10,"comment_status":"closed","ping_status":"closed","template":"elementor_header_footer","meta":{"footnotes":""},"class_list":["post-579","page","type-page","status-publish"],"_links":{"self":[{"href":"https:\/\/wildnews.co\/es\/wp-json\/wp\/v2\/pages\/579","targetHints":{"allow":["GET"]}}],"collection":[{"href":"https:\/\/wildnews.co\/es\/wp-json\/wp\/v2\/pages"}],"about":[{"href":"https:\/\/wildnews.co\/es\/wp-json\/wp\/v2\/types\/page"}],"author":[{"embeddable":true,"href":"https:\/\/wildnews.co\/es\/wp-json\/wp\/v2\/users\/1"}],"replies":[{"embeddable":true,"href":"https:\/\/wildnews.co\/es\/wp-json\/wp\/v2\/comments?post=579"}],"version-history":[{"count":0,"href":"https:\/\/wildnews.co\/es\/wp-json\/wp\/v2\/pages\/579\/revisions"}],"wp:attachment":[{"href":"https:\/\/wildnews.co\/es\/wp-json\/wp\/v2\/media?parent=579"}],"curies":[{"name":"wp","href":"https:\/\/api.w.org\/{rel}","templated":true}]}}