{"id":9528,"date":"2021-04-09T09:19:57","date_gmt":"2021-04-09T09:19:57","guid":{"rendered":"https:\/\/wildnews.co\/?page_id=9528"},"modified":"2021-04-24T20:07:01","modified_gmt":"2021-04-24T20:07:01","slug":"map","status":"publish","type":"page","link":"https:\/\/wildnews.co\/es\/map\/","title":{"rendered":"Mapa"},"content":{"rendered":"<div data-elementor-type=\"wp-page\" data-elementor-id=\"9528\" class=\"elementor elementor-9528\" data-elementor-post-type=\"page\">\n\t\t\t\t\t\t\t\t\t<section class=\"elementor-section elementor-top-section elementor-element elementor-element-1292f856 elementor-section-content-middle elementor-section-full_width elementor-section-height-default elementor-section-height-default\" data-id=\"1292f856\" data-element_type=\"section\" data-settings=\"{&quot;background_background&quot;:&quot;classic&quot;}\">\n\t\t\t\t\t\t<div class=\"elementor-container elementor-column-gap-default\">\n\t\t\t\t\t<div class=\"elementor-column elementor-col-100 elementor-top-column elementor-element elementor-element-668a3c1\" data-id=\"668a3c1\" data-element_type=\"column\" data-settings=\"{&quot;background_background&quot;:&quot;classic&quot;}\">\n\t\t\t<div class=\"elementor-widget-wrap elementor-element-populated\">\n\t\t\t\t\t\t\t\t<div class=\"elementor-element elementor-element-17e45c41 elementor-widget elementor-widget-heading\" data-id=\"17e45c41\" data-element_type=\"widget\" data-widget_type=\"heading.default\">\n\t\t\t\t<div class=\"elementor-widget-container\">\n\t\t\t<h1 class=\"elementor-heading-title elementor-size-default\">Mapa de hologramas<\/h1>\t\t<\/div>\n\t\t\t\t<\/div>\n\t\t\t\t<div class=\"elementor-element elementor-element-16c26226 elementor-widget elementor-widget-text-editor\" data-id=\"16c26226\" data-element_type=\"widget\" data-widget_type=\"text-editor.default\">\n\t\t\t\t<div class=\"elementor-widget-container\">\n\t\t\t\t\t\t\t<p>Noticias salvajes<\/p>\t\t\t\t\t\t<\/div>\n\t\t\t\t<\/div>\n\t\t\t\t\t<\/div>\n\t\t<\/div>\n\t\t\t\t\t\t\t<\/div>\n\t\t<\/section>\n\t\t\t\t<section class=\"elementor-section elementor-top-section elementor-element elementor-element-26c17d42 elementor-section-boxed elementor-section-height-default elementor-section-height-default\" data-id=\"26c17d42\" data-element_type=\"section\">\n\t\t\t\t\t\t<div class=\"elementor-container elementor-column-gap-default\">\n\t\t\t\t\t<div class=\"elementor-column elementor-col-100 elementor-top-column elementor-element elementor-element-12a616b5\" data-id=\"12a616b5\" data-element_type=\"column\">\n\t\t\t<div class=\"elementor-widget-wrap elementor-element-populated\">\n\t\t\t\t\t\t\t\t<div class=\"elementor-element elementor-element-3e2dc778 elementor-widget elementor-widget-text-editor\" data-id=\"3e2dc778\" data-element_type=\"widget\" data-widget_type=\"text-editor.default\">\n\t\t\t\t<div class=\"elementor-widget-container\">\n\t\t\t\t\t\t\t<p>Aqu\u00ed est\u00e1 la ubicaci\u00f3n de nuestros dispositivos en todo el mundo. Bienvenido al primer parque mundial de espacios publicitarios de hologramas.<\/p><p>Estamos ubicados en las mayores metr\u00f3polis del mundo, gracias a esta cartograf\u00eda podr\u00e1 localizar todas nuestras instalaciones con un solo clic<\/p>\t\t\t\t\t\t<\/div>\n\t\t\t\t<\/div>\n\t\t\t\t\t<\/div>\n\t\t<\/div>\n\t\t\t\t\t\t\t<\/div>\n\t\t<\/section>\n\t\t\t\t<section class=\"elementor-section elementor-top-section elementor-element elementor-element-2b3f7aae elementor-section-full_width elementor-section-height-min-height elementor-section-items-top elementor-section-height-default\" data-id=\"2b3f7aae\" data-element_type=\"section\">\n\t\t\t\t\t\t<div class=\"elementor-container elementor-column-gap-no\">\n\t\t\t\t\t<div class=\"elementor-column elementor-col-100 elementor-top-column elementor-element elementor-element-609a4c57\" data-id=\"609a4c57\" data-element_type=\"column\">\n\t\t\t<div class=\"elementor-widget-wrap elementor-element-populated\">\n\t\t\t\t\t\t\t\t<div class=\"elementor-element elementor-element-5f311ab2 elementor-widget elementor-widget-html\" data-id=\"5f311ab2\" data-element_type=\"widget\" data-widget_type=\"html.default\">\n\t\t\t\t<div class=\"elementor-widget-container\">\n\t\t\t<iframe src=\"https:\/\/www.google.com\/maps\/d\/embed?mid=1BU7dyAKczgKE7rF3zknyRReDWisAIB_N&ll=46.19858489081409%2C6.147492140492861&z=13\" style=\"width: 100%; height: 80vh\"><\/iframe>\t\t<\/div>\n\t\t\t\t<\/div>\n\t\t\t\t\t<\/div>\n\t\t<\/div>\n\t\t\t\t\t\t\t<\/div>\n\t\t<\/section>\n\t\t\t\t<section class=\"elementor-section elementor-top-section elementor-element elementor-element-4cb34ade elementor-section-full_width elementor-section-height-min-height elementor-section-items-stretch elementor-section-height-default\" data-id=\"4cb34ade\" data-element_type=\"section\" data-settings=\"{&quot;background_background&quot;:&quot;classic&quot;}\">\n\t\t\t\t\t\t<div class=\"elementor-container elementor-column-gap-default\">\n\t\t\t\t\t<div class=\"elementor-column elementor-col-50 elementor-top-column elementor-element elementor-element-6d6770c5\" data-id=\"6d6770c5\" data-element_type=\"column\" data-settings=\"{&quot;background_background&quot;:&quot;classic&quot;}\">\n\t\t\t<div class=\"elementor-widget-wrap elementor-element-populated\">\n\t\t\t\t\t\t\t\t<div class=\"elementor-element elementor-element-cf9b23e elementor-widget elementor-widget-image\" data-id=\"cf9b23e\" data-element_type=\"widget\" data-widget_type=\"image.default\">\n\t\t\t\t<div class=\"elementor-widget-container\">\n\t\t\t\t\t\t\t\t\t\t\t\t\t\t\t<img loading=\"lazy\" decoding=\"async\" width=\"1024\" height=\"670\" src=\"https:\/\/wildnews.co\/wp-content\/uploads\/Capture-de\u0301cran-2020-10-26-a\u0300-23.23.50-copie-2-1024x670.png\" class=\"attachment-large size-large wp-image-502\" alt=\"\" srcset=\"https:\/\/wildnews.co\/wp-content\/uploads\/Capture-de\u0301cran-2020-10-26-a\u0300-23.23.50-copie-2-1024x670.png 1024w, https:\/\/wildnews.co\/wp-content\/uploads\/Capture-de\u0301cran-2020-10-26-a\u0300-23.23.50-copie-2-300x196.png 300w, https:\/\/wildnews.co\/wp-content\/uploads\/Capture-de\u0301cran-2020-10-26-a\u0300-23.23.50-copie-2-768x503.png 768w, https:\/\/wildnews.co\/wp-content\/uploads\/Capture-de\u0301cran-2020-10-26-a\u0300-23.23.50-copie-2-16x10.png 16w, https:\/\/wildnews.co\/wp-content\/uploads\/Capture-de\u0301cran-2020-10-26-a\u0300-23.23.50-copie-2.png 1222w\" sizes=\"auto, (max-width: 1024px) 100vw, 1024px\" \/>\t\t\t\t\t\t\t\t\t\t\t\t\t\t\t<\/div>\n\t\t\t\t<\/div>\n\t\t\t\t\t<\/div>\n\t\t<\/div>\n\t\t\t\t<div class=\"elementor-column elementor-col-50 elementor-top-column elementor-element elementor-element-64f69e93\" data-id=\"64f69e93\" data-element_type=\"column\" data-settings=\"{&quot;background_background&quot;:&quot;classic&quot;}\">\n\t\t\t<div class=\"elementor-widget-wrap elementor-element-populated\">\n\t\t\t\t\t\t\t\t<div class=\"elementor-element elementor-element-741a09e2 elementor-widget elementor-widget-heading\" data-id=\"741a09e2\" data-element_type=\"widget\" data-widget_type=\"heading.default\">\n\t\t\t\t<div class=\"elementor-widget-container\">\n\t\t\t<h2 class=\"elementor-heading-title elementor-size-default\">La plataforma<\/h2>\t\t<\/div>\n\t\t\t\t<\/div>\n\t\t\t\t<div class=\"elementor-element elementor-element-594ab84f elementor-widget elementor-widget-text-editor\" data-id=\"594ab84f\" data-element_type=\"widget\" data-widget_type=\"text-editor.default\">\n\t\t\t\t<div class=\"elementor-widget-container\">\n\t\t\t\t\t\t\t<p>Acceda a la primera plataforma de transmisi\u00f3n hologr\u00e1fica en l\u00ednea.<\/p><p>Difunda su contenido en nuestros hologramas de todo el mundo con unos pocos clics.<\/p>\t\t\t\t\t\t<\/div>\n\t\t\t\t<\/div>\n\t\t\t\t<div class=\"elementor-element elementor-element-42c33fcf elementor-align-left elementor-tablet-align-left elementor-widget elementor-widget-button\" data-id=\"42c33fcf\" data-element_type=\"widget\" data-widget_type=\"button.default\">\n\t\t\t\t<div class=\"elementor-widget-container\">\n\t\t\t\t\t<div class=\"elementor-button-wrapper\">\n\t\t\t<a class=\"elementor-button elementor-button-link elementor-size-sm elementor-animation-grow\" href=\"https:\/\/wildnews.co\/es\/join-us\/\">\n\t\t\t\t\t\t<span class=\"elementor-button-content-wrapper\">\n\t\t\t\t\t\t<span class=\"elementor-button-icon elementor-align-icon-left\">\n\t\t\t\t<i aria-hidden=\"true\" class=\"fas fa-arrow-circle-right\"><\/i>\t\t\t<\/span>\n\t\t\t\t\t\t<span class=\"elementor-button-text\">\u00danase a nosotros<\/span>\n\t\t<\/span>\n\t\t\t\t\t<\/a>\n\t\t<\/div>\n\t\t\t\t<\/div>\n\t\t\t\t<\/div>\n\t\t\t\t\t<\/div>\n\t\t<\/div>\n\t\t\t\t\t\t\t<\/div>\n\t\t<\/section>\n\t\t\t\t\t\t\t<\/div>","protected":false},"excerpt":{"rendered":"<p>Hologram map Wild news Here is the location of our devices around the world. Welcome to the \ufb01rst worldwide park of hologram advertising spaces. We are located in the world\u2019s largest metropolises, thanks to this cartography you can locate all of our installations with a single click The platform Gain access to the first online &#8230; <a title=\"Mapa\" class=\"read-more\" href=\"https:\/\/wildnews.co\/es\/map\/\" aria-label=\"M\u00e1s en Map\">Leer m\u00e1s<\/a><\/p>","protected":false},"author":1,"featured_media":0,"parent":0,"menu_order":12,"comment_status":"closed","ping_status":"closed","template":"elementor_header_footer","meta":{"footnotes":""},"class_list":["post-9528","page","type-page","status-publish"],"_links":{"self":[{"href":"https:\/\/wildnews.co\/es\/wp-json\/wp\/v2\/pages\/9528","targetHints":{"allow":["GET"]}}],"collection":[{"href":"https:\/\/wildnews.co\/es\/wp-json\/wp\/v2\/pages"}],"about":[{"href":"https:\/\/wildnews.co\/es\/wp-json\/wp\/v2\/types\/page"}],"author":[{"embeddable":true,"href":"https:\/\/wildnews.co\/es\/wp-json\/wp\/v2\/users\/1"}],"replies":[{"embeddable":true,"href":"https:\/\/wildnews.co\/es\/wp-json\/wp\/v2\/comments?post=9528"}],"version-history":[{"count":0,"href":"https:\/\/wildnews.co\/es\/wp-json\/wp\/v2\/pages\/9528\/revisions"}],"wp:attachment":[{"href":"https:\/\/wildnews.co\/es\/wp-json\/wp\/v2\/media?parent=9528"}],"curies":[{"name":"wp","href":"https:\/\/api.w.org\/{rel}","templated":true}]}}