{"id":9567,"date":"2021-04-09T09:52:50","date_gmt":"2021-04-09T09:52:50","guid":{"rendered":"https:\/\/wildnews.co\/?page_id=9567"},"modified":"2021-04-09T17:35:45","modified_gmt":"2021-04-09T17:35:45","slug":"articles","status":"publish","type":"page","link":"https:\/\/wildnews.co\/es\/articles\/","title":{"rendered":"Art\u00edculos"},"content":{"rendered":"<div data-elementor-type=\"wp-page\" data-elementor-id=\"9567\" class=\"elementor elementor-9567\" data-elementor-post-type=\"page\">\n\t\t\t\t\t\t\t\t\t<section class=\"elementor-section elementor-top-section elementor-element elementor-element-1292f856 elementor-section-content-middle elementor-section-full_width elementor-section-height-default elementor-section-height-default\" data-id=\"1292f856\" data-element_type=\"section\" data-settings=\"{&quot;background_background&quot;:&quot;classic&quot;}\">\n\t\t\t\t\t\t<div class=\"elementor-container elementor-column-gap-default\">\n\t\t\t\t\t<div class=\"elementor-column elementor-col-100 elementor-top-column elementor-element elementor-element-668a3c1\" data-id=\"668a3c1\" data-element_type=\"column\" data-settings=\"{&quot;background_background&quot;:&quot;classic&quot;}\">\n\t\t\t<div class=\"elementor-widget-wrap elementor-element-populated\">\n\t\t\t\t\t\t\t\t<div class=\"elementor-element elementor-element-17e45c41 elementor-widget elementor-widget-heading\" data-id=\"17e45c41\" data-element_type=\"widget\" data-widget_type=\"heading.default\">\n\t\t\t\t<div class=\"elementor-widget-container\">\n\t\t\t<h1 class=\"elementor-heading-title elementor-size-default\">noticias<\/h1>\t\t<\/div>\n\t\t\t\t<\/div>\n\t\t\t\t<div class=\"elementor-element elementor-element-16c26226 elementor-widget elementor-widget-text-editor\" data-id=\"16c26226\" data-element_type=\"widget\" data-widget_type=\"text-editor.default\">\n\t\t\t\t<div class=\"elementor-widget-container\">\n\t\t\t\t\t\t\t<p>Noticias salvajes<\/p>\t\t\t\t\t\t<\/div>\n\t\t\t\t<\/div>\n\t\t\t\t\t<\/div>\n\t\t<\/div>\n\t\t\t\t\t\t\t<\/div>\n\t\t<\/section>\n\t\t\t\t<section class=\"elementor-section elementor-top-section elementor-element elementor-element-138c423 elementor-section-boxed elementor-section-height-default elementor-section-height-default\" data-id=\"138c423\" data-element_type=\"section\">\n\t\t\t\t\t\t<div class=\"elementor-container elementor-column-gap-default\">\n\t\t\t\t\t<div class=\"elementor-column elementor-col-100 elementor-top-column elementor-element elementor-element-213c1aa\" data-id=\"213c1aa\" data-element_type=\"column\">\n\t\t\t<div class=\"elementor-widget-wrap elementor-element-populated\">\n\t\t\t\t\t\t\t\t<div class=\"elementor-element elementor-element-28288b5d elementor-posts__hover-none elementor-grid-3 elementor-grid-tablet-2 elementor-grid-mobile-1 elementor-posts--thumbnail-top elementor-widget elementor-widget-posts\" data-id=\"28288b5d\" data-element_type=\"widget\" data-settings=\"{&quot;cards_row_gap&quot;:{&quot;unit&quot;:&quot;px&quot;,&quot;size&quot;:15,&quot;sizes&quot;:[]},&quot;cards_columns&quot;:&quot;3&quot;,&quot;cards_columns_tablet&quot;:&quot;2&quot;,&quot;cards_columns_mobile&quot;:&quot;1&quot;,&quot;cards_row_gap_tablet&quot;:{&quot;unit&quot;:&quot;px&quot;,&quot;size&quot;:&quot;&quot;,&quot;sizes&quot;:[]},&quot;cards_row_gap_mobile&quot;:{&quot;unit&quot;:&quot;px&quot;,&quot;size&quot;:&quot;&quot;,&quot;sizes&quot;:[]}}\" data-widget_type=\"posts.cards\">\n\t\t\t\t<div class=\"elementor-widget-container\">\n\t\t\t\t\t<div class=\"elementor-posts-container elementor-posts elementor-posts--skin-cards elementor-grid\">\n\t\t\t\t<article class=\"elementor-post elementor-grid-item post-9515 post type-post status-publish format-standard has-post-thumbnail hentry category-articles category-uncategorized\">\n\t\t\t<div class=\"elementor-post__card\">\n\t\t\t\t<a class=\"elementor-post__thumbnail__link\" href=\"https:\/\/wildnews.co\/es\/wild-news-developed-its-own-3d-studio-accessible-online\/\" tabindex=\"-1\" ><div class=\"elementor-post__thumbnail\"><img loading=\"lazy\" decoding=\"async\" width=\"1024\" height=\"683\" src=\"https:\/\/wildnews.co\/wp-content\/uploads\/placeholder-1-1024x683.png\" class=\"attachment-large size-large wp-image-9516\" alt=\"\" srcset=\"https:\/\/wildnews.co\/wp-content\/uploads\/placeholder-1-1024x683.png 1024w, https:\/\/wildnews.co\/wp-content\/uploads\/placeholder-1-300x200.png 300w, https:\/\/wildnews.co\/wp-content\/uploads\/placeholder-1-768x512.png 768w, https:\/\/wildnews.co\/wp-content\/uploads\/placeholder-1-16x12.png 16w, https:\/\/wildnews.co\/wp-content\/uploads\/placeholder-1.png 1200w\" sizes=\"auto, (max-width: 1024px) 100vw, 1024px\" \/><\/div><\/a>\n\t\t\t\t<div class=\"elementor-post__badge\">Art\u00edculos<\/div>\n\t\t\t\t<div class=\"elementor-post__text\">\n\t\t\t\t<h3 class=\"elementor-post__title\">\n\t\t\t<a href=\"https:\/\/wildnews.co\/es\/wild-news-developed-its-own-3d-studio-accessible-online\/\" >\n\t\t\t\tWild News desarroll\u00f3 su propio estudio 3D accesible en l\u00ednea\t\t\t<\/a>\n\t\t<\/h3>\n\t\t\t\t<div class=\"elementor-post__excerpt\">\n\t\t\t<p>Wild News lanzar\u00e1 un estudio 3D en l\u00ednea con su plataforma el 28 de abril. El estudio permitir\u00e1<\/p>\n\t\t<\/div>\n\t\t\n\t\t<a class=\"elementor-post__read-more\" href=\"https:\/\/wildnews.co\/es\/wild-news-developed-its-own-3d-studio-accessible-online\/\" aria-label=\"M\u00e1s informaci\u00f3n sobre Wild News developed its own 3D studio accessible online\" tabindex=\"-1\" >\n\t\t\tLeer m\u00e1s \"\t\t<\/a>\n\n\t\t\t\t<\/div>\n\t\t\t\t\t<\/div>\n\t\t<\/article>\n\t\t\t\t<article class=\"elementor-post elementor-grid-item post-9509 post type-post status-publish format-standard has-post-thumbnail hentry category-articles category-uncategorized\">\n\t\t\t<div class=\"elementor-post__card\">\n\t\t\t\t<a class=\"elementor-post__thumbnail__link\" href=\"https:\/\/wildnews.co\/es\/wild-news-announces-platform-launch\/\" tabindex=\"-1\" ><div class=\"elementor-post__thumbnail\"><img loading=\"lazy\" decoding=\"async\" width=\"1024\" height=\"683\" src=\"https:\/\/wildnews.co\/wp-content\/uploads\/placeholder-1-1024x683.png\" class=\"attachment-large size-large wp-image-9516\" alt=\"\" srcset=\"https:\/\/wildnews.co\/wp-content\/uploads\/placeholder-1-1024x683.png 1024w, https:\/\/wildnews.co\/wp-content\/uploads\/placeholder-1-300x200.png 300w, https:\/\/wildnews.co\/wp-content\/uploads\/placeholder-1-768x512.png 768w, https:\/\/wildnews.co\/wp-content\/uploads\/placeholder-1-16x12.png 16w, https:\/\/wildnews.co\/wp-content\/uploads\/placeholder-1.png 1200w\" sizes=\"auto, (max-width: 1024px) 100vw, 1024px\" \/><\/div><\/a>\n\t\t\t\t<div class=\"elementor-post__badge\">Art\u00edculos<\/div>\n\t\t\t\t<div class=\"elementor-post__text\">\n\t\t\t\t<h3 class=\"elementor-post__title\">\n\t\t\t<a href=\"https:\/\/wildnews.co\/es\/wild-news-announces-platform-launch\/\" >\n\t\t\t\tWild News anuncia el lanzamiento de su plataforma\t\t\t<\/a>\n\t\t<\/h3>\n\t\t\t\t<div class=\"elementor-post__excerpt\">\n\t\t\t<p>Wild News reduce las fronteras de la comunicaci\u00f3n gracias a su plataforma centralizada. Las agencias pueden ahora transferir su dise\u00f1o directamente a los hologramas a trav\u00e9s de<\/p>\n\t\t<\/div>\n\t\t\n\t\t<a class=\"elementor-post__read-more\" href=\"https:\/\/wildnews.co\/es\/wild-news-announces-platform-launch\/\" aria-label=\"M\u00e1s informaci\u00f3n sobre Wild News Announces Platform Launch\" tabindex=\"-1\" >\n\t\t\tLeer m\u00e1s \"\t\t<\/a>\n\n\t\t\t\t<\/div>\n\t\t\t\t\t<\/div>\n\t\t<\/article>\n\t\t\t\t<article class=\"elementor-post elementor-grid-item post-9501 post type-post status-publish format-standard has-post-thumbnail hentry category-articles category-uncategorized\">\n\t\t\t<div class=\"elementor-post__card\">\n\t\t\t\t<a class=\"elementor-post__thumbnail__link\" href=\"https:\/\/wildnews.co\/es\/wild-news-announces-launch-party-in-collaboration-with-tesla\/\" tabindex=\"-1\" ><div class=\"elementor-post__thumbnail\"><img loading=\"lazy\" decoding=\"async\" width=\"1024\" height=\"683\" src=\"https:\/\/wildnews.co\/wp-content\/uploads\/placeholder-1-1024x683.png\" class=\"attachment-large size-large wp-image-9516\" alt=\"\" srcset=\"https:\/\/wildnews.co\/wp-content\/uploads\/placeholder-1-1024x683.png 1024w, https:\/\/wildnews.co\/wp-content\/uploads\/placeholder-1-300x200.png 300w, https:\/\/wildnews.co\/wp-content\/uploads\/placeholder-1-768x512.png 768w, https:\/\/wildnews.co\/wp-content\/uploads\/placeholder-1-16x12.png 16w, https:\/\/wildnews.co\/wp-content\/uploads\/placeholder-1.png 1200w\" sizes=\"auto, (max-width: 1024px) 100vw, 1024px\" \/><\/div><\/a>\n\t\t\t\t<div class=\"elementor-post__badge\">Art\u00edculos<\/div>\n\t\t\t\t<div class=\"elementor-post__text\">\n\t\t\t\t<h3 class=\"elementor-post__title\">\n\t\t\t<a href=\"https:\/\/wildnews.co\/es\/wild-news-announces-launch-party-in-collaboration-with-tesla\/\" >\n\t\t\t\tWild News anuncia una fiesta de lanzamiento en colaboraci\u00f3n con Tesla\t\t\t<\/a>\n\t\t<\/h3>\n\t\t\t\t<div class=\"elementor-post__excerpt\">\n\t\t\t<p>Wild News, la start-up a la vanguardia en el despliegue de un nuevo modelo de comunicaci\u00f3n en 3D, anuncia su exclusiva<\/p>\n\t\t<\/div>\n\t\t\n\t\t<a class=\"elementor-post__read-more\" href=\"https:\/\/wildnews.co\/es\/wild-news-announces-launch-party-in-collaboration-with-tesla\/\" aria-label=\"M\u00e1s informaci\u00f3n sobre Wild News Announces Launch Party in Collaboration with Tesla\" tabindex=\"-1\" >\n\t\t\tLeer m\u00e1s \"\t\t<\/a>\n\n\t\t\t\t<\/div>\n\t\t\t\t\t<\/div>\n\t\t<\/article>\n\t\t\t\t<article class=\"elementor-post elementor-grid-item post-3839 post type-post status-publish format-standard has-post-thumbnail hentry category-articles category-uncategorized\">\n\t\t\t<div class=\"elementor-post__card\">\n\t\t\t\t<a class=\"elementor-post__thumbnail__link\" href=\"https:\/\/wildnews.co\/es\/return-on-marketing-investment-romi\/\" tabindex=\"-1\" ><div class=\"elementor-post__thumbnail\"><img loading=\"lazy\" decoding=\"async\" width=\"600\" height=\"757\" src=\"https:\/\/wildnews.co\/wp-content\/uploads\/analytics.jpg\" class=\"attachment-large size-large wp-image-9543\" alt=\"\" srcset=\"https:\/\/wildnews.co\/wp-content\/uploads\/analytics.jpg 600w, https:\/\/wildnews.co\/wp-content\/uploads\/analytics-238x300.jpg 238w, https:\/\/wildnews.co\/wp-content\/uploads\/analytics-10x12.jpg 10w\" sizes=\"auto, (max-width: 600px) 100vw, 600px\" \/><\/div><\/a>\n\t\t\t\t<div class=\"elementor-post__badge\">Art\u00edculos<\/div>\n\t\t\t\t<div class=\"elementor-post__text\">\n\t\t\t\t<h3 class=\"elementor-post__title\">\n\t\t\t<a href=\"https:\/\/wildnews.co\/es\/return-on-marketing-investment-romi\/\" >\n\t\t\t\tRetorno de la inversi\u00f3n\t\t\t<\/a>\n\t\t<\/h3>\n\t\t\t\t<div class=\"elementor-post__excerpt\">\n\t\t\t<p>El rendimiento de la inversi\u00f3n en marketing es la diferencia entre el gasto o la inversi\u00f3n directa en marketing de una empresa y el beneficio.<\/p>\n\t\t<\/div>\n\t\t\n\t\t<a class=\"elementor-post__read-more\" href=\"https:\/\/wildnews.co\/es\/return-on-marketing-investment-romi\/\" aria-label=\"M\u00e1s informaci\u00f3n sobre Return On Investment\" tabindex=\"-1\" >\n\t\t\tLeer m\u00e1s \"\t\t<\/a>\n\n\t\t\t\t<\/div>\n\t\t\t\t\t<\/div>\n\t\t<\/article>\n\t\t\t\t<article class=\"elementor-post elementor-grid-item post-3820 post type-post status-publish format-standard has-post-thumbnail hentry category-articles category-uncategorized\">\n\t\t\t<div class=\"elementor-post__card\">\n\t\t\t\t<a class=\"elementor-post__thumbnail__link\" href=\"https:\/\/wildnews.co\/es\/billboard-advertising\/\" tabindex=\"-1\" ><div class=\"elementor-post__thumbnail\"><img loading=\"lazy\" decoding=\"async\" width=\"600\" height=\"757\" src=\"https:\/\/wildnews.co\/wp-content\/uploads\/billboard-street-ads-vertical.jpg\" class=\"attachment-large size-large wp-image-9524\" alt=\"\" srcset=\"https:\/\/wildnews.co\/wp-content\/uploads\/billboard-street-ads-vertical.jpg 600w, https:\/\/wildnews.co\/wp-content\/uploads\/billboard-street-ads-vertical-238x300.jpg 238w, https:\/\/wildnews.co\/wp-content\/uploads\/billboard-street-ads-vertical-10x12.jpg 10w\" sizes=\"auto, (max-width: 600px) 100vw, 600px\" \/><\/div><\/a>\n\t\t\t\t<div class=\"elementor-post__badge\">Art\u00edculos<\/div>\n\t\t\t\t<div class=\"elementor-post__text\">\n\t\t\t\t<h3 class=\"elementor-post__title\">\n\t\t\t<a href=\"https:\/\/wildnews.co\/es\/billboard-advertising\/\" >\n\t\t\t\tPublicidad en vallas publicitarias\t\t\t<\/a>\n\t\t<\/h3>\n\t\t\t\t<div class=\"elementor-post__excerpt\">\n\t\t\t<p>La publicidad en vallas publicitarias es uno de los mejores m\u00e9todos para llegar a un mayor n\u00famero de clientes potenciales que otras formas de publicidad.<\/p>\n\t\t<\/div>\n\t\t\n\t\t<a class=\"elementor-post__read-more\" href=\"https:\/\/wildnews.co\/es\/billboard-advertising\/\" aria-label=\"M\u00e1s informaci\u00f3n sobre Billboard Advertising\" tabindex=\"-1\" >\n\t\t\tLeer m\u00e1s \"\t\t<\/a>\n\n\t\t\t\t<\/div>\n\t\t\t\t\t<\/div>\n\t\t<\/article>\n\t\t\t\t<article class=\"elementor-post elementor-grid-item post-651 post type-post status-publish format-standard has-post-thumbnail hentry category-articles category-products\">\n\t\t\t<div class=\"elementor-post__card\">\n\t\t\t\t<a class=\"elementor-post__thumbnail__link\" href=\"https:\/\/wildnews.co\/es\/hologram\/\" tabindex=\"-1\" ><div class=\"elementor-post__thumbnail\"><img loading=\"lazy\" decoding=\"async\" width=\"800\" height=\"800\" src=\"https:\/\/wildnews.co\/wp-content\/uploads\/Photo-de-demonstration.jpg\" class=\"attachment-large size-large wp-image-9544\" alt=\"\" srcset=\"https:\/\/wildnews.co\/wp-content\/uploads\/Photo-de-demonstration.jpg 800w, https:\/\/wildnews.co\/wp-content\/uploads\/Photo-de-demonstration-300x300.jpg 300w, https:\/\/wildnews.co\/wp-content\/uploads\/Photo-de-demonstration-150x150.jpg 150w, https:\/\/wildnews.co\/wp-content\/uploads\/Photo-de-demonstration-768x768.jpg 768w, https:\/\/wildnews.co\/wp-content\/uploads\/Photo-de-demonstration-12x12.jpg 12w\" sizes=\"auto, (max-width: 800px) 100vw, 800px\" \/><\/div><\/a>\n\t\t\t\t<div class=\"elementor-post__badge\">Art\u00edculos<\/div>\n\t\t\t\t<div class=\"elementor-post__text\">\n\t\t\t\t<h3 class=\"elementor-post__title\">\n\t\t\t<a href=\"https:\/\/wildnews.co\/es\/hologram\/\" >\n\t\t\t\tAnuncios hologr\u00e1ficos\t\t\t<\/a>\n\t\t<\/h3>\n\t\t\t\t<div class=\"elementor-post__excerpt\">\n\t\t\t<p>\u00bfQu\u00e9 es un holograma? Una pantalla hologr\u00e1fica es un objeto que utiliza la proyecci\u00f3n hologr\u00e1fica para proyectar una imagen a un<\/p>\n\t\t<\/div>\n\t\t\n\t\t<a class=\"elementor-post__read-more\" href=\"https:\/\/wildnews.co\/es\/hologram\/\" aria-label=\"M\u00e1s informaci\u00f3n sobre Holographic Ads\" tabindex=\"-1\" >\n\t\t\tLeer m\u00e1s \"\t\t<\/a>\n\n\t\t\t\t<\/div>\n\t\t\t\t\t<\/div>\n\t\t<\/article>\n\t\t\t\t<\/div>\n\t\t\n\t\t\t\t<\/div>\n\t\t\t\t<\/div>\n\t\t\t\t\t<\/div>\n\t\t<\/div>\n\t\t\t\t\t\t\t<\/div>\n\t\t<\/section>\n\t\t\t\t\t\t\t<\/div>","protected":false},"excerpt":{"rendered":"<p>news Wild news<\/p>","protected":false},"author":1,"featured_media":0,"parent":0,"menu_order":13,"comment_status":"closed","ping_status":"closed","template":"elementor_header_footer","meta":{"footnotes":""},"class_list":["post-9567","page","type-page","status-publish","hentry"],"_links":{"self":[{"href":"https:\/\/wildnews.co\/es\/wp-json\/wp\/v2\/pages\/9567","targetHints":{"allow":["GET"]}}],"collection":[{"href":"https:\/\/wildnews.co\/es\/wp-json\/wp\/v2\/pages"}],"about":[{"href":"https:\/\/wildnews.co\/es\/wp-json\/wp\/v2\/types\/page"}],"author":[{"embeddable":true,"href":"https:\/\/wildnews.co\/es\/wp-json\/wp\/v2\/users\/1"}],"replies":[{"embeddable":true,"href":"https:\/\/wildnews.co\/es\/wp-json\/wp\/v2\/comments?post=9567"}],"version-history":[{"count":0,"href":"https:\/\/wildnews.co\/es\/wp-json\/wp\/v2\/pages\/9567\/revisions"}],"wp:attachment":[{"href":"https:\/\/wildnews.co\/es\/wp-json\/wp\/v2\/media?parent=9567"}],"curies":[{"name":"wp","href":"https:\/\/api.w.org\/{rel}","templated":true}]}}