{"id":9608,"date":"2021-04-09T10:27:27","date_gmt":"2021-04-09T10:27:27","guid":{"rendered":"https:\/\/wildnews.co\/?page_id=9608"},"modified":"2021-04-09T16:59:00","modified_gmt":"2021-04-09T16:59:00","slug":"privacy-policy","status":"publish","type":"page","link":"https:\/\/wildnews.co\/es\/privacy-policy\/","title":{"rendered":"Pol\u00edtica de privacidad"},"content":{"rendered":"<div data-elementor-type=\"wp-page\" data-elementor-id=\"9608\" class=\"elementor elementor-9608\" data-elementor-post-type=\"page\">\n\t\t\t\t\t\t\t\t\t<section class=\"elementor-section elementor-top-section elementor-element elementor-element-76eae8c6 elementor-section-boxed elementor-section-height-default elementor-section-height-default\" data-id=\"76eae8c6\" data-element_type=\"section\">\n\t\t\t\t\t\t<div class=\"elementor-container elementor-column-gap-default\">\n\t\t\t\t\t<div class=\"elementor-column elementor-col-100 elementor-top-column elementor-element elementor-element-6137f57\" data-id=\"6137f57\" data-element_type=\"column\">\n\t\t\t<div class=\"elementor-widget-wrap elementor-element-populated\">\n\t\t\t\t\t\t\t\t<div class=\"elementor-element elementor-element-1367068a elementor-widget elementor-widget-heading\" data-id=\"1367068a\" data-element_type=\"widget\" data-widget_type=\"heading.default\">\n\t\t\t\t<div class=\"elementor-widget-container\">\n\t\t\t<h2 class=\"elementor-heading-title elementor-size-default\">Pol\u00edtica de privacidad<\/h2>\t\t<\/div>\n\t\t\t\t<\/div>\n\t\t\t\t\t<\/div>\n\t\t<\/div>\n\t\t\t\t\t\t\t<\/div>\n\t\t<\/section>\n\t\t\t\t<section class=\"elementor-section elementor-top-section elementor-element elementor-element-30b05a0f elementor-section-boxed elementor-section-height-default elementor-section-height-default\" data-id=\"30b05a0f\" data-element_type=\"section\">\n\t\t\t\t\t\t<div class=\"elementor-container elementor-column-gap-default\">\n\t\t\t\t\t<div class=\"elementor-column elementor-col-100 elementor-top-column elementor-element elementor-element-64be7f6e\" data-id=\"64be7f6e\" data-element_type=\"column\">\n\t\t\t<div class=\"elementor-widget-wrap elementor-element-populated\">\n\t\t\t\t\t\t\t\t<div class=\"elementor-element elementor-element-6e73ec40 elementor-widget elementor-widget-text-editor\" data-id=\"6e73ec40\" data-element_type=\"widget\" data-widget_type=\"text-editor.default\">\n\t\t\t\t<div class=\"elementor-widget-container\">\n\t\t\t\t\t\t\t<p>WILD NEWS CORPORATION (\"nosotros\", \"nos\" o \"nuestro\") gestiona el mencionado \"Servicio\", que es el siguiente sitio web: https:\/\/wildnews.co<\/p><p>Esta p\u00e1gina le informa de nuestras pol\u00edticas relativas a la recopilaci\u00f3n, el uso y la divulgaci\u00f3n de datos personales cuando utiliza nuestro Servicio y las opciones que tiene asociadas a esos datos.<\/p><p>Utilizamos sus datos para proporcionar y mejorar el Servicio. Al utilizar el Servicio, usted acepta la recopilaci\u00f3n y el uso de la informaci\u00f3n de acuerdo con esta pol\u00edtica. A menos que se defina lo contrario en esta pol\u00edtica de privacidad, los t\u00e9rminos utilizados en esta pol\u00edtica de privacidad tienen el mismo significado que en nuestros T\u00e9rminos y Condiciones, accesibles desde https:\/\/wildnews.co<\/p><p><strong>DEFINICIONES<\/strong><\/p><p><strong>Servicio<\/strong><\/p><p>El servicio es el sitio web https:\/\/wildnews.co operado por WILD NEWS CORPORATION.<\/p><p><strong>Datos personales<\/strong><\/p><p>Por datos personales se entienden los datos de una persona viva que puede ser identificada a partir de dichos datos (o de \u00e9stos y de otra informaci\u00f3n que est\u00e9 en nuestro poder o que pueda llegar a estarlo).<\/p><p><strong>Datos de uso<\/strong><\/p><p>Los datos de uso son datos recogidos autom\u00e1ticamente, ya sea generados por el uso del Servicio o por la propia infraestructura del Servicio (por ejemplo, la duraci\u00f3n de la visita a una p\u00e1gina).<\/p><p><strong>Galletas<\/strong><\/p><p>Las cookies son peque\u00f1os archivos almacenados en su dispositivo (ordenador o dispositivo m\u00f3vil).<\/p><p><strong>Controlador de datos<\/strong><\/p><p>Responsable del tratamiento de datos: la persona f\u00edsica o jur\u00eddica que (sola o conjuntamente o en com\u00fan con otras personas) determina los fines y la forma en que se tratan o se tratar\u00e1n los datos personales.<\/p><p>A los efectos de esta Pol\u00edtica de Privacidad, somos un Controlador de Datos de sus Datos Personales.<\/p><p><strong>Procesadores de datos (o proveedores de servicios)<\/strong><\/p><p>Procesador de datos (o proveedor de servicios) significa cualquier persona f\u00edsica o jur\u00eddica que procesa los datos en nombre del controlador de datos.<\/p><p>Podemos utilizar los servicios de varios proveedores de servicios para procesar sus datos de manera m\u00e1s eficaz.<\/p><p><strong>Usuario<\/strong><\/p><p>El sujeto de los datos es toda persona viva que utiliza nuestro servicio y es objeto de datos personales.<\/p><p>\u00a0<\/p><p><strong>RECOGIDA Y USO DE LA INFORMACI\u00d3N<\/strong><\/p><p>Recogemos varios tipos de informaci\u00f3n con diversos fines para proporcionarle y mejorar nuestro Servicio.<\/p><p><strong>Tipos de datos recogidos<\/strong><\/p><p><strong>Datos personales<\/strong><\/p><p>Al utilizar nuestro Servicio, es posible que le pidamos que nos proporcione cierta informaci\u00f3n de identificaci\u00f3n personal que puede utilizarse para ponerse en contacto con usted o identificarle (\"Datos personales\"). La informaci\u00f3n personal identificable puede incluir, pero no est\u00e1 limitada a:<\/p><p>Direcci\u00f3n de correo electr\u00f3nico<\/p><p>Nombre y apellidos<\/p><p>N\u00famero de tel\u00e9fono<\/p><p>Direcci\u00f3n, Estado, Provincia, C\u00f3digo postal, Ciudad<\/p><p>\u00a0<\/p><p><strong>Cookies y datos de uso<\/strong><\/p><p>Podemos utilizar sus datos personales para ponernos en contacto con usted mediante boletines informativos, material de marketing o promocional y otra informaci\u00f3n que pueda ser de su inter\u00e9s.<\/p><p>Puede optar por no recibir ninguna, o todas, estas comunicaciones de nosotros siguiendo el enlace de cancelaci\u00f3n de la suscripci\u00f3n o las instrucciones proporcionadas en cualquier correo electr\u00f3nico que enviemos.<\/p><p>\u00a0<\/p><p><strong>Datos de uso<\/strong><\/p><p>Tambi\u00e9n podemos recopilar informaci\u00f3n sobre c\u00f3mo se accede y se utiliza el Servicio (\"Datos de uso\"). Estos Datos de Uso pueden incluir informaci\u00f3n como la direcci\u00f3n de Protocolo de Internet de su ordenador (por ejemplo, la direcci\u00f3n IP), el tipo de navegador, la versi\u00f3n del navegador, las p\u00e1ginas de nuestro Servicio que visita, la hora y la fecha de su visita, el tiempo que pasa en esas p\u00e1ginas, los identificadores de dispositivo \u00fanicos y otros datos de diagn\u00f3stico.<\/p><p>\u00a0<\/p><p><strong>Datos de seguimiento y cookies<\/strong><\/p><p>Utilizamos cookies y tecnolog\u00edas de seguimiento similares para rastrear la actividad en nuestro Servicio y guardamos cierta informaci\u00f3n.<\/p><p>Las cookies son archivos con una peque\u00f1a cantidad de datos que pueden incluir un identificador \u00fanico an\u00f3nimo. Las cookies se env\u00edan a su navegador desde un sitio web y se almacenan en su dispositivo. Tambi\u00e9n se utilizan otras tecnolog\u00edas de seguimiento, como balizas, etiquetas y scripts, para recopilar y rastrear informaci\u00f3n y mejorar y analizar nuestro Servicio.<\/p><p>Usted puede indicar a su navegador que rechace todas las cookies o que le indique cu\u00e1ndo se env\u00eda una cookie. Sin embargo, si no acepta las cookies, es posible que no pueda utilizar algunas partes de nuestro Servicio.<\/p><p>Ejemplos de cookies que utilizamos:<\/p><p>Cookies de sesi\u00f3n. Utilizamos cookies de sesi\u00f3n para el funcionamiento de nuestro Servicio.<\/p><p>Cookies de preferencia. Utilizamos cookies de preferencia para recordar sus preferencias y diversos ajustes.<\/p><p>Cookies de seguridad. Utilizamos cookies de seguridad por motivos de seguridad.<\/p><p>\u00a0<\/p><p><strong>Uso de los datos<\/strong><\/p><p>WILD NEWS CORPORATION utiliza los datos recogidos para diversos fines:<\/p><ul><li>Para proporcionar y mantener nuestro Servicio<\/li><li>Para notificarle los cambios en nuestro Servicio<\/li><li>Permitirle participar en las funciones interactivas de nuestro Servicio cuando decida hacerlo<\/li><li>Proporcionar asistencia al cliente<\/li><li>Recoger an\u00e1lisis o informaci\u00f3n valiosa para que podamos mejorar nuestro Servicio<\/li><li>Para controlar el uso de nuestro Servicio<\/li><li>Detectar, prevenir y resolver problemas t\u00e9cnicos<\/li><li>Proporcionarle noticias, ofertas especiales e informaci\u00f3n general sobre otros bienes, servicios y eventos que ofrecemos y que son similares a los que ya ha comprado o sobre los que ha preguntado, a menos que haya optado por no recibir dicha informaci\u00f3n<\/li><\/ul><p>\u00a0<\/p><p><strong>Base legal para el tratamiento de datos personales seg\u00fan el Reglamento General de Protecci\u00f3n de Datos (RGPD)<\/strong><\/p><p>Si usted es del Espacio Econ\u00f3mico Europeo (EEE), la base legal de WILD NEWS CORPORATION para recoger y utilizar la informaci\u00f3n personal descrita en esta Pol\u00edtica de Privacidad depende de los Datos Personales que recogemos y del contexto espec\u00edfico en el que los recogemos.<\/p><p>WILD NEWS CORPORATION puede tratar sus Datos Personales porque:<\/p><ul><li>Necesitamos cumplir un contrato con usted<\/li><li>Usted nos ha dado permiso para hacerlo<\/li><li>El tratamiento responde a nuestros intereses leg\u00edtimos y no se ve anulado por sus derechos<\/li><li>Para procesar el pago<\/li><li>Para cumplir con la ley<\/li><\/ul><p>\u00a0<\/p><p><strong>Conservaci\u00f3n de datos<\/strong><\/p><p>WILD NEWS CORPORATION conservar\u00e1 sus Datos Personales s\u00f3lo durante el tiempo necesario para los fines establecidos en esta Pol\u00edtica de Privacidad. Conservaremos y utilizaremos sus Datos Personales en la medida en que sea necesario para cumplir con nuestras obligaciones legales (por ejemplo, si estamos obligados a conservar sus datos para cumplir con la legislaci\u00f3n aplicable), resolver conflictos y hacer cumplir nuestros acuerdos y pol\u00edticas legales.<\/p><p>WILD NEWS CORPORATION WITHOUT BORDERS FEDERATION tambi\u00e9n conservar\u00e1 los Datos de Uso para fines de an\u00e1lisis interno. Los Datos de Uso se conservan generalmente durante un per\u00edodo de tiempo m\u00e1s corto, excepto cuando estos datos se utilizan para reforzar la seguridad o para mejorar la funcionalidad de nuestro servicio, o estamos legalmente obligados a conservar estos datos durante per\u00edodos m\u00e1s largos.<\/p><p>\u00a0<\/p><p><strong>Transferencia de datos<\/strong><\/p><p>Su informaci\u00f3n, incluidos los Datos Personales, puede ser transferida a -y mantenida en- ordenadores situados fuera de su estado, provincia, pa\u00eds u otra jurisdicci\u00f3n gubernamental donde las leyes de protecci\u00f3n de datos pueden diferir de las de su jurisdicci\u00f3n.<\/p><p>Si se encuentra fuera de Suiza y decide proporcionarnos informaci\u00f3n, tenga en cuenta que transferimos los datos, incluidos los datos personales, a Suiza y los procesamos all\u00ed.<\/p><p>Su consentimiento a la presente pol\u00edtica de privacidad, seguido del env\u00edo de dicha informaci\u00f3n, representa su acuerdo con dicha transferencia.<\/p><p>WILD NEWS CORPORATION tomar\u00e1 todas las medidas razonablemente necesarias para garantizar que sus datos sean tratados de forma segura y de acuerdo con esta Pol\u00edtica de Privacidad y no se llevar\u00e1 a cabo ninguna transferencia de sus Datos Personales a una organizaci\u00f3n o un pa\u00eds a menos que haya controles adecuados que incluyan la seguridad de sus datos y otra informaci\u00f3n personal.<\/p><p><strong>Divulgaci\u00f3n de datos<\/strong><\/p><p><strong>Transacci\u00f3n comercial<\/strong><\/p><p>Si WILD NEWS CORPORATION participa en una fusi\u00f3n, adquisici\u00f3n o venta de activos, sus datos personales pueden ser transferidos. Le avisaremos antes de que sus datos personales sean transferidos y queden sujetos a una pol\u00edtica de privacidad diferente.<\/p><p><strong>Divulgaci\u00f3n para la aplicaci\u00f3n de la ley<\/strong><\/p><p>En determinadas circunstancias, WILD NEWS CORPORATION puede verse obligada a revelar sus Datos Personales si as\u00ed lo exige la ley o en respuesta a<\/p><p>a las solicitudes v\u00e1lidas de las autoridades p\u00fablicas (por ejemplo, un tribunal o un organismo gubernamental).<\/p><p><strong>Requisitos legales<\/strong><\/p><p>WILD NEWS CORPORATION puede revelar sus Datos Personales si cree de buena fe que dicha acci\u00f3n es necesaria para:<\/p><ul><li>Para cumplir con una obligaci\u00f3n legal<\/li><li>Para proteger y defender los derechos o la propiedad de WILD NEWS CORPORATION<\/li><li>Para prevenir o investigar posibles infracciones en relaci\u00f3n con el Servicio<\/li><li>Proteger la seguridad personal de los usuarios del Servicio o del p\u00fablico<\/li><li>Para protegerse de la responsabilidad legal<\/li><\/ul><p><strong>Seguridad de los datos<\/strong><\/p><p>La seguridad de sus datos es importante para nosotros, pero recuerde que ning\u00fan m\u00e9todo de transmisi\u00f3n por Internet o m\u00e9todo de almacenamiento electr\u00f3nico es 100% seguro. Aunque nos esforzamos por utilizar medios comercialmente aceptables para proteger sus Datos Personales, no podemos garantizar su absoluta seguridad.<\/p><p>Nuestra pol\u00edtica sobre las se\u00f1ales \"Do Not Track\" (no rastrear) en virtud de la Ley de Protecci\u00f3n en L\u00ednea de California (CalOPPA)<\/p><p>No admitimos el sistema Do Not Track (\"DNT\"). Do Not Track es una preferencia que puede configurar en su navegador web para informar a los sitios web de que no desea ser rastreado. Puede activar o desactivar Do Not Track visitando la p\u00e1gina de Preferencias o Configuraci\u00f3n de su navegador web.<\/p><p><strong>Sus derechos de protecci\u00f3n de datos seg\u00fan el Reglamento General de Protecci\u00f3n de Datos (RGPD)<\/strong><\/p><p>Si usted reside en el Espacio Econ\u00f3mico Europeo (EEE), tiene ciertos derechos de protecci\u00f3n de datos. WILD NEWS CORPORATION tiene como objetivo tomar medidas razonables para permitirle corregir, modificar, eliminar o limitar el uso de sus datos personales.<\/p><p>Si desea que le informemos sobre los datos personales que tenemos sobre usted y si quiere que los eliminemos de nuestros sistemas, p\u00f3ngase en contacto con nosotros.<\/p><p>En determinadas circunstancias, usted tiene los siguientes derechos de protecci\u00f3n de datos:<\/p><p>El derecho a acceder, actualizar o eliminar la informaci\u00f3n que tenemos sobre usted. Siempre que sea posible, puede acceder, actualizar o solicitar la eliminaci\u00f3n de sus datos personales directamente en la secci\u00f3n de configuraci\u00f3n de su cuenta. Si no puede realizar estas acciones usted mismo, p\u00f3ngase en contacto con nosotros para que le ayudemos.<\/p><p>Derecho de rectificaci\u00f3n. Tiene derecho a que se rectifiquen sus datos si \u00e9stos son inexactos o incompletos.<\/p><p>Derecho de oposici\u00f3n. Tiene derecho a oponerse a que tratemos sus datos personales.<\/p><p>El derecho de restricci\u00f3n. Tiene derecho a solicitar que se restrinja el tratamiento de sus datos personales.<\/p><p>Derecho a la portabilidad de los datos. Tiene derecho a recibir una copia de la informaci\u00f3n que tenemos sobre usted en un formato estructurado, legible por m\u00e1quina y de uso com\u00fan.<\/p><p>Derecho a retirar el consentimiento. Tambi\u00e9n tiene derecho a retirar su consentimiento en cualquier momento cuando WILD NEWS CORPORATION se haya basado en su consentimiento para procesar su informaci\u00f3n personal.<\/p><p>Tenga en cuenta que podemos pedirle que verifique su identidad antes de responder a dichas solicitudes.<\/p><p>Usted tiene derecho a presentar una queja ante una Autoridad de Protecci\u00f3n de Datos acerca de nuestra recopilaci\u00f3n y uso de sus Datos Personales. Para m\u00e1s informaci\u00f3n, p\u00f3ngase en contacto con su autoridad local de protecci\u00f3n de datos en el Espacio Econ\u00f3mico Europeo (EEE).<\/p><p><strong>Transacci\u00f3n comercial<\/strong><\/p><p>Si WILD NEWS CORPORATION participa en una fusi\u00f3n, adquisici\u00f3n o venta de activos, sus datos personales pueden ser transferidos. Le avisaremos antes de que sus datos personales sean transferidos y queden sujetos a una pol\u00edtica de privacidad diferente.<\/p><p><strong>Divulgaci\u00f3n para la aplicaci\u00f3n de la ley<\/strong><\/p><p>En determinadas circunstancias, WILD NEWS CORPORATION puede verse obligada a revelar sus Datos Personales si as\u00ed lo exige la ley o en respuesta a<\/p><p>a las solicitudes v\u00e1lidas de las autoridades p\u00fablicas (por ejemplo, un tribunal o un organismo gubernamental).<\/p><p><strong>PROVEEDORES DE SERVICIOS<\/strong><\/p><p>Podemos emplear a terceras empresas y personas para facilitar nuestro Servicio (\"Proveedores de Servicios\"), proporcionar el Servicio en nuestro nombre, realizar servicios relacionados con el Servicio o ayudarnos a analizar c\u00f3mo se utiliza nuestro Servicio.<\/p><p>Estos terceros tienen acceso a sus Datos Personales \u00fanicamente para realizar estas tareas en nuestro nombre y est\u00e1n obligados a no divulgarlos ni utilizarlos para ning\u00fan otro fin.<\/p><p><strong>ANAL\u00cdTICAS<\/strong><\/p><p>Podemos utilizar proveedores de servicios de terceros para supervisar y analizar el uso de nuestro Servicio.<\/p><p><strong>Google Analytics<\/strong><\/p><p>Google Analytics es un servicio de an\u00e1lisis web ofrecido por Google que rastrea e informa sobre el tr\u00e1fico del sitio web. Google utiliza los datos recopilados para rastrear y supervisar el uso de nuestro Servicio. Estos datos se comparten con otros servicios de Google. Google puede utilizar los datos recogidos para contextualizar y personalizar los anuncios de su propia red publicitaria. Puede optar por no poner su actividad en el Servicio a disposici\u00f3n de Google Analytics instalando el complemento de inhabilitaci\u00f3n para navegadores de Google Analytics. El complemento impide que el JavaScript de Google Analytics (ga.js, analytics.js y dc.js) comparta informaci\u00f3n con Google Analytics sobre la actividad de las visitas.<\/p><p>Para obtener m\u00e1s informaci\u00f3n sobre las pr\u00e1cticas de privacidad de Google, visite la p\u00e1gina web de privacidad y condiciones de Google: <a href=\"https:\/\/policies.google.com\/privacy?hl=en\">https:\/\/policies.google.com\/privacy?hl=en<\/a><\/p><p><strong>Pagos<\/strong><\/p><p>Podemos ofrecer productos y\/o servicios de pago dentro del Servicio. En ese caso, utilizamos servicios de terceros para el procesamiento de pagos (por ejemplo, procesadores de pagos).<\/p><p>No almacenamos ni recogemos los datos de su tarjeta de pago. Esa informaci\u00f3n se proporciona directamente a nuestros procesadores de pago externos, cuyo uso de su informaci\u00f3n personal se rige por su pol\u00edtica de privacidad. Estos procesadores de pago se adhieren a las normas establecidas por el PCI-DSS, gestionado por el PCI Security Standards Council, que es un esfuerzo conjunto de marcas como Visa, MasterCard, American Express y Discover. Los requisitos del PCI-DSS ayudan a garantizar el manejo seguro de la informaci\u00f3n de pago. Podemos utilizar diferentes proveedores de soluciones de pago como Paypal, Postfinance, Stripe y otros. Invitamos a los usuarios a revisar cada pol\u00edtica de privacidad respectiva.<\/p><p><strong>Enlaces a otros sitios<\/strong><\/p><p>Nuestro Servicio puede contener enlaces a otros sitios que no son operados por nosotros. Si hace clic en un enlace de un tercero, ser\u00e1 dirigido al sitio de ese tercero. Le recomendamos encarecidamente que revise la pol\u00edtica de privacidad de cada sitio que visite. No tenemos ning\u00fan control ni asumimos ninguna responsabilidad por el contenido, las pol\u00edticas de privacidad o las pr\u00e1cticas de los sitios o servicios de terceros.<\/p><p><strong>PRIVACIDAD DE LOS NI\u00d1OS<\/strong><\/p><p>Nuestro Servicio no se dirige a menores de 18 a\u00f1os (\"Ni\u00f1os\").<\/p><p>No recopilamos conscientemente informaci\u00f3n personal identificable de ninguna persona menor de 18 a\u00f1os. Si usted es un padre o tutor y tiene conocimiento de que su hijo nos ha proporcionado datos personales, p\u00f3ngase en contacto con nosotros. Si tenemos conocimiento de que hemos recopilado Datos Personales de ni\u00f1os sin verificar el consentimiento de los padres, tomamos medidas para eliminar esa informaci\u00f3n de nuestros servidores.<\/p><p><strong>CAMBIOS EN ESTA POL\u00cdTICA DE PRIVACIDAD<\/strong><\/p><p>Podemos actualizar nuestra Pol\u00edtica de Privacidad de vez en cuando. Le notificaremos cualquier cambio publicando la nueva Pol\u00edtica de Privacidad en esta p\u00e1gina.<\/p><p>Se lo comunicaremos por correo electr\u00f3nico y\/o mediante un aviso destacado en nuestro Servicio, antes de que el cambio entre en vigor, y actualizaremos la \"fecha de entrada en vigor\" en la parte superior de esta Pol\u00edtica de Privacidad.<\/p><p>Le recomendamos que revise peri\u00f3dicamente esta pol\u00edtica de privacidad para comprobar si se han producido cambios. Los cambios en esta Pol\u00edtica de Privacidad son efectivos cuando se publican en esta p\u00e1gina.<\/p><p><strong>CONTACTAR CON NOSOTROS<\/strong><\/p><p>Si tiene alguna pregunta sobre esta Pol\u00edtica de Privacidad, por favor <a href=\"https:\/\/wildnews.co\/es\/contact\/\">contacto con nosotros<\/a><\/p>\t\t\t\t\t\t<\/div>\n\t\t\t\t<\/div>\n\t\t\t\t\t<\/div>\n\t\t<\/div>\n\t\t\t\t\t\t\t<\/div>\n\t\t<\/section>\n\t\t\t\t\t\t\t<\/div>","protected":false},"excerpt":{"rendered":"<p>WILD NEWS CORPORATION (\u201cus\u201d, \u201cwe\u201d, or \u201cour\u201d) is operating the said &#8220;Service&#8221; which is the following website: https:\/\/wildnews.co This page informs you of our policies regarding the collection, use and disclosure of personal data when you use our Service and the choices you have associated with that data. We use your data to provide and &#8230; <a title=\"Pol\u00edtica de privacidad\" class=\"read-more\" href=\"https:\/\/wildnews.co\/es\/privacy-policy\/\" aria-label=\"M\u00e1s en Privacy Policy\">Leer m\u00e1s<\/a><\/p>","protected":false},"author":1,"featured_media":0,"parent":0,"menu_order":91,"comment_status":"closed","ping_status":"closed","template":"elementor_header_footer","meta":{"footnotes":""},"class_list":["post-9608","page","type-page","status-publish"],"_links":{"self":[{"href":"https:\/\/wildnews.co\/es\/wp-json\/wp\/v2\/pages\/9608","targetHints":{"allow":["GET"]}}],"collection":[{"href":"https:\/\/wildnews.co\/es\/wp-json\/wp\/v2\/pages"}],"about":[{"href":"https:\/\/wildnews.co\/es\/wp-json\/wp\/v2\/types\/page"}],"author":[{"embeddable":true,"href":"https:\/\/wildnews.co\/es\/wp-json\/wp\/v2\/users\/1"}],"replies":[{"embeddable":true,"href":"https:\/\/wildnews.co\/es\/wp-json\/wp\/v2\/comments?post=9608"}],"version-history":[{"count":0,"href":"https:\/\/wildnews.co\/es\/wp-json\/wp\/v2\/pages\/9608\/revisions"}],"wp:attachment":[{"href":"https:\/\/wildnews.co\/es\/wp-json\/wp\/v2\/media?parent=9608"}],"curies":[{"name":"wp","href":"https:\/\/api.w.org\/{rel}","templated":true}]}}