{"id":9894,"date":"2021-04-11T16:28:38","date_gmt":"2021-04-11T16:28:38","guid":{"rendered":"https:\/\/wildnews.co\/?page_id=9894"},"modified":"2021-04-11T21:09:38","modified_gmt":"2021-04-11T21:09:38","slug":"contact-for-tv-collaboration","status":"publish","type":"page","link":"https:\/\/wildnews.co\/es\/contact-for-tv-collaboration\/","title":{"rendered":"Convertirse en difusor de TV"},"content":{"rendered":"<div data-elementor-type=\"wp-page\" data-elementor-id=\"9894\" class=\"elementor elementor-9894\" data-elementor-post-type=\"page\">\n\t\t\t\t\t\t\t\t\t<section class=\"elementor-section elementor-top-section elementor-element elementor-element-7eb717f3 elementor-section-content-middle elementor-section-full_width elementor-section-height-default elementor-section-height-default elementor-invisible\" data-id=\"7eb717f3\" data-element_type=\"section\" data-settings=\"{&quot;background_background&quot;:&quot;classic&quot;,&quot;motion_fx_motion_fx_scrolling&quot;:&quot;yes&quot;,&quot;animation&quot;:&quot;fadeIn&quot;,&quot;motion_fx_devices&quot;:[&quot;desktop&quot;,&quot;tablet&quot;,&quot;mobile&quot;]}\">\n\t\t\t\t\t\t<div class=\"elementor-container elementor-column-gap-default\">\n\t\t\t\t\t<div class=\"elementor-column elementor-col-100 elementor-top-column elementor-element elementor-element-4b1e85d5\" data-id=\"4b1e85d5\" data-element_type=\"column\" data-settings=\"{&quot;background_background&quot;:&quot;classic&quot;}\">\n\t\t\t<div class=\"elementor-widget-wrap elementor-element-populated\">\n\t\t\t\t\t\t\t\t<div class=\"elementor-element elementor-element-227f456b elementor-invisible elementor-widget elementor-widget-heading\" data-id=\"227f456b\" data-element_type=\"widget\" data-settings=\"{&quot;_animation&quot;:&quot;bounceInLeft&quot;}\" data-widget_type=\"heading.default\">\n\t\t\t\t<div class=\"elementor-widget-container\">\n\t\t\t<h2 class=\"elementor-heading-title elementor-size-default\">Convertirse en difusor de TV<\/h2>\t\t<\/div>\n\t\t\t\t<\/div>\n\t\t\t\t\t<\/div>\n\t\t<\/div>\n\t\t\t\t\t\t\t<\/div>\n\t\t<\/section>\n\t\t\t\t<section class=\"elementor-section elementor-top-section elementor-element elementor-element-1a5db5d5 elementor-section-boxed elementor-section-height-default elementor-section-height-default\" data-id=\"1a5db5d5\" data-element_type=\"section\">\n\t\t\t\t\t\t<div class=\"elementor-container elementor-column-gap-no\">\n\t\t\t\t\t<div class=\"elementor-column elementor-col-50 elementor-top-column elementor-element elementor-element-5890fd30\" data-id=\"5890fd30\" data-element_type=\"column\">\n\t\t\t<div class=\"elementor-widget-wrap elementor-element-populated\">\n\t\t\t\t\t\t\t\t<div class=\"elementor-element elementor-element-20281fde elementor-widget elementor-widget-heading\" data-id=\"20281fde\" data-element_type=\"widget\" data-widget_type=\"heading.default\">\n\t\t\t\t<div class=\"elementor-widget-container\">\n\t\t\t<h2 class=\"elementor-heading-title elementor-size-default\">Desarrolla tu Chanel de TV con Wild News<\/h2>\t\t<\/div>\n\t\t\t\t<\/div>\n\t\t\t\t<div class=\"elementor-element elementor-element-ee60985 elementor-widget elementor-widget-text-editor\" data-id=\"ee60985\" data-element_type=\"widget\" data-widget_type=\"text-editor.default\">\n\t\t\t\t<div class=\"elementor-widget-container\">\n\t\t\t\t\t\t\t<p>Ampl\u00ede su influencia y aumente su audiencia con un canal de distribuci\u00f3n revolucionario y accesible a cualquier presupuesto, de forma muy sencilla. Todo ello con la mejor tecnolog\u00eda de visualizaci\u00f3n disponible en la actualidad. Aproveche una audiencia global con m\u00e1s de 1000 dispositivos colocados en las mayores ciudades del mundo.<\/p><p>La tecnolog\u00eda hologr\u00e1fica no es un truco, es mucho m\u00e1s. Seg\u00fan varios estudios, los hologramas atraen hasta 10 veces m\u00e1s la atenci\u00f3n. Wild News ofrece una ventaja real, ya que su contenido ser\u00e1 mediblemente m\u00e1s visto. La audiencia a la que llegar\u00e1s ser\u00e1 mayor que la alcanzada por los medios de comunicaci\u00f3n tradicionales.<\/p><p>\u00a0<\/p>\t\t\t\t\t\t<\/div>\n\t\t\t\t<\/div>\n\t\t\t\t<div class=\"elementor-element elementor-element-d0df53e elementor-tablet-align-right elementor-hidden-phone elementor-align-left elementor-widget elementor-widget-button\" data-id=\"d0df53e\" data-element_type=\"widget\" data-widget_type=\"button.default\">\n\t\t\t\t<div class=\"elementor-widget-container\">\n\t\t\t\t\t<div class=\"elementor-button-wrapper\">\n\t\t\t<a class=\"elementor-button elementor-button-link elementor-size-sm elementor-animation-grow\" href=\"https:\/\/wildnews.co\/es\/3d-tv-diffusion\/\">\n\t\t\t\t\t\t<span class=\"elementor-button-content-wrapper\">\n\t\t\t\t\t\t<span class=\"elementor-button-icon elementor-align-icon-left\">\n\t\t\t\t<i aria-hidden=\"true\" class=\"fas fa-arrow-circle-right\"><\/i>\t\t\t<\/span>\n\t\t\t\t\t\t<span class=\"elementor-button-text\">M\u00e1s informaci\u00f3n<\/span>\n\t\t<\/span>\n\t\t\t\t\t<\/a>\n\t\t<\/div>\n\t\t\t\t<\/div>\n\t\t\t\t<\/div>\n\t\t\t\t\t<\/div>\n\t\t<\/div>\n\t\t\t\t<div class=\"elementor-column elementor-col-50 elementor-top-column elementor-element elementor-element-1aa50d59\" data-id=\"1aa50d59\" data-element_type=\"column\">\n\t\t\t<div class=\"elementor-widget-wrap elementor-element-populated\">\n\t\t\t\t\t\t\t\t<div class=\"elementor-element elementor-element-a625eb7 elementor-widget elementor-widget-video\" data-id=\"a625eb7\" data-element_type=\"widget\" data-settings=\"{&quot;video_type&quot;:&quot;hosted&quot;,&quot;autoplay&quot;:&quot;yes&quot;,&quot;play_on_mobile&quot;:&quot;yes&quot;,&quot;loop&quot;:&quot;yes&quot;}\" data-widget_type=\"video.default\">\n\t\t\t\t<div class=\"elementor-widget-container\">\n\t\t\t\t\t<div class=\"e-hosted-video elementor-wrapper elementor-open-inline\">\n\t\t\t\t\t<video class=\"elementor-video\" src=\"https:\/\/wildnews.live\/wp-content\/uploads\/breaking-news.mp4\" autoplay=\"\" loop=\"\" playsinline=\"\" controlslist=\"nodownload\"><\/video>\n\t\t\t\t<\/div>\n\t\t\t\t<\/div>\n\t\t\t\t<\/div>\n\t\t\t\t\t<\/div>\n\t\t<\/div>\n\t\t\t\t\t\t\t<\/div>\n\t\t<\/section>\n\t\t\t\t<section class=\"elementor-section elementor-top-section elementor-element elementor-element-79eb5a43 elementor-reverse-mobile elementor-section-boxed elementor-section-height-default elementor-section-height-default\" data-id=\"79eb5a43\" data-element_type=\"section\">\n\t\t\t\t\t\t<div class=\"elementor-container elementor-column-gap-default\">\n\t\t\t\t\t<div class=\"elementor-column elementor-col-100 elementor-top-column elementor-element elementor-element-1e43354a\" data-id=\"1e43354a\" data-element_type=\"column\">\n\t\t\t<div class=\"elementor-widget-wrap elementor-element-populated\">\n\t\t\t\t\t\t\t\t<div class=\"elementor-element elementor-element-59aa1b09 elementor-hidden-phone elementor-widget elementor-widget-image\" data-id=\"59aa1b09\" data-element_type=\"widget\" data-widget_type=\"image.default\">\n\t\t\t\t<div class=\"elementor-widget-container\">\n\t\t\t\t\t\t\t\t\t\t\t\t\t\t\t<img loading=\"lazy\" decoding=\"async\" width=\"1080\" height=\"607\" src=\"https:\/\/wildnews.co\/wp-content\/uploads\/3d-tv-ad.jpg\" class=\"attachment-full size-full wp-image-141\" alt=\"\" srcset=\"https:\/\/wildnews.co\/wp-content\/uploads\/3d-tv-ad.jpg 1080w, https:\/\/wildnews.co\/wp-content\/uploads\/3d-tv-ad-300x169.jpg 300w, https:\/\/wildnews.co\/wp-content\/uploads\/3d-tv-ad-1024x576.jpg 1024w, https:\/\/wildnews.co\/wp-content\/uploads\/3d-tv-ad-768x432.jpg 768w, https:\/\/wildnews.co\/wp-content\/uploads\/3d-tv-ad-16x9.jpg 16w\" sizes=\"auto, (max-width: 1080px) 100vw, 1080px\" \/>\t\t\t\t\t\t\t\t\t\t\t\t\t\t\t<\/div>\n\t\t\t\t<\/div>\n\t\t\t\t\t<\/div>\n\t\t<\/div>\n\t\t\t\t\t\t\t<\/div>\n\t\t<\/section>\n\t\t\t\t<section class=\"elementor-section elementor-top-section elementor-element elementor-element-4c53fe34 elementor-section-content-middle elementor-section-boxed elementor-section-height-default elementor-section-height-default\" data-id=\"4c53fe34\" data-element_type=\"section\">\n\t\t\t\t\t\t<div class=\"elementor-container elementor-column-gap-no\">\n\t\t\t\t\t<div class=\"elementor-column elementor-col-100 elementor-top-column elementor-element elementor-element-6f10b104 elementor-invisible\" data-id=\"6f10b104\" data-element_type=\"column\" data-settings=\"{&quot;animation&quot;:&quot;fadeIn&quot;}\">\n\t\t\t<div class=\"elementor-widget-wrap elementor-element-populated\">\n\t\t\t\t\t\t\t\t<div class=\"elementor-element elementor-element-60cd6d41 elementor-widget__width-initial elementor-absolute elementor-hidden-phone elementor-widget elementor-widget-heading\" data-id=\"60cd6d41\" data-element_type=\"widget\" data-settings=\"{&quot;_position&quot;:&quot;absolute&quot;}\" data-widget_type=\"heading.default\">\n\t\t\t\t<div class=\"elementor-widget-container\">\n\t\t\t<h4 class=\"elementor-heading-title elementor-size-default\">Convertirse en difusor de TV\n<\/h4>\t\t<\/div>\n\t\t\t\t<\/div>\n\t\t\t\t<div class=\"elementor-element elementor-element-af81e6 elementor-widget elementor-widget-text-editor\" data-id=\"af81e6\" data-element_type=\"widget\" data-widget_type=\"text-editor.default\">\n\t\t\t\t<div class=\"elementor-widget-container\">\n\t\t\t\t\t\t\t<p>Rellene el formulario para ver si convertirse en socio de Wild News Corp. es adecuado para su canal de televisi\u00f3n y nuestras expectativas.<\/p><p>En Wild News Corp. ofrecemos una amplia gama de socios para ayudarle a alcanzar sus objetivos. Nuestro programa global de socios permite a los socios de contenidos, soluciones y revendedores ampliar su alcance en un mercado en constante cambio. Estamos deseando mostrarle c\u00f3mo Wild News Corp. puede ayudar a sus medios de difusi\u00f3n.<\/p>\t\t\t\t\t\t<\/div>\n\t\t\t\t<\/div>\n\t\t\t\t\t<\/div>\n\t\t<\/div>\n\t\t\t\t\t\t\t<\/div>\n\t\t<\/section>\n\t\t\t\t<section class=\"elementor-section elementor-top-section elementor-element elementor-element-7ce9eb5d elementor-reverse-tablet elementor-reverse-mobile elementor-section-boxed elementor-section-height-default elementor-section-height-default\" data-id=\"7ce9eb5d\" data-element_type=\"section\" data-settings=\"{&quot;background_background&quot;:&quot;classic&quot;}\">\n\t\t\t\t\t\t<div class=\"elementor-container elementor-column-gap-default\">\n\t\t\t\t\t<div class=\"elementor-column elementor-col-100 elementor-top-column elementor-element elementor-element-20db756a\" data-id=\"20db756a\" data-element_type=\"column\" data-settings=\"{&quot;background_background&quot;:&quot;classic&quot;,&quot;motion_fx_motion_fx_scrolling&quot;:&quot;yes&quot;,&quot;motion_fx_translateY_effect&quot;:&quot;yes&quot;,&quot;motion_fx_translateY_direction&quot;:&quot;negative&quot;,&quot;motion_fx_translateY_speed&quot;:{&quot;unit&quot;:&quot;px&quot;,&quot;size&quot;:&quot;1&quot;,&quot;sizes&quot;:[]},&quot;motion_fx_devices&quot;:[&quot;desktop&quot;,&quot;tablet&quot;],&quot;motion_fx_translateY_affectedRange&quot;:{&quot;unit&quot;:&quot;%&quot;,&quot;size&quot;:&quot;&quot;,&quot;sizes&quot;:{&quot;start&quot;:0,&quot;end&quot;:100}}}\">\n\t\t\t<div class=\"elementor-widget-wrap elementor-element-populated\">\n\t\t\t\t\t\t\t\t<div class=\"elementor-element elementor-element-2bcee077 elementor-widget elementor-widget-menu-anchor\" data-id=\"2bcee077\" data-element_type=\"widget\" data-widget_type=\"menu-anchor.default\">\n\t\t\t\t<div class=\"elementor-widget-container\">\n\t\t\t\t\t<div id=\"enrol\" class=\"elementor-menu-anchor\"><\/div>\n\t\t\t\t<\/div>\n\t\t\t\t<\/div>\n\t\t\t\t<div class=\"elementor-element elementor-element-3901d302 elementor-widget elementor-widget-heading\" data-id=\"3901d302\" data-element_type=\"widget\" data-widget_type=\"heading.default\">\n\t\t\t\t<div class=\"elementor-widget-container\">\n\t\t\t<h2 class=\"elementor-heading-title elementor-size-default\">rellenar el formulario <\/h2>\t\t<\/div>\n\t\t\t\t<\/div>\n\t\t\t\t<div class=\"elementor-element elementor-element-339efe56 elementor-widget__width-initial elementor-absolute elementor-widget elementor-widget-image\" data-id=\"339efe56\" data-element_type=\"widget\" data-settings=\"{&quot;_position&quot;:&quot;absolute&quot;}\" data-widget_type=\"image.default\">\n\t\t\t\t<div class=\"elementor-widget-container\">\n\t\t\t\t\t\t\t\t\t\t\t\t\t\t\t<img loading=\"lazy\" decoding=\"async\" width=\"86\" height=\"54\" src=\"https:\/\/wildnews.co\/wp-content\/uploads\/Capture-de\u0301cran-12020-10-10-a\u0300-00.09.06-2.png\" class=\"attachment-large size-large wp-image-566\" alt=\"\" srcset=\"https:\/\/wildnews.co\/wp-content\/uploads\/Capture-de\u0301cran-12020-10-10-a\u0300-00.09.06-2.png 86w, https:\/\/wildnews.co\/wp-content\/uploads\/Capture-de\u0301cran-12020-10-10-a\u0300-00.09.06-2-16x10.png 16w\" sizes=\"auto, (max-width: 86px) 100vw, 86px\" \/>\t\t\t\t\t\t\t\t\t\t\t\t\t\t\t<\/div>\n\t\t\t\t<\/div>\n\t\t\t\t<div class=\"elementor-element elementor-element-7125d738 elementor-widget elementor-widget-shortcode\" data-id=\"7125d738\" data-element_type=\"widget\" data-widget_type=\"shortcode.default\">\n\t\t\t\t<div class=\"elementor-widget-container\">\n\t\t\t\t\t<div class=\"elementor-shortcode\"><form id=\"forminator-module-575\" class=\"forminator-custom-form forminator-custom-form-575\" method=\"post\" data-forminator-render=\"0\" data-uid=\"69fc4aea4342b\" action=\"\"><div role=\"alert\" aria-live=\"polite\" class=\"forminator-response-message forminator-error\" aria-hidden=\"true\"><\/div><input type=\"hidden\" name=\"trp-form-language\" value=\"es\"\/><\/form><\/div>\n\t\t\t\t<\/div>\n\t\t\t\t<\/div>\n\t\t\t\t\t<\/div>\n\t\t<\/div>\n\t\t\t\t\t\t\t<\/div>\n\t\t<\/section>\n\t\t\t\t\t\t\t<\/div>","protected":false},"excerpt":{"rendered":"<p>Become TV diffuser Develop your TV Chanel with Wild News Expand your influence and increase your audience with a revolutionary delivery channel that is accessible to any budgets, very simply. All this with the best display technology available today. Take advantage of a global audience with over 1000 devices placed in the world&#8217;s largest cities. &#8230; <a title=\"Convertirse en difusor de TV\" class=\"read-more\" href=\"https:\/\/wildnews.co\/es\/contact-for-tv-collaboration\/\" aria-label=\"M\u00e1s en Become TV Diffuser\">Leer m\u00e1s<\/a><\/p>","protected":false},"author":1,"featured_media":0,"parent":0,"menu_order":16,"comment_status":"closed","ping_status":"closed","template":"elementor_header_footer","meta":{"footnotes":""},"class_list":["post-9894","page","type-page","status-publish"],"_links":{"self":[{"href":"https:\/\/wildnews.co\/es\/wp-json\/wp\/v2\/pages\/9894","targetHints":{"allow":["GET"]}}],"collection":[{"href":"https:\/\/wildnews.co\/es\/wp-json\/wp\/v2\/pages"}],"about":[{"href":"https:\/\/wildnews.co\/es\/wp-json\/wp\/v2\/types\/page"}],"author":[{"embeddable":true,"href":"https:\/\/wildnews.co\/es\/wp-json\/wp\/v2\/users\/1"}],"replies":[{"embeddable":true,"href":"https:\/\/wildnews.co\/es\/wp-json\/wp\/v2\/comments?post=9894"}],"version-history":[{"count":0,"href":"https:\/\/wildnews.co\/es\/wp-json\/wp\/v2\/pages\/9894\/revisions"}],"wp:attachment":[{"href":"https:\/\/wildnews.co\/es\/wp-json\/wp\/v2\/media?parent=9894"}],"curies":[{"name":"wp","href":"https:\/\/api.w.org\/{rel}","templated":true}]}}