{"id":9598,"date":"2021-04-09T10:20:10","date_gmt":"2021-04-09T10:20:10","guid":{"rendered":"https:\/\/wildnews.co\/?page_id=9598"},"modified":"2021-04-09T16:58:55","modified_gmt":"2021-04-09T16:58:55","slug":"disclaimer","status":"publish","type":"page","link":"https:\/\/wildnews.co\/fr\/disclaimer\/","title":{"rendered":"Avis de non-responsabilit\u00e9"},"content":{"rendered":"<div data-elementor-type=\"wp-page\" data-elementor-id=\"9598\" class=\"elementor elementor-9598\" data-elementor-post-type=\"page\">\n\t\t\t\t\t\t\t\t\t<section class=\"elementor-section elementor-top-section elementor-element elementor-element-76eae8c6 elementor-section-boxed elementor-section-height-default elementor-section-height-default\" data-id=\"76eae8c6\" data-element_type=\"section\">\n\t\t\t\t\t\t<div class=\"elementor-container elementor-column-gap-default\">\n\t\t\t\t\t<div class=\"elementor-column elementor-col-100 elementor-top-column elementor-element elementor-element-6137f57\" data-id=\"6137f57\" data-element_type=\"column\">\n\t\t\t<div class=\"elementor-widget-wrap elementor-element-populated\">\n\t\t\t\t\t\t\t\t<div class=\"elementor-element elementor-element-1367068a elementor-widget elementor-widget-heading\" data-id=\"1367068a\" data-element_type=\"widget\" data-widget_type=\"heading.default\">\n\t\t\t\t<div class=\"elementor-widget-container\">\n\t\t\t<h2 class=\"elementor-heading-title elementor-size-default\">Avis de non-responsabilit\u00e9<\/h2>\t\t<\/div>\n\t\t\t\t<\/div>\n\t\t\t\t\t<\/div>\n\t\t<\/div>\n\t\t\t\t\t\t\t<\/div>\n\t\t<\/section>\n\t\t\t\t<section class=\"elementor-section elementor-top-section elementor-element elementor-element-3f0a942f elementor-section-boxed elementor-section-height-default elementor-section-height-default\" data-id=\"3f0a942f\" data-element_type=\"section\">\n\t\t\t\t\t\t<div class=\"elementor-container elementor-column-gap-default\">\n\t\t\t\t\t<div class=\"elementor-column elementor-col-100 elementor-top-column elementor-element elementor-element-343b88eb\" data-id=\"343b88eb\" data-element_type=\"column\">\n\t\t\t<div class=\"elementor-widget-wrap elementor-element-populated\">\n\t\t\t\t\t\t\t\t<div class=\"elementor-element elementor-element-13b33d36 elementor-widget elementor-widget-text-editor\" data-id=\"13b33d36\" data-element_type=\"widget\" data-widget_type=\"text-editor.default\">\n\t\t\t\t<div class=\"elementor-widget-container\">\n\t\t\t\t\t\t\t<p>Nous faisons de notre mieux pour pr\u00e9parer le contenu de ce site. Cependant, WILD NEWS CORPORATION ne peut garantir les expressions et suggestions du contenu, ainsi que son exactitude. En outre, dans la mesure o\u00f9 la loi l'autorise, WILD NEWS CORPORATION ne peut \u00eatre tenu responsable des pertes et\/ou dommages dus \u00e0 l'utilisation des informations de notre site.<\/p><p>En utilisant notre site web, vous consentez \u00e0 notre clause de non-responsabilit\u00e9 et en acceptez les termes.<\/p><p>Les liens contenus sur notre site web peuvent mener \u00e0 des sites externes, qui ne sont fournis que pour des raisons de commodit\u00e9. Toute information ou d\u00e9claration apparaissant dans ces sites n'est pas parrain\u00e9e, approuv\u00e9e ou autrement approuv\u00e9e par WILD NEWS CORPORATION pour ces sites externes, WILD NEWS CORPORATION ne peut \u00eatre tenu responsable de la disponibilit\u00e9 de, ou du contenu situ\u00e9 sur ou \u00e0 travers celui-ci. De plus, toute perte ou tout dommage survenu suite \u00e0 l'utilisation de ces contenus ou de l'internet en g\u00e9n\u00e9ral.<\/p><p>Le site web et toute partie de son contenu ne sont pas destin\u00e9s \u00e0 \u00eatre une source de conseil ou d'analyse juridique, et les informations et\/ou documents contenus dans ce site web ne constituent pas des conseils d'investissement ou juridiques.<\/p>\t\t\t\t\t\t<\/div>\n\t\t\t\t<\/div>\n\t\t\t\t\t<\/div>\n\t\t<\/div>\n\t\t\t\t\t\t\t<\/div>\n\t\t<\/section>\n\t\t\t\t\t\t\t<\/div>","protected":false},"excerpt":{"rendered":"<p>We are doing our best to prepare the content of this site. However, WILD NEWS CORPORATION cannot warranty the expressions and suggestions of the contents, as well as its accuracy. In addition, to the extent permitted by the law, WILD NEWS CORPORATION shall not be responsible for any losses and\/or damages due to the usage &#8230; <a title=\"Avis de non-responsabilit\u00e9\" class=\"read-more\" href=\"https:\/\/wildnews.co\/fr\/disclaimer\/\" aria-label=\"En savoir plus sur Disclaimer\">Lire la suite<\/a><\/p>","protected":false},"author":1,"featured_media":0,"parent":0,"menu_order":90,"comment_status":"closed","ping_status":"closed","template":"elementor_header_footer","meta":{"footnotes":""},"class_list":["post-9598","page","type-page","status-publish"],"_links":{"self":[{"href":"https:\/\/wildnews.co\/fr\/wp-json\/wp\/v2\/pages\/9598","targetHints":{"allow":["GET"]}}],"collection":[{"href":"https:\/\/wildnews.co\/fr\/wp-json\/wp\/v2\/pages"}],"about":[{"href":"https:\/\/wildnews.co\/fr\/wp-json\/wp\/v2\/types\/page"}],"author":[{"embeddable":true,"href":"https:\/\/wildnews.co\/fr\/wp-json\/wp\/v2\/users\/1"}],"replies":[{"embeddable":true,"href":"https:\/\/wildnews.co\/fr\/wp-json\/wp\/v2\/comments?post=9598"}],"version-history":[{"count":0,"href":"https:\/\/wildnews.co\/fr\/wp-json\/wp\/v2\/pages\/9598\/revisions"}],"wp:attachment":[{"href":"https:\/\/wildnews.co\/fr\/wp-json\/wp\/v2\/media?parent=9598"}],"curies":[{"name":"wp","href":"https:\/\/api.w.org\/{rel}","templated":true}]}}