{"id":9608,"date":"2021-04-09T10:27:27","date_gmt":"2021-04-09T10:27:27","guid":{"rendered":"https:\/\/wildnews.co\/?page_id=9608"},"modified":"2021-04-09T16:59:00","modified_gmt":"2021-04-09T16:59:00","slug":"privacy-policy","status":"publish","type":"page","link":"https:\/\/wildnews.co\/fr\/privacy-policy\/","title":{"rendered":"Politique de confidentialit\u00e9"},"content":{"rendered":"<div data-elementor-type=\"wp-page\" data-elementor-id=\"9608\" class=\"elementor elementor-9608\" data-elementor-post-type=\"page\">\n\t\t\t\t\t\t\t\t\t<section class=\"elementor-section elementor-top-section elementor-element elementor-element-76eae8c6 elementor-section-boxed elementor-section-height-default elementor-section-height-default\" data-id=\"76eae8c6\" data-element_type=\"section\">\n\t\t\t\t\t\t<div class=\"elementor-container elementor-column-gap-default\">\n\t\t\t\t\t<div class=\"elementor-column elementor-col-100 elementor-top-column elementor-element elementor-element-6137f57\" data-id=\"6137f57\" data-element_type=\"column\">\n\t\t\t<div class=\"elementor-widget-wrap elementor-element-populated\">\n\t\t\t\t\t\t\t\t<div class=\"elementor-element elementor-element-1367068a elementor-widget elementor-widget-heading\" data-id=\"1367068a\" data-element_type=\"widget\" data-widget_type=\"heading.default\">\n\t\t\t\t<div class=\"elementor-widget-container\">\n\t\t\t<h2 class=\"elementor-heading-title elementor-size-default\">Politique de confidentialit\u00e9<\/h2>\t\t<\/div>\n\t\t\t\t<\/div>\n\t\t\t\t\t<\/div>\n\t\t<\/div>\n\t\t\t\t\t\t\t<\/div>\n\t\t<\/section>\n\t\t\t\t<section class=\"elementor-section elementor-top-section elementor-element elementor-element-30b05a0f elementor-section-boxed elementor-section-height-default elementor-section-height-default\" data-id=\"30b05a0f\" data-element_type=\"section\">\n\t\t\t\t\t\t<div class=\"elementor-container elementor-column-gap-default\">\n\t\t\t\t\t<div class=\"elementor-column elementor-col-100 elementor-top-column elementor-element elementor-element-64be7f6e\" data-id=\"64be7f6e\" data-element_type=\"column\">\n\t\t\t<div class=\"elementor-widget-wrap elementor-element-populated\">\n\t\t\t\t\t\t\t\t<div class=\"elementor-element elementor-element-6e73ec40 elementor-widget elementor-widget-text-editor\" data-id=\"6e73ec40\" data-element_type=\"widget\" data-widget_type=\"text-editor.default\">\n\t\t\t\t<div class=\"elementor-widget-container\">\n\t\t\t\t\t\t\t<p>WILD NEWS CORPORATION (\"nous\", \"notre\" ou \"nos\") exploite ledit \"Service\" qui est le site web suivant : https:\/\/wildnews.co.<\/p><p>Cette page vous informe de nos politiques concernant la collecte, l'utilisation et la divulgation de donn\u00e9es personnelles lorsque vous utilisez notre service et des choix que vous avez associ\u00e9s \u00e0 ces donn\u00e9es.<\/p><p>Nous utilisons vos donn\u00e9es pour fournir et am\u00e9liorer le Service. En utilisant le Service, vous acceptez la collecte et l'utilisation des informations conform\u00e9ment \u00e0 la pr\u00e9sente politique. Sauf d\u00e9finition contraire dans la pr\u00e9sente politique de confidentialit\u00e9, les termes utilis\u00e9s dans la pr\u00e9sente politique de confidentialit\u00e9 ont la m\u00eame signification que dans nos conditions g\u00e9n\u00e9rales, accessibles \u00e0 l'adresse https:\/\/wildnews.co.<\/p><p><strong>D\u00c9FINITIONS<\/strong><\/p><p><strong>Service<\/strong><\/p><p>Le Service est le site web https:\/\/wildnews.co exploit\u00e9 par WILD NEWS CORPORATION.<\/p><p><strong>Donn\u00e9es personnelles<\/strong><\/p><p>Les donn\u00e9es personnelles d\u00e9signent les donn\u00e9es relatives \u00e0 un individu vivant qui peut \u00eatre identifi\u00e9 \u00e0 partir de ces donn\u00e9es (ou \u00e0 partir de ces donn\u00e9es et d'autres informations en notre possession ou susceptibles d'\u00eatre en notre possession).<\/p><p><strong>Donn\u00e9es d'utilisation<\/strong><\/p><p>Les donn\u00e9es d'utilisation sont des donn\u00e9es collect\u00e9es automatiquement, g\u00e9n\u00e9r\u00e9es par l'utilisation du service ou par l'infrastructure du service elle-m\u00eame (par exemple, la dur\u00e9e de la visite d'une page).<\/p><p><strong>Cookies<\/strong><\/p><p>Les cookies sont de petits fichiers stock\u00e9s sur votre appareil (ordinateur ou appareil mobile).<\/p><p><strong>Contr\u00f4leur des donn\u00e9es<\/strong><\/p><p>Contr\u00f4leur des donn\u00e9es : la personne physique ou morale qui (seule ou conjointement ou en commun avec d'autres personnes) d\u00e9termine les finalit\u00e9s et les modalit\u00e9s du traitement des informations personnelles.<\/p><p>Aux fins de la pr\u00e9sente politique de confidentialit\u00e9, nous sommes un contr\u00f4leur de donn\u00e9es de vos donn\u00e9es personnelles.<\/p><p><strong>Processeurs de donn\u00e9es (ou fournisseurs de services)<\/strong><\/p><p>Processeur de donn\u00e9es (ou prestataire de services) d\u00e9signe toute personne physique ou morale qui traite les donn\u00e9es pour le compte du contr\u00f4leur de donn\u00e9es.<\/p><p>Nous pouvons utiliser les services de diff\u00e9rents prestataires de services afin de traiter vos donn\u00e9es plus efficacement.<\/p><p><strong>Utilisateur<\/strong><\/p><p>La personne concern\u00e9e est toute personne vivante qui utilise notre service et qui fait l'objet de donn\u00e9es personnelles.<\/p><p>\u00a0<\/p><p><strong>COLLECTE ET UTILISATION DES INFORMATIONS<\/strong><\/p><p>Nous recueillons plusieurs types d'informations \u00e0 des fins diverses pour vous fournir et am\u00e9liorer notre service.<\/p><p><strong>Types de donn\u00e9es collect\u00e9es<\/strong><\/p><p><strong>Donn\u00e9es personnelles<\/strong><\/p><p>Lors de l'utilisation de notre Service, nous pouvons vous demander de nous fournir certaines informations personnellement identifiables qui peuvent \u00eatre utilis\u00e9es pour vous contacter ou vous identifier (\"Donn\u00e9es personnelles\"). Les informations personnellement identifiables peuvent inclure, mais ne sont pas limit\u00e9es \u00e0 :<\/p><p>Adresse \u00e9lectronique<\/p><p>Pr\u00e9nom et nom de famille<\/p><p>Num\u00e9ro de t\u00e9l\u00e9phone<\/p><p>Adresse, \u00c9tat, Province, Code postal, Ville<\/p><p>\u00a0<\/p><p><strong>Cookies et donn\u00e9es d'utilisation<\/strong><\/p><p>Nous pouvons utiliser vos donn\u00e9es personnelles pour vous envoyer des bulletins d'information, du mat\u00e9riel de marketing ou de promotion et d'autres informations susceptibles de vous int\u00e9resser.<\/p><p>Vous pouvez choisir de ne pas recevoir tout ou partie de ces communications en suivant le lien de d\u00e9sinscription ou les instructions fournies dans les courriers \u00e9lectroniques que nous envoyons.<\/p><p>\u00a0<\/p><p><strong>Donn\u00e9es d'utilisation<\/strong><\/p><p>Nous pouvons \u00e9galement recueillir des informations sur la mani\u00e8re dont le Service est consult\u00e9 et utilis\u00e9 (\"Donn\u00e9es d'utilisation\"). Ces donn\u00e9es d'utilisation peuvent inclure des informations telles que l'adresse de protocole Internet (par exemple, l'adresse IP) de votre ordinateur, le type de navigateur, la version du navigateur, les pages de notre service que vous visitez, l'heure et la date de votre visite, le temps pass\u00e9 sur ces pages, les identifiants uniques des appareils et d'autres donn\u00e9es de diagnostic.<\/p><p>\u00a0<\/p><p><strong>Donn\u00e9es sur le suivi et les cookies<\/strong><\/p><p>Nous utilisons des cookies et des technologies de suivi similaires pour suivre l'activit\u00e9 sur notre service et nous conservons certaines informations.<\/p><p>Les cookies sont des fichiers contenant une petite quantit\u00e9 de donn\u00e9es qui peuvent inclure un identifiant unique anonyme. Les cookies sont envoy\u00e9s \u00e0 votre navigateur depuis un site web et stock\u00e9s sur votre appareil. D'autres technologies de suivi sont \u00e9galement utilis\u00e9es, telles que des balises, des marqueurs et des scripts, pour collecter et suivre des informations et pour am\u00e9liorer et analyser notre service.<\/p><p>Vous pouvez demander \u00e0 votre navigateur de refuser tous les cookies ou d'indiquer quand un cookie est envoy\u00e9. Toutefois, si vous n'acceptez pas les cookies, il se peut que vous ne puissiez pas utiliser certaines parties de notre service.<\/p><p>Exemples de cookies que nous utilisons :<\/p><p>Cookies de session. Nous utilisons des cookies de session pour faire fonctionner notre service.<\/p><p>Cookies de pr\u00e9f\u00e9rence. Nous utilisons des cookies de pr\u00e9f\u00e9rence pour m\u00e9moriser vos pr\u00e9f\u00e9rences et divers param\u00e8tres.<\/p><p>Cookies de s\u00e9curit\u00e9. Nous utilisons des cookies de s\u00e9curit\u00e9 \u00e0 des fins de s\u00e9curit\u00e9.<\/p><p>\u00a0<\/p><p><strong>Utilisation des donn\u00e9es<\/strong><\/p><p>WILD NEWS CORPORATION utilise les donn\u00e9es collect\u00e9es \u00e0 diverses fins :<\/p><ul><li>Pour fournir et maintenir notre service<\/li><li>pour vous informer des modifications apport\u00e9es \u00e0 notre service<\/li><li>pour vous permettre de participer \u00e0 des fonctions interactives de notre service lorsque vous choisissez de le faire.<\/li><li>Fournir une assistance \u00e0 la client\u00e8le<\/li><li>pour recueillir des analyses ou des informations pr\u00e9cieuses afin d'am\u00e9liorer notre service.<\/li><li>Pour contr\u00f4ler l'utilisation de notre service<\/li><li>D\u00e9tecter, pr\u00e9venir et r\u00e9soudre les probl\u00e8mes techniques<\/li><li>pour vous fournir des nouvelles, des offres sp\u00e9ciales et des informations g\u00e9n\u00e9rales sur d'autres biens, services et \u00e9v\u00e9nements que nous proposons et qui sont similaires \u00e0 ceux que vous avez d\u00e9j\u00e0 achet\u00e9s ou sur lesquels vous vous \u00eates renseign\u00e9, sauf si vous avez choisi de ne pas recevoir ces informations<\/li><\/ul><p>\u00a0<\/p><p><strong>Base juridique du traitement des donn\u00e9es personnelles en vertu du r\u00e8glement g\u00e9n\u00e9ral sur la protection des donn\u00e9es (RGPD).<\/strong><\/p><p>Si vous \u00eates originaire de l'Espace \u00e9conomique europ\u00e9en (EEE), la base juridique de WILD NEWS CORPORATION pour la collecte et l'utilisation des informations personnelles d\u00e9crites dans la pr\u00e9sente politique de confidentialit\u00e9 d\u00e9pend des Donn\u00e9es personnelles que nous collectons et du contexte sp\u00e9cifique dans lequel nous les collectons.<\/p><p>WILD NEWS CORPORATION peut traiter vos donn\u00e9es personnelles parce que :<\/p><ul><li>Nous avons besoin d'ex\u00e9cuter un contrat avec vous<\/li><li>Vous nous avez donn\u00e9 l'autorisation de le faire<\/li><li>Le traitement r\u00e9pond \u00e0 nos int\u00e9r\u00eats l\u00e9gitimes et vos droits ne s'y opposent pas.<\/li><li>Pour le traitement des paiements<\/li><li>Pour se conformer \u00e0 la loi<\/li><\/ul><p>\u00a0<\/p><p><strong>Conservation des donn\u00e9es<\/strong><\/p><p>WILD NEWS CORPORATION ne conservera vos donn\u00e9es personnelles qu'aussi longtemps que n\u00e9cessaire aux fins \u00e9nonc\u00e9es dans la pr\u00e9sente politique de confidentialit\u00e9. Nous conserverons et utiliserons vos Donn\u00e9es personnelles dans la mesure n\u00e9cessaire pour nous conformer \u00e0 nos obligations l\u00e9gales (par exemple, si nous sommes tenus de conserver vos donn\u00e9es pour nous conformer aux lois applicables), r\u00e9soudre les litiges et appliquer nos accords et politiques juridiques.<\/p><p>WILD NEWS CORPORATION WITHOUT BORDERS FEDERATION conservera \u00e9galement les donn\u00e9es d'utilisation \u00e0 des fins d'analyse interne. Les Donn\u00e9es d'utilisation sont g\u00e9n\u00e9ralement conserv\u00e9es pendant une p\u00e9riode plus courte, sauf si ces donn\u00e9es sont utilis\u00e9es pour renforcer la s\u00e9curit\u00e9 ou am\u00e9liorer la fonctionnalit\u00e9 de notre service, ou si nous sommes l\u00e9galement oblig\u00e9s de conserver ces donn\u00e9es pendant des p\u00e9riodes plus longues.<\/p><p>\u00a0<\/p><p><strong>Transfert de donn\u00e9es<\/strong><\/p><p>Vos informations, y compris les donn\u00e9es personnelles, peuvent \u00eatre transf\u00e9r\u00e9es vers - et conserv\u00e9es sur - des ordinateurs situ\u00e9s en dehors de votre \u00e9tat, province, pays ou autre juridiction gouvernementale o\u00f9 les lois de protection des donn\u00e9es peuvent diff\u00e9rer de celles de votre juridiction.<\/p><p>Si vous \u00eates situ\u00e9 en dehors de la Suisse et que vous choisissez de nous fournir des informations, veuillez noter que nous transf\u00e9rons les donn\u00e9es, y compris les Donn\u00e9es personnelles, en Suisse et les traitons dans ce pays.<\/p><p>Votre consentement \u00e0 la pr\u00e9sente politique de confidentialit\u00e9, suivi de votre soumission de ces informations, repr\u00e9sente votre accord \u00e0 ce transfert.<\/p><p>WILD NEWS CORPORATION prendra toutes les mesures raisonnablement n\u00e9cessaires pour s'assurer que vos donn\u00e9es sont trait\u00e9es en toute s\u00e9curit\u00e9 et conform\u00e9ment \u00e0 la pr\u00e9sente politique de confidentialit\u00e9 et aucun transfert de vos donn\u00e9es personnelles n'aura lieu vers une organisation ou un pays \u00e0 moins qu'il n'existe des contr\u00f4les ad\u00e9quats en place, y compris la s\u00e9curit\u00e9 de vos donn\u00e9es et autres informations personnelles.<\/p><p><strong>Divulgation des donn\u00e9es<\/strong><\/p><p><strong>Transaction commerciale<\/strong><\/p><p>Si WILD NEWS CORPORATION est impliqu\u00e9e dans une fusion, une acquisition ou une vente d'actifs, vos donn\u00e9es personnelles peuvent \u00eatre transf\u00e9r\u00e9es. Nous vous informerons avant que vos donn\u00e9es personnelles ne soient transf\u00e9r\u00e9es et ne soient soumises \u00e0 une politique de confidentialit\u00e9 diff\u00e9rente.<\/p><p><strong>Divulgation pour l'application de la loi<\/strong><\/p><p>Dans certaines circonstances, WILD NEWS CORPORATION peut \u00eatre tenu de divulguer vos donn\u00e9es personnelles si la loi l'exige ou en r\u00e9ponse \u00e0<\/p><p>aux demandes valables des autorit\u00e9s publiques (par exemple, un tribunal ou une agence gouvernementale).<\/p><p><strong>Exigences l\u00e9gales<\/strong><\/p><p>WILD NEWS CORPORATION peut divulguer vos donn\u00e9es personnelles en croyant de bonne foi qu'une telle action est n\u00e9cessaire pour :<\/p><ul><li>Pour se conformer \u00e0 une obligation l\u00e9gale<\/li><li>prot\u00e9ger et d\u00e9fendre les droits ou les biens de WILD NEWS CORPORATION<\/li><li>pour pr\u00e9venir ou enqu\u00eater sur d'\u00e9ventuels actes r\u00e9pr\u00e9hensibles en rapport avec le service<\/li><li>pour prot\u00e9ger la s\u00e9curit\u00e9 personnelle des utilisateurs du service ou du public<\/li><li>Pour se prot\u00e9ger contre la responsabilit\u00e9 l\u00e9gale<\/li><\/ul><p><strong>S\u00e9curit\u00e9 des donn\u00e9es<\/strong><\/p><p>La s\u00e9curit\u00e9 de vos donn\u00e9es est importante pour nous, mais n'oubliez pas qu'aucune m\u00e9thode de transmission sur Internet ou de stockage \u00e9lectronique n'est 100% s\u00fbre. Bien que nous nous efforcions d'utiliser des moyens commercialement acceptables pour prot\u00e9ger vos donn\u00e9es personnelles, nous ne pouvons pas garantir leur s\u00e9curit\u00e9 absolue.<\/p><p>Notre politique concernant les signaux \"Do Not Track\" en vertu de la loi californienne sur la protection en ligne (CalOPPA)<\/p><p>Nous ne prenons pas en charge la fonction \"Do Not Track\" (\"DNT\"). La fonction \"Do Not Track\" est une pr\u00e9f\u00e9rence que vous pouvez d\u00e9finir dans votre navigateur Web pour informer les sites Web que vous ne souhaitez pas faire l'objet d'un suivi. Vous pouvez activer ou d\u00e9sactiver la fonction \"Do Not Track\" en consultant la page des pr\u00e9f\u00e9rences ou des param\u00e8tres de votre navigateur web.<\/p><p><strong>Vos droits en mati\u00e8re de protection des donn\u00e9es en vertu du r\u00e8glement g\u00e9n\u00e9ral sur la protection des donn\u00e9es (RGPD).<\/strong><\/p><p>Si vous \u00eates un r\u00e9sident de l'Espace \u00e9conomique europ\u00e9en (EEE), vous disposez de certains droits en mati\u00e8re de protection des donn\u00e9es. WILD NEWS CORPORATION vise \u00e0 prendre des mesures raisonnables pour vous permettre de corriger, modifier, supprimer ou limiter l'utilisation de vos donn\u00e9es personnelles.<\/p><p>Si vous souhaitez \u00eatre inform\u00e9 des donn\u00e9es personnelles que nous d\u00e9tenons \u00e0 votre sujet et si vous voulez qu'elles soient supprim\u00e9es de nos syst\u00e8mes, veuillez nous contacter.<\/p><p>Dans certaines circonstances, vous disposez des droits suivants en mati\u00e8re de protection des donn\u00e9es :<\/p><p>Le droit d'acc\u00e9der, de mettre \u00e0 jour ou de supprimer les informations que nous d\u00e9tenons sur vous. Dans la mesure du possible, vous pouvez acc\u00e9der, mettre \u00e0 jour ou demander la suppression de vos donn\u00e9es personnelles directement dans la section des param\u00e8tres de votre compte. Si vous n'\u00eates pas en mesure d'effectuer ces actions vous-m\u00eame, veuillez nous contacter pour vous aider.<\/p><p>Le droit de rectification. Vous avez le droit de faire rectifier les informations vous concernant si elles sont inexactes ou incompl\u00e8tes.<\/p><p>Le droit d'opposition. Vous avez le droit de vous opposer \u00e0 notre traitement de vos donn\u00e9es personnelles.<\/p><p>Le droit de restriction. Vous avez le droit de nous demander de restreindre le traitement de vos informations personnelles.<\/p><p>Le droit \u00e0 la portabilit\u00e9 des donn\u00e9es. Vous avez le droit de recevoir une copie des informations que nous d\u00e9tenons sur vous dans un format structur\u00e9, lisible par machine et couramment utilis\u00e9.<\/p><p>Le droit de retirer le consentement. Vous avez \u00e9galement le droit de retirer votre consentement \u00e0 tout moment lorsque WILD NEWS CORPORATION s'est fond\u00e9e sur votre consentement pour traiter vos informations personnelles.<\/p><p>Veuillez noter que nous pouvons vous demander de v\u00e9rifier votre identit\u00e9 avant de r\u00e9pondre \u00e0 ces demandes.<\/p><p>Vous avez le droit de d\u00e9poser une plainte aupr\u00e8s d'une autorit\u00e9 de protection des donn\u00e9es concernant notre collecte et notre utilisation de vos donn\u00e9es personnelles. Pour plus d'informations, veuillez contacter votre autorit\u00e9 locale de protection des donn\u00e9es dans l'Espace \u00e9conomique europ\u00e9en (EEE).<\/p><p><strong>Transaction commerciale<\/strong><\/p><p>Si WILD NEWS CORPORATION est impliqu\u00e9e dans une fusion, une acquisition ou une vente d'actifs, vos donn\u00e9es personnelles peuvent \u00eatre transf\u00e9r\u00e9es. Nous vous informerons avant que vos donn\u00e9es personnelles ne soient transf\u00e9r\u00e9es et ne soient soumises \u00e0 une politique de confidentialit\u00e9 diff\u00e9rente.<\/p><p><strong>Divulgation pour l'application de la loi<\/strong><\/p><p>Dans certaines circonstances, WILD NEWS CORPORATION peut \u00eatre tenu de divulguer vos donn\u00e9es personnelles si la loi l'exige ou en r\u00e9ponse \u00e0<\/p><p>aux demandes valables des autorit\u00e9s publiques (par exemple, un tribunal ou une agence gouvernementale).<\/p><p><strong>PRESTATAIRES DE SERVICES<\/strong><\/p><p>Nous pouvons employer des soci\u00e9t\u00e9s et des personnes tierces pour faciliter notre service (les \"fournisseurs de services\"), fournir le service en notre nom, ex\u00e9cuter des services li\u00e9s au service ou nous aider \u00e0 analyser l'utilisation de notre service.<\/p><p>Ces tiers ont acc\u00e8s \u00e0 vos donn\u00e9es personnelles uniquement pour effectuer ces t\u00e2ches en notre nom et sont tenus de ne pas les divulguer ou les utiliser \u00e0 d'autres fins.<\/p><p><strong>ANALYTIQUE<\/strong><\/p><p>Nous pouvons faire appel \u00e0 des fournisseurs de services tiers pour surveiller et analyser l'utilisation de notre service.<\/p><p><strong>Google Analytics<\/strong><\/p><p>Google Analytics est un service d'analyse Web propos\u00e9 par Google qui permet de suivre et de signaler le trafic sur les sites Web. Google utilise les donn\u00e9es collect\u00e9es pour suivre et contr\u00f4ler l'utilisation de notre service. Ces donn\u00e9es sont partag\u00e9es avec d'autres services de Google. Google peut utiliser les donn\u00e9es collect\u00e9es pour contextualiser et personnaliser les annonces de son propre r\u00e9seau publicitaire. Vous pouvez refuser de mettre votre activit\u00e9 sur le Service \u00e0 la disposition de Google Analytics en installant le module compl\u00e9mentaire de navigateur pour la d\u00e9sactivation de Google Analytics. Ce module compl\u00e9mentaire emp\u00eache le JavaScript de Google Analytics (ga.js, analytics.js et dc.js) de partager avec Google Analytics des informations sur l'activit\u00e9 des visites.<\/p><p>Pour plus d'informations sur les pratiques de Google en mati\u00e8re de confidentialit\u00e9, veuillez consulter la page Web de Google consacr\u00e9e \u00e0 la confidentialit\u00e9 et aux conditions d'utilisation : <a href=\"https:\/\/policies.google.com\/privacy?hl=en\">https:\/\/policies.google.com\/privacy?hl=en<\/a><\/p><p><strong>Paiements<\/strong><\/p><p>Nous pouvons fournir des produits et\/ou services payants dans le cadre du Service. Dans ce cas, nous utilisons des services tiers pour le traitement des paiements (par exemple, des processeurs de paiement).<\/p><p>Nous ne stockons ni ne recueillons les d\u00e9tails de votre carte de paiement. Ces informations sont fournies directement \u00e0 nos processeurs de paiement tiers dont l'utilisation de vos informations personnelles est r\u00e9gie par leur politique de confidentialit\u00e9. Ces processeurs de paiement adh\u00e8rent aux normes d\u00e9finies par PCI-DSS, g\u00e9r\u00e9es par le Conseil des normes de s\u00e9curit\u00e9 PCI, qui est un effort conjoint de marques telles que Visa, MasterCard, American Express et Discover. Les exigences PCI-DSS permettent de garantir la s\u00e9curit\u00e9 du traitement des informations de paiement. Nous pouvons utiliser un certain nombre de fournisseurs de solutions de paiement diff\u00e9rents, tels que Paypal, Postfinance, Stripe et d'autres. Nous invitons les utilisateurs \u00e0 consulter leur politique de confidentialit\u00e9 respective.<\/p><p><strong>Liens vers d'autres sites<\/strong><\/p><p>Notre service peut contenir des liens vers d'autres sites qui ne sont pas exploit\u00e9s par nous. Si vous cliquez sur un lien tiers, vous serez dirig\u00e9 vers le site de ce tiers. Nous vous conseillons vivement d'examiner la politique de confidentialit\u00e9 de chaque site que vous visitez. Nous n'avons aucun contr\u00f4le et n'assumons aucune responsabilit\u00e9 quant au contenu, aux politiques de confidentialit\u00e9 ou aux pratiques de tout site ou service tiers.<\/p><p><strong>LA VIE PRIV\u00c9E DES ENFANTS<\/strong><\/p><p>Notre service ne s'adresse pas aux personnes \u00e2g\u00e9es de moins de 18 ans (les \"enfants\").<\/p><p>Nous ne collectons pas sciemment d'informations personnellement identifiables aupr\u00e8s de personnes \u00e2g\u00e9es de moins de 18 ans. Si vous \u00eates un parent ou un tuteur et que vous savez que votre enfant nous a fourni des donn\u00e9es personnelles, veuillez nous contacter. Si nous nous rendons compte que nous avons collect\u00e9 des donn\u00e9es personnelles d'enfants sans v\u00e9rification du consentement parental, nous prenons des mesures pour supprimer ces informations de nos serveurs.<\/p><p><strong>MODIFICATIONS DE LA PR\u00c9SENTE POLITIQUE DE CONFIDENTIALIT\u00c9<\/strong><\/p><p>Nous pouvons mettre \u00e0 jour notre politique de confidentialit\u00e9 de temps \u00e0 autre. Nous vous informerons de toute modification en publiant la nouvelle politique de confidentialit\u00e9 sur cette page.<\/p><p>Nous vous en informerons par e-mail et\/ou par un avis bien visible sur notre Service, avant que la modification ne prenne effet et nous mettrons \u00e0 jour la \" date d'entr\u00e9e en vigueur \" en haut de la pr\u00e9sente politique de confidentialit\u00e9.<\/p><p>Nous vous conseillons de consulter r\u00e9guli\u00e8rement cette politique de confidentialit\u00e9 pour prendre connaissance des \u00e9ventuelles modifications. Les modifications apport\u00e9es \u00e0 cette politique de confidentialit\u00e9 entrent en vigueur lorsqu'elles sont publi\u00e9es sur cette page.<\/p><p><strong>CONTACTEZ-NOUS<\/strong><\/p><p>Si vous avez des questions concernant la pr\u00e9sente politique de confidentialit\u00e9, veuillez <a href=\"https:\/\/wildnews.co\/fr\/contact\/\">contactez-nous<\/a><\/p>\t\t\t\t\t\t<\/div>\n\t\t\t\t<\/div>\n\t\t\t\t\t<\/div>\n\t\t<\/div>\n\t\t\t\t\t\t\t<\/div>\n\t\t<\/section>\n\t\t\t\t\t\t\t<\/div>","protected":false},"excerpt":{"rendered":"<p>WILD NEWS CORPORATION (\u201cus\u201d, \u201cwe\u201d, or \u201cour\u201d) is operating the said &#8220;Service&#8221; which is the following website: https:\/\/wildnews.co This page informs you of our policies regarding the collection, use and disclosure of personal data when you use our Service and the choices you have associated with that data. We use your data to provide and &#8230; <a title=\"Politique de confidentialit\u00e9\" class=\"read-more\" href=\"https:\/\/wildnews.co\/fr\/privacy-policy\/\" aria-label=\"En savoir plus sur Privacy Policy\">Lire la suite<\/a><\/p>","protected":false},"author":1,"featured_media":0,"parent":0,"menu_order":91,"comment_status":"closed","ping_status":"closed","template":"elementor_header_footer","meta":{"footnotes":""},"class_list":["post-9608","page","type-page","status-publish"],"_links":{"self":[{"href":"https:\/\/wildnews.co\/fr\/wp-json\/wp\/v2\/pages\/9608","targetHints":{"allow":["GET"]}}],"collection":[{"href":"https:\/\/wildnews.co\/fr\/wp-json\/wp\/v2\/pages"}],"about":[{"href":"https:\/\/wildnews.co\/fr\/wp-json\/wp\/v2\/types\/page"}],"author":[{"embeddable":true,"href":"https:\/\/wildnews.co\/fr\/wp-json\/wp\/v2\/users\/1"}],"replies":[{"embeddable":true,"href":"https:\/\/wildnews.co\/fr\/wp-json\/wp\/v2\/comments?post=9608"}],"version-history":[{"count":0,"href":"https:\/\/wildnews.co\/fr\/wp-json\/wp\/v2\/pages\/9608\/revisions"}],"wp:attachment":[{"href":"https:\/\/wildnews.co\/fr\/wp-json\/wp\/v2\/media?parent=9608"}],"curies":[{"name":"wp","href":"https:\/\/api.w.org\/{rel}","templated":true}]}}