{"id":9903,"date":"2021-04-11T16:32:07","date_gmt":"2021-04-11T16:32:07","guid":{"rendered":"https:\/\/wildnews.co\/?page_id=9903"},"modified":"2021-04-11T21:12:31","modified_gmt":"2021-04-11T21:12:31","slug":"contact-for-public-message-collaboration","status":"publish","type":"page","link":"https:\/\/wildnews.co\/fr\/contact-for-public-message-collaboration\/","title":{"rendered":"Devenez diffuseur de pr\u00e9vention"},"content":{"rendered":"<div data-elementor-type=\"wp-page\" data-elementor-id=\"9903\" class=\"elementor elementor-9903\" data-elementor-post-type=\"page\">\n\t\t\t\t\t\t\t\t\t<section class=\"elementor-section elementor-top-section elementor-element elementor-element-1538252a elementor-section-content-middle elementor-section-full_width elementor-section-height-default elementor-section-height-default elementor-invisible\" data-id=\"1538252a\" data-element_type=\"section\" data-settings=\"{&quot;background_background&quot;:&quot;classic&quot;,&quot;motion_fx_motion_fx_scrolling&quot;:&quot;yes&quot;,&quot;animation&quot;:&quot;fadeIn&quot;,&quot;motion_fx_devices&quot;:[&quot;desktop&quot;,&quot;tablet&quot;,&quot;mobile&quot;]}\">\n\t\t\t\t\t\t<div class=\"elementor-container elementor-column-gap-default\">\n\t\t\t\t\t<div class=\"elementor-column elementor-col-100 elementor-top-column elementor-element elementor-element-12f7f248\" data-id=\"12f7f248\" data-element_type=\"column\" data-settings=\"{&quot;background_background&quot;:&quot;classic&quot;}\">\n\t\t\t<div class=\"elementor-widget-wrap elementor-element-populated\">\n\t\t\t\t\t\t\t\t<div class=\"elementor-element elementor-element-426442b4 elementor-invisible elementor-widget elementor-widget-heading\" data-id=\"426442b4\" data-element_type=\"widget\" data-settings=\"{&quot;_animation&quot;:&quot;bounceInLeft&quot;}\" data-widget_type=\"heading.default\">\n\t\t\t\t<div class=\"elementor-widget-container\">\n\t\t\t<h2 class=\"elementor-heading-title elementor-size-default\">devenir le diffuseur de l'administration <\/h2>\t\t<\/div>\n\t\t\t\t<\/div>\n\t\t\t\t\t<\/div>\n\t\t<\/div>\n\t\t\t\t\t\t\t<\/div>\n\t\t<\/section>\n\t\t\t\t<section class=\"elementor-section elementor-top-section elementor-element elementor-element-338b9adf elementor-section-boxed elementor-section-height-default elementor-section-height-default\" data-id=\"338b9adf\" data-element_type=\"section\">\n\t\t\t\t\t\t<div class=\"elementor-container elementor-column-gap-no\">\n\t\t\t\t\t<div class=\"elementor-column elementor-col-50 elementor-top-column elementor-element elementor-element-232276d5\" data-id=\"232276d5\" data-element_type=\"column\">\n\t\t\t<div class=\"elementor-widget-wrap elementor-element-populated\">\n\t\t\t\t\t\t\t\t<div class=\"elementor-element elementor-element-1d0cbc2d elementor-widget elementor-widget-heading\" data-id=\"1d0cbc2d\" data-element_type=\"widget\" data-widget_type=\"heading.default\">\n\t\t\t\t<div class=\"elementor-widget-container\">\n\t\t\t<h2 class=\"elementor-heading-title elementor-size-default\">Informer et conseiller par le biais de Wild News<\/h2>\t\t<\/div>\n\t\t\t\t<\/div>\n\t\t\t\t<div class=\"elementor-element elementor-element-75a6bf94 elementor-widget elementor-widget-text-editor\" data-id=\"75a6bf94\" data-element_type=\"widget\" data-widget_type=\"text-editor.default\">\n\t\t\t\t<div class=\"elementor-widget-container\">\n\t\t\t\t\t\t\t<p>Notifiez en toute simplicit\u00e9. Nous offrons un canal de diffusion r\u00e9volutionnaire. Notre plateforme offre la meilleure technologie d'affichage disponible. Profitez de nos emplacements strat\u00e9giques dans votre ville pour informer efficacement.<\/p><p>La technologie holographique n'est pas un ph\u00e9nom\u00e8ne de mode. Selon plusieurs \u00e9tudes, les hologrammes attirent jusqu'\u00e0 10 fois plus d'attention que les autres images. En choisissant wild news pour vos villes, nous vous offrons un r\u00e9el avantage car vos contenus de pr\u00e9vention seront plus regard\u00e9s et suivis. Les publics que vous toucherez seront consid\u00e9rablement plus nombreux que ceux atteints par les moyens de communication traditionnels.<\/p>\t\t\t\t\t\t<\/div>\n\t\t\t\t<\/div>\n\t\t\t\t<div class=\"elementor-element elementor-element-3864cde6 elementor-tablet-align-right elementor-hidden-phone elementor-align-left elementor-widget elementor-widget-button\" data-id=\"3864cde6\" data-element_type=\"widget\" data-widget_type=\"button.default\">\n\t\t\t\t<div class=\"elementor-widget-container\">\n\t\t\t\t\t<div class=\"elementor-button-wrapper\">\n\t\t\t<a class=\"elementor-button elementor-button-link elementor-size-sm elementor-animation-grow\" href=\"https:\/\/wildnews.co\/fr\/3d-public-message-diffusion\/\">\n\t\t\t\t\t\t<span class=\"elementor-button-content-wrapper\">\n\t\t\t\t\t\t<span class=\"elementor-button-icon elementor-align-icon-left\">\n\t\t\t\t<i aria-hidden=\"true\" class=\"fas fa-arrow-circle-right\"><\/i>\t\t\t<\/span>\n\t\t\t\t\t\t<span class=\"elementor-button-text\">En savoir plus<\/span>\n\t\t<\/span>\n\t\t\t\t\t<\/a>\n\t\t<\/div>\n\t\t\t\t<\/div>\n\t\t\t\t<\/div>\n\t\t\t\t\t<\/div>\n\t\t<\/div>\n\t\t\t\t<div class=\"elementor-column elementor-col-50 elementor-top-column elementor-element elementor-element-654d2601\" data-id=\"654d2601\" data-element_type=\"column\">\n\t\t\t<div class=\"elementor-widget-wrap elementor-element-populated\">\n\t\t\t\t\t\t\t\t<div class=\"elementor-element elementor-element-b6a7ed7 elementor-widget elementor-widget-video\" data-id=\"b6a7ed7\" data-element_type=\"widget\" data-settings=\"{&quot;video_type&quot;:&quot;hosted&quot;,&quot;autoplay&quot;:&quot;yes&quot;,&quot;play_on_mobile&quot;:&quot;yes&quot;,&quot;loop&quot;:&quot;yes&quot;}\" data-widget_type=\"video.default\">\n\t\t\t\t<div class=\"elementor-widget-container\">\n\t\t\t\t\t<div class=\"e-hosted-video elementor-wrapper elementor-open-inline\">\n\t\t\t\t\t<video class=\"elementor-video\" src=\"https:\/\/wildnews.live\/wp-content\/uploads\/covid_sensibilisation.mp4\" autoplay=\"\" loop=\"\" playsinline=\"\" controlslist=\"nodownload\"><\/video>\n\t\t\t\t<\/div>\n\t\t\t\t<\/div>\n\t\t\t\t<\/div>\n\t\t\t\t\t<\/div>\n\t\t<\/div>\n\t\t\t\t\t\t\t<\/div>\n\t\t<\/section>\n\t\t\t\t<section class=\"elementor-section elementor-top-section elementor-element elementor-element-2c8d3d5d elementor-reverse-mobile elementor-section-boxed elementor-section-height-default elementor-section-height-default\" data-id=\"2c8d3d5d\" data-element_type=\"section\">\n\t\t\t\t\t\t<div class=\"elementor-container elementor-column-gap-default\">\n\t\t\t\t\t<div class=\"elementor-column elementor-col-100 elementor-top-column elementor-element elementor-element-6da7153b\" data-id=\"6da7153b\" data-element_type=\"column\">\n\t\t\t<div class=\"elementor-widget-wrap elementor-element-populated\">\n\t\t\t\t\t\t\t\t<div class=\"elementor-element elementor-element-553e4b7a elementor-hidden-phone elementor-widget elementor-widget-image\" data-id=\"553e4b7a\" data-element_type=\"widget\" data-widget_type=\"image.default\">\n\t\t\t\t<div class=\"elementor-widget-container\">\n\t\t\t\t\t\t\t\t\t\t\t\t\t\t\t<img loading=\"lazy\" decoding=\"async\" width=\"1200\" height=\"800\" src=\"https:\/\/wildnews.co\/wp-content\/uploads\/covid_signal_hologram-scaled-1.jpeg\" class=\"attachment-full size-full wp-image-9812\" alt=\"\" srcset=\"https:\/\/wildnews.co\/wp-content\/uploads\/covid_signal_hologram-scaled-1.jpeg 1200w, https:\/\/wildnews.co\/wp-content\/uploads\/covid_signal_hologram-scaled-1-300x200.jpeg 300w, https:\/\/wildnews.co\/wp-content\/uploads\/covid_signal_hologram-scaled-1-1024x683.jpeg 1024w, https:\/\/wildnews.co\/wp-content\/uploads\/covid_signal_hologram-scaled-1-768x512.jpeg 768w, https:\/\/wildnews.co\/wp-content\/uploads\/covid_signal_hologram-scaled-1-16x12.jpeg 16w\" sizes=\"auto, (max-width: 1200px) 100vw, 1200px\" \/>\t\t\t\t\t\t\t\t\t\t\t\t\t\t\t<\/div>\n\t\t\t\t<\/div>\n\t\t\t\t\t<\/div>\n\t\t<\/div>\n\t\t\t\t\t\t\t<\/div>\n\t\t<\/section>\n\t\t\t\t<section class=\"elementor-section elementor-top-section elementor-element elementor-element-3ec9e7d elementor-section-content-middle elementor-section-boxed elementor-section-height-default elementor-section-height-default\" data-id=\"3ec9e7d\" data-element_type=\"section\">\n\t\t\t\t\t\t<div class=\"elementor-container elementor-column-gap-no\">\n\t\t\t\t\t<div class=\"elementor-column elementor-col-100 elementor-top-column elementor-element elementor-element-1cd9049e elementor-invisible\" data-id=\"1cd9049e\" data-element_type=\"column\" data-settings=\"{&quot;animation&quot;:&quot;fadeIn&quot;}\">\n\t\t\t<div class=\"elementor-widget-wrap elementor-element-populated\">\n\t\t\t\t\t\t\t\t<div class=\"elementor-element elementor-element-566d16d8 elementor-widget__width-initial elementor-absolute elementor-hidden-phone elementor-widget elementor-widget-heading\" data-id=\"566d16d8\" data-element_type=\"widget\" data-settings=\"{&quot;_position&quot;:&quot;absolute&quot;}\" data-widget_type=\"heading.default\">\n\t\t\t\t<div class=\"elementor-widget-container\">\n\t\t\t<h4 class=\"elementor-heading-title elementor-size-default\">Devenez diffuseur de pr\u00e9vention\n<\/h4>\t\t<\/div>\n\t\t\t\t<\/div>\n\t\t\t\t<div class=\"elementor-element elementor-element-595b3be0 elementor-widget elementor-widget-text-editor\" data-id=\"595b3be0\" data-element_type=\"widget\" data-widget_type=\"text-editor.default\">\n\t\t\t\t<div class=\"elementor-widget-container\">\n\t\t\t\t\t\t\t<p>Remplissez le formulaire pour voir si devenir diffuseur chez Wild News Corp. vous convient et si vous r\u00e9pondez \u00e0 nos attentes.<\/p><p>Chez Wild News Corp., nous proposons un large \u00e9ventail de partenaires pour vous aider \u00e0 atteindre vos objectifs. Notre programme de partenariat mondial fournit aux partenaires de contenu des solutions d'affichage tr\u00e8s innovantes pour vous aider \u00e0 rendre vos campagnes de pr\u00e9vention plus efficaces. Nous sommes impatients de vous montrer comment Wild News Corp. peut aider vos m\u00e9dias de diffusion.<\/p>\t\t\t\t\t\t<\/div>\n\t\t\t\t<\/div>\n\t\t\t\t\t<\/div>\n\t\t<\/div>\n\t\t\t\t\t\t\t<\/div>\n\t\t<\/section>\n\t\t\t\t<section class=\"elementor-section elementor-top-section elementor-element elementor-element-19e90ede elementor-reverse-tablet elementor-reverse-mobile elementor-section-boxed elementor-section-height-default elementor-section-height-default\" data-id=\"19e90ede\" data-element_type=\"section\" data-settings=\"{&quot;background_background&quot;:&quot;classic&quot;}\">\n\t\t\t\t\t\t<div class=\"elementor-container elementor-column-gap-default\">\n\t\t\t\t\t<div class=\"elementor-column elementor-col-100 elementor-top-column elementor-element elementor-element-634dd1f5\" data-id=\"634dd1f5\" data-element_type=\"column\" data-settings=\"{&quot;background_background&quot;:&quot;classic&quot;,&quot;motion_fx_motion_fx_scrolling&quot;:&quot;yes&quot;,&quot;motion_fx_translateY_effect&quot;:&quot;yes&quot;,&quot;motion_fx_translateY_direction&quot;:&quot;negative&quot;,&quot;motion_fx_translateY_speed&quot;:{&quot;unit&quot;:&quot;px&quot;,&quot;size&quot;:&quot;1&quot;,&quot;sizes&quot;:[]},&quot;motion_fx_devices&quot;:[&quot;desktop&quot;,&quot;tablet&quot;],&quot;motion_fx_translateY_affectedRange&quot;:{&quot;unit&quot;:&quot;%&quot;,&quot;size&quot;:&quot;&quot;,&quot;sizes&quot;:{&quot;start&quot;:0,&quot;end&quot;:100}}}\">\n\t\t\t<div class=\"elementor-widget-wrap elementor-element-populated\">\n\t\t\t\t\t\t\t\t<div class=\"elementor-element elementor-element-4e14ca1 elementor-widget elementor-widget-menu-anchor\" data-id=\"4e14ca1\" data-element_type=\"widget\" data-widget_type=\"menu-anchor.default\">\n\t\t\t\t<div class=\"elementor-widget-container\">\n\t\t\t\t\t<div id=\"enrol\" class=\"elementor-menu-anchor\"><\/div>\n\t\t\t\t<\/div>\n\t\t\t\t<\/div>\n\t\t\t\t<div class=\"elementor-element elementor-element-404ff822 elementor-widget elementor-widget-heading\" data-id=\"404ff822\" data-element_type=\"widget\" data-widget_type=\"heading.default\">\n\t\t\t\t<div class=\"elementor-widget-container\">\n\t\t\t<h2 class=\"elementor-heading-title elementor-size-default\">remplir le formulaire <\/h2>\t\t<\/div>\n\t\t\t\t<\/div>\n\t\t\t\t<div class=\"elementor-element elementor-element-3ad12197 elementor-widget__width-initial elementor-absolute elementor-widget elementor-widget-image\" data-id=\"3ad12197\" data-element_type=\"widget\" data-settings=\"{&quot;_position&quot;:&quot;absolute&quot;}\" data-widget_type=\"image.default\">\n\t\t\t\t<div class=\"elementor-widget-container\">\n\t\t\t\t\t\t\t\t\t\t\t\t\t\t\t<img loading=\"lazy\" decoding=\"async\" width=\"86\" height=\"54\" src=\"https:\/\/wildnews.co\/wp-content\/uploads\/Capture-de\u0301cran-12020-10-10-a\u0300-00.09.06-2.png\" class=\"attachment-large size-large wp-image-566\" alt=\"\" srcset=\"https:\/\/wildnews.co\/wp-content\/uploads\/Capture-de\u0301cran-12020-10-10-a\u0300-00.09.06-2.png 86w, https:\/\/wildnews.co\/wp-content\/uploads\/Capture-de\u0301cran-12020-10-10-a\u0300-00.09.06-2-16x10.png 16w\" sizes=\"auto, (max-width: 86px) 100vw, 86px\" \/>\t\t\t\t\t\t\t\t\t\t\t\t\t\t\t<\/div>\n\t\t\t\t<\/div>\n\t\t\t\t<div class=\"elementor-element elementor-element-3dc09866 elementor-widget elementor-widget-shortcode\" data-id=\"3dc09866\" data-element_type=\"widget\" data-widget_type=\"shortcode.default\">\n\t\t\t\t<div class=\"elementor-widget-container\">\n\t\t\t\t\t<div class=\"elementor-shortcode\"><form id=\"forminator-module-575\" class=\"forminator-custom-form forminator-custom-form-575\" method=\"post\" data-forminator-render=\"0\" data-uid=\"69d442a7019ad\" action=\"\"><div role=\"alert\" aria-live=\"polite\" class=\"forminator-response-message forminator-error\" aria-hidden=\"true\"><\/div><input type=\"hidden\" name=\"trp-form-language\" value=\"fr\"\/><\/form><\/div>\n\t\t\t\t<\/div>\n\t\t\t\t<\/div>\n\t\t\t\t\t<\/div>\n\t\t<\/div>\n\t\t\t\t\t\t\t<\/div>\n\t\t<\/section>\n\t\t\t\t\t\t\t<\/div>","protected":false},"excerpt":{"rendered":"<p>become Administration diffuser Advise and inform through Wild News Notify with ease. We offer a Revolutionary Delivery Channel. Our platform provides the best display technology available. Take advantage of our strategic locations in your city to inform efficiently. Holographic technology is not a fad. According to several studies holograms attract up to 10 times more &#8230; <a title=\"Devenez diffuseur de pr\u00e9vention\" class=\"read-more\" href=\"https:\/\/wildnews.co\/fr\/contact-for-public-message-collaboration\/\" aria-label=\"En savoir plus sur Become Prevention Diffuser\">Lire la suite<\/a><\/p>","protected":false},"author":1,"featured_media":0,"parent":0,"menu_order":17,"comment_status":"closed","ping_status":"closed","template":"elementor_header_footer","meta":{"footnotes":""},"class_list":["post-9903","page","type-page","status-publish"],"_links":{"self":[{"href":"https:\/\/wildnews.co\/fr\/wp-json\/wp\/v2\/pages\/9903","targetHints":{"allow":["GET"]}}],"collection":[{"href":"https:\/\/wildnews.co\/fr\/wp-json\/wp\/v2\/pages"}],"about":[{"href":"https:\/\/wildnews.co\/fr\/wp-json\/wp\/v2\/types\/page"}],"author":[{"embeddable":true,"href":"https:\/\/wildnews.co\/fr\/wp-json\/wp\/v2\/users\/1"}],"replies":[{"embeddable":true,"href":"https:\/\/wildnews.co\/fr\/wp-json\/wp\/v2\/comments?post=9903"}],"version-history":[{"count":0,"href":"https:\/\/wildnews.co\/fr\/wp-json\/wp\/v2\/pages\/9903\/revisions"}],"wp:attachment":[{"href":"https:\/\/wildnews.co\/fr\/wp-json\/wp\/v2\/media?parent=9903"}],"curies":[{"name":"wp","href":"https:\/\/api.w.org\/{rel}","templated":true}]}}